{"id":5885,"date":"2025-04-19T18:09:22","date_gmt":"2025-04-19T16:09:22","guid":{"rendered":"https:\/\/lenidabijoux.fr\/?post_type=product&#038;p=5885"},"modified":"2025-04-19T18:09:22","modified_gmt":"2025-04-19T16:09:22","slug":"bo-puces-modele-eole-mariniere-et-or","status":"publish","type":"product","link":"https:\/\/lenidabijoux.fr\/index.php\/produit\/bo-puces-modele-eole-mariniere-et-or\/","title":{"rendered":"BO puces Mod\u00e8le Eole &#8211; Marini\u00e8re\/OR"},"content":{"rendered":"<p><em><strong>Boucles d\u2019oreilles puces MOD\u00c8LE EOLE \/ MOTIF MARINIERE et Or<\/strong><\/em><\/p>\n<p>Puces seules &#8211;&gt; Longueur : 10 Millim\u00e8tres ; Largeur: 10 Millim\u00e8tres<\/p>\n<p>Avec \u00e9ventail &#8211;&gt; Longueur : 15mm ; Largeur : 17mm<\/p>\n<p><strong>Mat\u00e9riaux :<\/strong> Acier inoxydable, Laiton dor\u00e9, Papier, R\u00e9sine.<br \/>\n<strong>Fermeture<\/strong><strong>\u00a0:<\/strong>\u00a0Poussoir<\/p>\n<p><strong>+ produit :<\/strong> Boucles d\u2019oreilles 2 en 1. A porter avec ou sans l\u2019\u00e9ventail.<\/p>\n<p>Bague, bracelet, collier assortis ou autres motifs disponibles.<\/p>\n<p>***Garanties sans nickel, sans plomb et sans cadmium conform\u00e9ment aux normes europ\u00e9ennes***<\/p>\n","protected":false},"excerpt":{"rendered":"<p>Boucles d\u2019oreilles fabriqu\u00e9es \u00e0 la main, compos\u00e9es d\u2019une pastille de papier r\u00e9sin\u00e9 mont\u00e9e sur une attache clous acier inoxydable et orn\u00e9e d\u2019un \u00e9ventail en laiton dor\u00e9.<\/p>\n<p>D\u00e9couvrez notre collection marini\u00e8re ! Un motif alliant \u00e9l\u00e9gance intemporelle et chic \u00e0 la fran\u00e7aise.<\/p>\n<p>&nbsp;<\/p>\n","protected":false},"featured_media":5963,"comment_status":"open","ping_status":"closed","template":"","meta":{"om_disable_all_campaigns":false,"_monsterinsights_skip_tracking":false,"_monsterinsights_sitenote_active":false,"_monsterinsights_sitenote_note":"","_monsterinsights_sitenote_category":0},"product_brand":[],"product_cat":[128,72,80],"product_tag":[],"class_list":{"0":"post-5885","1":"product","2":"type-product","3":"status-publish","4":"has-post-thumbnail","6":"product_cat-collection-mariniere","7":"product_cat-bo","8":"product_cat-boclouspuces","10":"first","11":"instock","12":"shipping-taxable","13":"purchasable","14":"product-type-simple"},"yoast_head":"<!-- This site is optimized with the Yoast SEO plugin v26.6 - https:\/\/yoast.com\/wordpress\/plugins\/seo\/ -->\n<title>BO puces Mod\u00e8le Eole - Marini\u00e8re\/OR - Le Nid \u00e0 Bijoux<\/title>\n<meta name=\"description\" content=\"D\u00e9couvrez notre mod\u00e8le de bo puces Eole collection marini\u00e8re et or ! Un motif alliant \u00e9l\u00e9gance intemporelle et chic \u00e0 la Fran\u00e7aise.\" \/>\n<meta name=\"robots\" content=\"index, follow, max-snippet:-1, max-image-preview:large, max-video-preview:-1\" \/>\n<link rel=\"canonical\" href=\"https:\/\/lenidabijoux.fr\/index.php\/produit\/bo-puces-modele-eole-mariniere-et-or\/\" \/>\n<meta property=\"og:locale\" content=\"fr_FR\" \/>\n<meta property=\"og:type\" content=\"article\" \/>\n<meta property=\"og:title\" content=\"BO puces Mod\u00e8le Eole - Marini\u00e8re\/OR - Le Nid \u00e0 Bijoux\" \/>\n<meta property=\"og:description\" content=\"D\u00e9couvrez notre mod\u00e8le de bo puces Eole collection marini\u00e8re et or ! Un motif alliant \u00e9l\u00e9gance intemporelle et chic \u00e0 la Fran\u00e7aise.\" \/>\n<meta property=\"og:url\" content=\"https:\/\/lenidabijoux.fr\/index.php\/produit\/bo-puces-modele-eole-mariniere-et-or\/\" \/>\n<meta property=\"og:site_name\" content=\"Le Nid \u00e0 Bijoux\" \/>\n<meta property=\"article:publisher\" content=\"https:\/\/www.facebook.com\/lenidabijoux\/\" \/>\n<meta property=\"og:image\" content=\"https:\/\/lenidabijoux.fr\/wp-content\/uploads\/2025\/04\/20250416_163909-scaled.jpg\" \/>\n\t<meta property=\"og:image:width\" content=\"2560\" \/>\n\t<meta property=\"og:image:height\" content=\"2560\" \/>\n\t<meta property=\"og:image:type\" content=\"image\/jpeg\" \/>\n<meta name=\"twitter:card\" content=\"summary_large_image\" \/>\n<meta name=\"twitter:label1\" content=\"Dur\u00e9e de lecture estim\u00e9e\" \/>\n\t<meta name=\"twitter:data1\" content=\"1 minute\" \/>\n<script type=\"application\/ld+json\" class=\"yoast-schema-graph\">{\"@context\":\"https:\/\/schema.org\",\"@graph\":[{\"@type\":\"WebPage\",\"@id\":\"https:\/\/lenidabijoux.fr\/index.php\/produit\/bo-puces-modele-eole-mariniere-et-or\/\",\"url\":\"https:\/\/lenidabijoux.fr\/index.php\/produit\/bo-puces-modele-eole-mariniere-et-or\/\",\"name\":\"BO puces Mod\u00e8le Eole - Marini\u00e8re\/OR - Le Nid \u00e0 Bijoux\",\"isPartOf\":{\"@id\":\"https:\/\/lenidabijoux.fr\/#website\"},\"primaryImageOfPage\":{\"@id\":\"https:\/\/lenidabijoux.fr\/index.php\/produit\/bo-puces-modele-eole-mariniere-et-or\/#primaryimage\"},\"image\":{\"@id\":\"https:\/\/lenidabijoux.fr\/index.php\/produit\/bo-puces-modele-eole-mariniere-et-or\/#primaryimage\"},\"thumbnailUrl\":\"https:\/\/lenidabijoux.fr\/wp-content\/uploads\/2025\/04\/20250416_163909-scaled.jpg\",\"datePublished\":\"2025-04-19T16:09:22+00:00\",\"description\":\"D\u00e9couvrez notre mod\u00e8le de bo puces Eole collection marini\u00e8re et or ! Un motif alliant \u00e9l\u00e9gance intemporelle et chic \u00e0 la Fran\u00e7aise.\",\"breadcrumb\":{\"@id\":\"https:\/\/lenidabijoux.fr\/index.php\/produit\/bo-puces-modele-eole-mariniere-et-or\/#breadcrumb\"},\"inLanguage\":\"fr-FR\",\"potentialAction\":[{\"@type\":\"ReadAction\",\"target\":[\"https:\/\/lenidabijoux.fr\/index.php\/produit\/bo-puces-modele-eole-mariniere-et-or\/\"]}]},{\"@type\":\"ImageObject\",\"inLanguage\":\"fr-FR\",\"@id\":\"https:\/\/lenidabijoux.fr\/index.php\/produit\/bo-puces-modele-eole-mariniere-et-or\/#primaryimage\",\"url\":\"https:\/\/lenidabijoux.fr\/wp-content\/uploads\/2025\/04\/20250416_163909-scaled.jpg\",\"contentUrl\":\"https:\/\/lenidabijoux.fr\/wp-content\/uploads\/2025\/04\/20250416_163909-scaled.jpg\",\"width\":2560,\"height\":2560},{\"@type\":\"BreadcrumbList\",\"@id\":\"https:\/\/lenidabijoux.fr\/index.php\/produit\/bo-puces-modele-eole-mariniere-et-or\/#breadcrumb\",\"itemListElement\":[{\"@type\":\"ListItem\",\"position\":1,\"name\":\"Accueil\",\"item\":\"https:\/\/lenidabijoux.fr\/\"},{\"@type\":\"ListItem\",\"position\":2,\"name\":\"Boutique\",\"item\":\"https:\/\/lenidabijoux.fr\/index.php\/boutique-2\/\"},{\"@type\":\"ListItem\",\"position\":3,\"name\":\"BO puces Mod\u00e8le Eole &#8211; Marini\u00e8re\/OR\"}]},{\"@type\":\"WebSite\",\"@id\":\"https:\/\/lenidabijoux.fr\/#website\",\"url\":\"https:\/\/lenidabijoux.fr\/\",\"name\":\"Le Nid \u00e0 Bijoux\",\"description\":\"Trouvez le bijou qui vous ressemble !\",\"publisher\":{\"@id\":\"https:\/\/lenidabijoux.fr\/#organization\"},\"potentialAction\":[{\"@type\":\"SearchAction\",\"target\":{\"@type\":\"EntryPoint\",\"urlTemplate\":\"https:\/\/lenidabijoux.fr\/?s={search_term_string}\"},\"query-input\":{\"@type\":\"PropertyValueSpecification\",\"valueRequired\":true,\"valueName\":\"search_term_string\"}}],\"inLanguage\":\"fr-FR\"},{\"@type\":\"Organization\",\"@id\":\"https:\/\/lenidabijoux.fr\/#organization\",\"name\":\"Le Nid \u00e0 Bijoux\",\"url\":\"https:\/\/lenidabijoux.fr\/\",\"logo\":{\"@type\":\"ImageObject\",\"inLanguage\":\"fr-FR\",\"@id\":\"https:\/\/lenidabijoux.fr\/#\/schema\/logo\/image\/\",\"url\":\"https:\/\/lenidabijoux.fr\/wp-content\/uploads\/2022\/07\/logo-1.png\",\"contentUrl\":\"https:\/\/lenidabijoux.fr\/wp-content\/uploads\/2022\/07\/logo-1.png\",\"width\":3508,\"height\":2480,\"caption\":\"Le Nid \u00e0 Bijoux\"},\"image\":{\"@id\":\"https:\/\/lenidabijoux.fr\/#\/schema\/logo\/image\/\"},\"sameAs\":[\"https:\/\/www.facebook.com\/lenidabijoux\/\",\"https:\/\/www.instagram.com\/lenidabijoux\/\",\"https:\/\/www.pinterest.fr\/LeNidABijoux\/\"]}]}<\/script>\n<!-- \/ Yoast SEO plugin. -->","yoast_head_json":{"title":"BO puces Mod\u00e8le Eole - Marini\u00e8re\/OR - Le Nid \u00e0 Bijoux","description":"D\u00e9couvrez notre mod\u00e8le de bo puces Eole collection marini\u00e8re et or ! Un motif alliant \u00e9l\u00e9gance intemporelle et chic \u00e0 la Fran\u00e7aise.","robots":{"index":"index","follow":"follow","max-snippet":"max-snippet:-1","max-image-preview":"max-image-preview:large","max-video-preview":"max-video-preview:-1"},"canonical":"https:\/\/lenidabijoux.fr\/index.php\/produit\/bo-puces-modele-eole-mariniere-et-or\/","og_locale":"fr_FR","og_type":"article","og_title":"BO puces Mod\u00e8le Eole - Marini\u00e8re\/OR - Le Nid \u00e0 Bijoux","og_description":"D\u00e9couvrez notre mod\u00e8le de bo puces Eole collection marini\u00e8re et or ! Un motif alliant \u00e9l\u00e9gance intemporelle et chic \u00e0 la Fran\u00e7aise.","og_url":"https:\/\/lenidabijoux.fr\/index.php\/produit\/bo-puces-modele-eole-mariniere-et-or\/","og_site_name":"Le Nid \u00e0 Bijoux","article_publisher":"https:\/\/www.facebook.com\/lenidabijoux\/","og_image":[{"width":2560,"height":2560,"url":"https:\/\/lenidabijoux.fr\/wp-content\/uploads\/2025\/04\/20250416_163909-scaled.jpg","type":"image\/jpeg"}],"twitter_card":"summary_large_image","twitter_misc":{"Dur\u00e9e de lecture estim\u00e9e":"1 minute"},"schema":{"@context":"https:\/\/schema.org","@graph":[{"@type":"WebPage","@id":"https:\/\/lenidabijoux.fr\/index.php\/produit\/bo-puces-modele-eole-mariniere-et-or\/","url":"https:\/\/lenidabijoux.fr\/index.php\/produit\/bo-puces-modele-eole-mariniere-et-or\/","name":"BO puces Mod\u00e8le Eole - Marini\u00e8re\/OR - Le Nid \u00e0 Bijoux","isPartOf":{"@id":"https:\/\/lenidabijoux.fr\/#website"},"primaryImageOfPage":{"@id":"https:\/\/lenidabijoux.fr\/index.php\/produit\/bo-puces-modele-eole-mariniere-et-or\/#primaryimage"},"image":{"@id":"https:\/\/lenidabijoux.fr\/index.php\/produit\/bo-puces-modele-eole-mariniere-et-or\/#primaryimage"},"thumbnailUrl":"https:\/\/lenidabijoux.fr\/wp-content\/uploads\/2025\/04\/20250416_163909-scaled.jpg","datePublished":"2025-04-19T16:09:22+00:00","description":"D\u00e9couvrez notre mod\u00e8le de bo puces Eole collection marini\u00e8re et or ! Un motif alliant \u00e9l\u00e9gance intemporelle et chic \u00e0 la Fran\u00e7aise.","breadcrumb":{"@id":"https:\/\/lenidabijoux.fr\/index.php\/produit\/bo-puces-modele-eole-mariniere-et-or\/#breadcrumb"},"inLanguage":"fr-FR","potentialAction":[{"@type":"ReadAction","target":["https:\/\/lenidabijoux.fr\/index.php\/produit\/bo-puces-modele-eole-mariniere-et-or\/"]}]},{"@type":"ImageObject","inLanguage":"fr-FR","@id":"https:\/\/lenidabijoux.fr\/index.php\/produit\/bo-puces-modele-eole-mariniere-et-or\/#primaryimage","url":"https:\/\/lenidabijoux.fr\/wp-content\/uploads\/2025\/04\/20250416_163909-scaled.jpg","contentUrl":"https:\/\/lenidabijoux.fr\/wp-content\/uploads\/2025\/04\/20250416_163909-scaled.jpg","width":2560,"height":2560},{"@type":"BreadcrumbList","@id":"https:\/\/lenidabijoux.fr\/index.php\/produit\/bo-puces-modele-eole-mariniere-et-or\/#breadcrumb","itemListElement":[{"@type":"ListItem","position":1,"name":"Accueil","item":"https:\/\/lenidabijoux.fr\/"},{"@type":"ListItem","position":2,"name":"Boutique","item":"https:\/\/lenidabijoux.fr\/index.php\/boutique-2\/"},{"@type":"ListItem","position":3,"name":"BO puces Mod\u00e8le Eole &#8211; Marini\u00e8re\/OR"}]},{"@type":"WebSite","@id":"https:\/\/lenidabijoux.fr\/#website","url":"https:\/\/lenidabijoux.fr\/","name":"Le Nid \u00e0 Bijoux","description":"Trouvez le bijou qui vous ressemble !","publisher":{"@id":"https:\/\/lenidabijoux.fr\/#organization"},"potentialAction":[{"@type":"SearchAction","target":{"@type":"EntryPoint","urlTemplate":"https:\/\/lenidabijoux.fr\/?s={search_term_string}"},"query-input":{"@type":"PropertyValueSpecification","valueRequired":true,"valueName":"search_term_string"}}],"inLanguage":"fr-FR"},{"@type":"Organization","@id":"https:\/\/lenidabijoux.fr\/#organization","name":"Le Nid \u00e0 Bijoux","url":"https:\/\/lenidabijoux.fr\/","logo":{"@type":"ImageObject","inLanguage":"fr-FR","@id":"https:\/\/lenidabijoux.fr\/#\/schema\/logo\/image\/","url":"https:\/\/lenidabijoux.fr\/wp-content\/uploads\/2022\/07\/logo-1.png","contentUrl":"https:\/\/lenidabijoux.fr\/wp-content\/uploads\/2022\/07\/logo-1.png","width":3508,"height":2480,"caption":"Le Nid \u00e0 Bijoux"},"image":{"@id":"https:\/\/lenidabijoux.fr\/#\/schema\/logo\/image\/"},"sameAs":["https:\/\/www.facebook.com\/lenidabijoux\/","https:\/\/www.instagram.com\/lenidabijoux\/","https:\/\/www.pinterest.fr\/LeNidABijoux\/"]}]}},"jetpack_sharing_enabled":true,"_links":{"self":[{"href":"https:\/\/lenidabijoux.fr\/index.php\/wp-json\/wp\/v2\/product\/5885","targetHints":{"allow":["GET"]}}],"collection":[{"href":"https:\/\/lenidabijoux.fr\/index.php\/wp-json\/wp\/v2\/product"}],"about":[{"href":"https:\/\/lenidabijoux.fr\/index.php\/wp-json\/wp\/v2\/types\/product"}],"replies":[{"embeddable":true,"href":"https:\/\/lenidabijoux.fr\/index.php\/wp-json\/wp\/v2\/comments?post=5885"}],"wp:featuredmedia":[{"embeddable":true,"href":"https:\/\/lenidabijoux.fr\/index.php\/wp-json\/wp\/v2\/media\/5963"}],"wp:attachment":[{"href":"https:\/\/lenidabijoux.fr\/index.php\/wp-json\/wp\/v2\/media?parent=5885"}],"wp:term":[{"taxonomy":"product_brand","embeddable":true,"href":"https:\/\/lenidabijoux.fr\/index.php\/wp-json\/wp\/v2\/product_brand?post=5885"},{"taxonomy":"product_cat","embeddable":true,"href":"https:\/\/lenidabijoux.fr\/index.php\/wp-json\/wp\/v2\/product_cat?post=5885"},{"taxonomy":"product_tag","embeddable":true,"href":"https:\/\/lenidabijoux.fr\/index.php\/wp-json\/wp\/v2\/product_tag?post=5885"}],"curies":[{"name":"wp","href":"https:\/\/api.w.org\/{rel}","templated":true}]}}