{"id":5291,"date":"2024-05-23T19:37:22","date_gmt":"2024-05-23T17:37:22","guid":{"rendered":"https:\/\/lenidabijoux.fr\/?post_type=product&#038;p=5291"},"modified":"2024-05-23T19:37:22","modified_gmt":"2024-05-23T17:37:22","slug":"collier-modele-flora-collection-diamond","status":"publish","type":"product","link":"https:\/\/lenidabijoux.fr\/index.php\/produit\/collier-modele-flora-collection-diamond\/","title":{"rendered":"Collier mod\u00e8le Flora &#8211; Collection Diamond"},"content":{"rendered":"<p><em><strong>Collier MOD\u00c8LE FLORA \/ COLLECTION Diamond<\/strong><\/em><\/p>\n<p>Dimension de la pastille de r\u00e9sine : 2X2 centim\u00e8tres.<\/p>\n<p><strong>Mat\u00e9riaux :<\/strong> Acier inoxydable, Papier (motif, uni et paillet\u00e9), Peinture Acrylique, R\u00e9sine \u00e9poxy.<br \/>\n<strong>Fermeture<\/strong><strong>\u00a0:<\/strong>\u00a0Mousqueton<\/p>\n<p><strong>+ Produit<\/strong> : Ajustable gr\u00e2ce \u00e0 sa cha\u00eenette d\u2019extension.<\/p>\n<p>***Garantie sans nickel, sans plomb et sans cadmium conform\u00e9ment aux normes europ\u00e9ennes***<\/p>\n<p><em>A noter : De l\u00e9g\u00e8res variations du motif sont possibles par rapport \u00e0 la photo. Chaque bijou est unique en fonction de la d\u00e9coupe du papier.<\/em><\/p>\n<p>Bracelet, boucles d&rsquo;oreilles assortis et autres motifs disponibles.<\/p>\n","protected":false},"excerpt":{"rendered":"<p>Collier fabriqu\u00e9 \u00e0 la main compos\u00e9 d\u2019une pastille de papier r\u00e9sin\u00e9 (motif + uni + paillet\u00e9 argent). Pendentif mont\u00e9 sur une cha\u00eene en acier inoxydable.<\/p>\n<p>Pastille de r\u00e9sine r\u00e9alis\u00e9e par mes soins avec une r\u00e9sine \u00e9poxy apportant finesse, brillance et l\u00e9g\u00e8ret\u00e9. Motif papier r\u00e9sin\u00e9 des deux c\u00f4t\u00e9s (dos uni).<\/p>\n<p>Motif noir et blanc, indispensable de votre garde-robe ! A associer \u00e0 vos plus belles tenues.<\/p>\n<p>&nbsp;<\/p>\n","protected":false},"featured_media":5403,"comment_status":"open","ping_status":"closed","template":"","meta":{"om_disable_all_campaigns":false,"_monsterinsights_skip_tracking":false,"_monsterinsights_sitenote_active":false,"_monsterinsights_sitenote_note":"","_monsterinsights_sitenote_category":0},"product_brand":[],"product_cat":[124,77],"product_tag":[],"class_list":{"0":"post-5291","1":"product","2":"type-product","3":"status-publish","4":"has-post-thumbnail","6":"product_cat-collection-diamond","7":"product_cat-colliersstdrd","9":"first","10":"instock","11":"shipping-taxable","12":"purchasable","13":"product-type-simple"},"yoast_head":"<!-- This site is optimized with the Yoast SEO plugin v26.6 - https:\/\/yoast.com\/wordpress\/plugins\/seo\/ -->\n<title>Collier mod\u00e8le Flora - Collection Diamond - Le Nid \u00e0 Bijoux<\/title>\n<meta name=\"description\" content=\"Collier mod\u00e8le Flora, collection Diamond. Motif noir et blanc, indispensable de votre garde-robe ! A associer \u00e0 vos plus belles tenues.\" \/>\n<meta name=\"robots\" content=\"index, follow, max-snippet:-1, max-image-preview:large, max-video-preview:-1\" \/>\n<link rel=\"canonical\" href=\"https:\/\/lenidabijoux.fr\/index.php\/produit\/collier-modele-flora-collection-diamond\/\" \/>\n<meta property=\"og:locale\" content=\"fr_FR\" \/>\n<meta property=\"og:type\" content=\"article\" \/>\n<meta property=\"og:title\" content=\"Collier mod\u00e8le Flora - Collection Diamond - Le Nid \u00e0 Bijoux\" \/>\n<meta property=\"og:description\" content=\"Collier mod\u00e8le Flora, collection Diamond. Motif noir et blanc, indispensable de votre garde-robe ! A associer \u00e0 vos plus belles tenues.\" \/>\n<meta property=\"og:url\" content=\"https:\/\/lenidabijoux.fr\/index.php\/produit\/collier-modele-flora-collection-diamond\/\" \/>\n<meta property=\"og:site_name\" content=\"Le Nid \u00e0 Bijoux\" \/>\n<meta property=\"article:publisher\" content=\"https:\/\/www.facebook.com\/lenidabijoux\/\" \/>\n<meta property=\"og:image\" content=\"https:\/\/lenidabijoux.fr\/wp-content\/uploads\/2024\/05\/20240521_153410-scaled.jpg\" \/>\n\t<meta property=\"og:image:width\" content=\"2560\" \/>\n\t<meta property=\"og:image:height\" content=\"2560\" \/>\n\t<meta property=\"og:image:type\" content=\"image\/jpeg\" \/>\n<meta name=\"twitter:card\" content=\"summary_large_image\" \/>\n<meta name=\"twitter:label1\" content=\"Dur\u00e9e de lecture estim\u00e9e\" \/>\n\t<meta name=\"twitter:data1\" content=\"1 minute\" \/>\n<script type=\"application\/ld+json\" class=\"yoast-schema-graph\">{\"@context\":\"https:\/\/schema.org\",\"@graph\":[{\"@type\":\"WebPage\",\"@id\":\"https:\/\/lenidabijoux.fr\/index.php\/produit\/collier-modele-flora-collection-diamond\/\",\"url\":\"https:\/\/lenidabijoux.fr\/index.php\/produit\/collier-modele-flora-collection-diamond\/\",\"name\":\"Collier mod\u00e8le Flora - Collection Diamond - Le Nid \u00e0 Bijoux\",\"isPartOf\":{\"@id\":\"https:\/\/lenidabijoux.fr\/#website\"},\"primaryImageOfPage\":{\"@id\":\"https:\/\/lenidabijoux.fr\/index.php\/produit\/collier-modele-flora-collection-diamond\/#primaryimage\"},\"image\":{\"@id\":\"https:\/\/lenidabijoux.fr\/index.php\/produit\/collier-modele-flora-collection-diamond\/#primaryimage\"},\"thumbnailUrl\":\"https:\/\/lenidabijoux.fr\/wp-content\/uploads\/2024\/05\/20240521_153410-scaled.jpg\",\"datePublished\":\"2024-05-23T17:37:22+00:00\",\"description\":\"Collier mod\u00e8le Flora, collection Diamond. Motif noir et blanc, indispensable de votre garde-robe ! A associer \u00e0 vos plus belles tenues.\",\"breadcrumb\":{\"@id\":\"https:\/\/lenidabijoux.fr\/index.php\/produit\/collier-modele-flora-collection-diamond\/#breadcrumb\"},\"inLanguage\":\"fr-FR\",\"potentialAction\":[{\"@type\":\"ReadAction\",\"target\":[\"https:\/\/lenidabijoux.fr\/index.php\/produit\/collier-modele-flora-collection-diamond\/\"]}]},{\"@type\":\"ImageObject\",\"inLanguage\":\"fr-FR\",\"@id\":\"https:\/\/lenidabijoux.fr\/index.php\/produit\/collier-modele-flora-collection-diamond\/#primaryimage\",\"url\":\"https:\/\/lenidabijoux.fr\/wp-content\/uploads\/2024\/05\/20240521_153410-scaled.jpg\",\"contentUrl\":\"https:\/\/lenidabijoux.fr\/wp-content\/uploads\/2024\/05\/20240521_153410-scaled.jpg\",\"width\":2560,\"height\":2560},{\"@type\":\"BreadcrumbList\",\"@id\":\"https:\/\/lenidabijoux.fr\/index.php\/produit\/collier-modele-flora-collection-diamond\/#breadcrumb\",\"itemListElement\":[{\"@type\":\"ListItem\",\"position\":1,\"name\":\"Accueil\",\"item\":\"https:\/\/lenidabijoux.fr\/\"},{\"@type\":\"ListItem\",\"position\":2,\"name\":\"Boutique\",\"item\":\"https:\/\/lenidabijoux.fr\/index.php\/boutique-2\/\"},{\"@type\":\"ListItem\",\"position\":3,\"name\":\"Collier mod\u00e8le Flora &#8211; Collection Diamond\"}]},{\"@type\":\"WebSite\",\"@id\":\"https:\/\/lenidabijoux.fr\/#website\",\"url\":\"https:\/\/lenidabijoux.fr\/\",\"name\":\"Le Nid \u00e0 Bijoux\",\"description\":\"Trouvez le bijou qui vous ressemble !\",\"publisher\":{\"@id\":\"https:\/\/lenidabijoux.fr\/#organization\"},\"potentialAction\":[{\"@type\":\"SearchAction\",\"target\":{\"@type\":\"EntryPoint\",\"urlTemplate\":\"https:\/\/lenidabijoux.fr\/?s={search_term_string}\"},\"query-input\":{\"@type\":\"PropertyValueSpecification\",\"valueRequired\":true,\"valueName\":\"search_term_string\"}}],\"inLanguage\":\"fr-FR\"},{\"@type\":\"Organization\",\"@id\":\"https:\/\/lenidabijoux.fr\/#organization\",\"name\":\"Le Nid \u00e0 Bijoux\",\"url\":\"https:\/\/lenidabijoux.fr\/\",\"logo\":{\"@type\":\"ImageObject\",\"inLanguage\":\"fr-FR\",\"@id\":\"https:\/\/lenidabijoux.fr\/#\/schema\/logo\/image\/\",\"url\":\"https:\/\/lenidabijoux.fr\/wp-content\/uploads\/2022\/07\/logo-1.png\",\"contentUrl\":\"https:\/\/lenidabijoux.fr\/wp-content\/uploads\/2022\/07\/logo-1.png\",\"width\":3508,\"height\":2480,\"caption\":\"Le Nid \u00e0 Bijoux\"},\"image\":{\"@id\":\"https:\/\/lenidabijoux.fr\/#\/schema\/logo\/image\/\"},\"sameAs\":[\"https:\/\/www.facebook.com\/lenidabijoux\/\",\"https:\/\/www.instagram.com\/lenidabijoux\/\",\"https:\/\/www.pinterest.fr\/LeNidABijoux\/\"]}]}<\/script>\n<!-- \/ Yoast SEO plugin. -->","yoast_head_json":{"title":"Collier mod\u00e8le Flora - Collection Diamond - Le Nid \u00e0 Bijoux","description":"Collier mod\u00e8le Flora, collection Diamond. Motif noir et blanc, indispensable de votre garde-robe ! A associer \u00e0 vos plus belles tenues.","robots":{"index":"index","follow":"follow","max-snippet":"max-snippet:-1","max-image-preview":"max-image-preview:large","max-video-preview":"max-video-preview:-1"},"canonical":"https:\/\/lenidabijoux.fr\/index.php\/produit\/collier-modele-flora-collection-diamond\/","og_locale":"fr_FR","og_type":"article","og_title":"Collier mod\u00e8le Flora - Collection Diamond - Le Nid \u00e0 Bijoux","og_description":"Collier mod\u00e8le Flora, collection Diamond. Motif noir et blanc, indispensable de votre garde-robe ! A associer \u00e0 vos plus belles tenues.","og_url":"https:\/\/lenidabijoux.fr\/index.php\/produit\/collier-modele-flora-collection-diamond\/","og_site_name":"Le Nid \u00e0 Bijoux","article_publisher":"https:\/\/www.facebook.com\/lenidabijoux\/","og_image":[{"width":2560,"height":2560,"url":"https:\/\/lenidabijoux.fr\/wp-content\/uploads\/2024\/05\/20240521_153410-scaled.jpg","type":"image\/jpeg"}],"twitter_card":"summary_large_image","twitter_misc":{"Dur\u00e9e de lecture estim\u00e9e":"1 minute"},"schema":{"@context":"https:\/\/schema.org","@graph":[{"@type":"WebPage","@id":"https:\/\/lenidabijoux.fr\/index.php\/produit\/collier-modele-flora-collection-diamond\/","url":"https:\/\/lenidabijoux.fr\/index.php\/produit\/collier-modele-flora-collection-diamond\/","name":"Collier mod\u00e8le Flora - Collection Diamond - Le Nid \u00e0 Bijoux","isPartOf":{"@id":"https:\/\/lenidabijoux.fr\/#website"},"primaryImageOfPage":{"@id":"https:\/\/lenidabijoux.fr\/index.php\/produit\/collier-modele-flora-collection-diamond\/#primaryimage"},"image":{"@id":"https:\/\/lenidabijoux.fr\/index.php\/produit\/collier-modele-flora-collection-diamond\/#primaryimage"},"thumbnailUrl":"https:\/\/lenidabijoux.fr\/wp-content\/uploads\/2024\/05\/20240521_153410-scaled.jpg","datePublished":"2024-05-23T17:37:22+00:00","description":"Collier mod\u00e8le Flora, collection Diamond. Motif noir et blanc, indispensable de votre garde-robe ! A associer \u00e0 vos plus belles tenues.","breadcrumb":{"@id":"https:\/\/lenidabijoux.fr\/index.php\/produit\/collier-modele-flora-collection-diamond\/#breadcrumb"},"inLanguage":"fr-FR","potentialAction":[{"@type":"ReadAction","target":["https:\/\/lenidabijoux.fr\/index.php\/produit\/collier-modele-flora-collection-diamond\/"]}]},{"@type":"ImageObject","inLanguage":"fr-FR","@id":"https:\/\/lenidabijoux.fr\/index.php\/produit\/collier-modele-flora-collection-diamond\/#primaryimage","url":"https:\/\/lenidabijoux.fr\/wp-content\/uploads\/2024\/05\/20240521_153410-scaled.jpg","contentUrl":"https:\/\/lenidabijoux.fr\/wp-content\/uploads\/2024\/05\/20240521_153410-scaled.jpg","width":2560,"height":2560},{"@type":"BreadcrumbList","@id":"https:\/\/lenidabijoux.fr\/index.php\/produit\/collier-modele-flora-collection-diamond\/#breadcrumb","itemListElement":[{"@type":"ListItem","position":1,"name":"Accueil","item":"https:\/\/lenidabijoux.fr\/"},{"@type":"ListItem","position":2,"name":"Boutique","item":"https:\/\/lenidabijoux.fr\/index.php\/boutique-2\/"},{"@type":"ListItem","position":3,"name":"Collier mod\u00e8le Flora &#8211; Collection Diamond"}]},{"@type":"WebSite","@id":"https:\/\/lenidabijoux.fr\/#website","url":"https:\/\/lenidabijoux.fr\/","name":"Le Nid \u00e0 Bijoux","description":"Trouvez le bijou qui vous ressemble !","publisher":{"@id":"https:\/\/lenidabijoux.fr\/#organization"},"potentialAction":[{"@type":"SearchAction","target":{"@type":"EntryPoint","urlTemplate":"https:\/\/lenidabijoux.fr\/?s={search_term_string}"},"query-input":{"@type":"PropertyValueSpecification","valueRequired":true,"valueName":"search_term_string"}}],"inLanguage":"fr-FR"},{"@type":"Organization","@id":"https:\/\/lenidabijoux.fr\/#organization","name":"Le Nid \u00e0 Bijoux","url":"https:\/\/lenidabijoux.fr\/","logo":{"@type":"ImageObject","inLanguage":"fr-FR","@id":"https:\/\/lenidabijoux.fr\/#\/schema\/logo\/image\/","url":"https:\/\/lenidabijoux.fr\/wp-content\/uploads\/2022\/07\/logo-1.png","contentUrl":"https:\/\/lenidabijoux.fr\/wp-content\/uploads\/2022\/07\/logo-1.png","width":3508,"height":2480,"caption":"Le Nid \u00e0 Bijoux"},"image":{"@id":"https:\/\/lenidabijoux.fr\/#\/schema\/logo\/image\/"},"sameAs":["https:\/\/www.facebook.com\/lenidabijoux\/","https:\/\/www.instagram.com\/lenidabijoux\/","https:\/\/www.pinterest.fr\/LeNidABijoux\/"]}]}},"jetpack_sharing_enabled":true,"_links":{"self":[{"href":"https:\/\/lenidabijoux.fr\/index.php\/wp-json\/wp\/v2\/product\/5291","targetHints":{"allow":["GET"]}}],"collection":[{"href":"https:\/\/lenidabijoux.fr\/index.php\/wp-json\/wp\/v2\/product"}],"about":[{"href":"https:\/\/lenidabijoux.fr\/index.php\/wp-json\/wp\/v2\/types\/product"}],"replies":[{"embeddable":true,"href":"https:\/\/lenidabijoux.fr\/index.php\/wp-json\/wp\/v2\/comments?post=5291"}],"wp:featuredmedia":[{"embeddable":true,"href":"https:\/\/lenidabijoux.fr\/index.php\/wp-json\/wp\/v2\/media\/5403"}],"wp:attachment":[{"href":"https:\/\/lenidabijoux.fr\/index.php\/wp-json\/wp\/v2\/media?parent=5291"}],"wp:term":[{"taxonomy":"product_brand","embeddable":true,"href":"https:\/\/lenidabijoux.fr\/index.php\/wp-json\/wp\/v2\/product_brand?post=5291"},{"taxonomy":"product_cat","embeddable":true,"href":"https:\/\/lenidabijoux.fr\/index.php\/wp-json\/wp\/v2\/product_cat?post=5291"},{"taxonomy":"product_tag","embeddable":true,"href":"https:\/\/lenidabijoux.fr\/index.php\/wp-json\/wp\/v2\/product_tag?post=5291"}],"curies":[{"name":"wp","href":"https:\/\/api.w.org\/{rel}","templated":true}]}}