{"id":4491,"date":"2023-01-10T17:00:22","date_gmt":"2023-01-10T16:00:22","guid":{"rendered":"https:\/\/lenidabijoux.fr\/?post_type=product&#038;p=4491"},"modified":"2024-11-19T10:41:35","modified_gmt":"2024-11-19T09:41:35","slug":"bo-puces-modele-naiades-mandala","status":"publish","type":"product","link":"https:\/\/lenidabijoux.fr\/index.php\/produit\/bo-puces-modele-naiades-mandala\/","title":{"rendered":"BO puces Mod\u00e8le Na\u00efades &#8211; Mandala"},"content":{"rendered":"<p><em><strong>Boucles d\u2019oreilles puces MOD\u00c8LE NA\u00cfADES \/ MOTIF MANDALA<\/strong><\/em><\/p>\n<p>Puces &#8211;&gt; Longueur : 12 Millim\u00e8tres ; Largeur : 12 Millim\u00e8tres<\/p>\n<p>Boucles d&rsquo;oreilles compl\u00e8tes &#8211;&gt; Longueur : 42 Millim\u00e8tres ; Largeur : 22 Millim\u00e8tres<\/p>\n<p><strong>Mat\u00e9riaux :<\/strong> Acier inoxydable, Papier, R\u00e9sine.<br \/>\n<strong>Fermeture<\/strong><strong>\u00a0:<\/strong>\u00a0Poussoir<\/p>\n<p>***Garanties sans nickel, sans plomb et sans cadmium conform\u00e9ment aux normes europ\u00e9ennes***<\/p>\n","protected":false},"excerpt":{"rendered":"<p>Boucles d\u2019oreilles fabriqu\u00e9es \u00e0 la main. Chaque boucle est compos\u00e9e d&rsquo;une puce et d\u2019un pendentif en papier r\u00e9sin\u00e9. La boucle est mont\u00e9e sur une attache clou acier inoxydable.<\/p>\n<p>Bague, bracelet, collier assortis et autres motifs disponibles.<\/p>\n<p>&nbsp;<\/p>\n","protected":false},"featured_media":4510,"comment_status":"open","ping_status":"closed","template":"","meta":{"om_disable_all_campaigns":false,"_monsterinsights_skip_tracking":false,"_monsterinsights_sitenote_active":false,"_monsterinsights_sitenote_note":"","_monsterinsights_sitenote_category":0},"product_brand":[],"product_cat":[101,72,80],"product_tag":[],"class_list":{"0":"post-4491","1":"product","2":"type-product","3":"status-publish","4":"has-post-thumbnail","6":"product_cat-derniersmodeles","7":"product_cat-bo","8":"product_cat-boclouspuces","10":"first","11":"instock","12":"sale","13":"shipping-taxable","14":"purchasable","15":"product-type-simple"},"yoast_head":"<!-- This site is optimized with the Yoast SEO plugin v26.6 - https:\/\/yoast.com\/wordpress\/plugins\/seo\/ -->\n<title>BO puces Mod\u00e8le Na\u00efades - Mandala - Le Nid \u00e0 Bijoux<\/title>\n<meta name=\"robots\" content=\"index, follow, max-snippet:-1, max-image-preview:large, max-video-preview:-1\" \/>\n<link rel=\"canonical\" href=\"https:\/\/lenidabijoux.fr\/index.php\/produit\/bo-puces-modele-naiades-mandala\/\" \/>\n<meta property=\"og:locale\" content=\"fr_FR\" \/>\n<meta property=\"og:type\" content=\"article\" \/>\n<meta property=\"og:title\" content=\"BO puces Mod\u00e8le Na\u00efades - Mandala - Le Nid \u00e0 Bijoux\" \/>\n<meta property=\"og:description\" content=\"Boucles d\u2019oreilles fabriqu\u00e9es \u00e0 la main. Chaque boucle est compos\u00e9e d&#039;une puce et d\u2019un pendentif en papier r\u00e9sin\u00e9. La boucle est mont\u00e9e sur une attache clou acier inoxydable.  Bague, bracelet, collier assortis et autres motifs disponibles.  &nbsp;\" \/>\n<meta property=\"og:url\" content=\"https:\/\/lenidabijoux.fr\/index.php\/produit\/bo-puces-modele-naiades-mandala\/\" \/>\n<meta property=\"og:site_name\" content=\"Le Nid \u00e0 Bijoux\" \/>\n<meta property=\"article:publisher\" content=\"https:\/\/www.facebook.com\/lenidabijoux\/\" \/>\n<meta property=\"article:modified_time\" content=\"2024-11-19T09:41:35+00:00\" \/>\n<meta property=\"og:image\" content=\"https:\/\/lenidabijoux.fr\/wp-content\/uploads\/2023\/01\/20230110_153832-scaled-e1673368867708.jpg\" \/>\n\t<meta property=\"og:image:width\" content=\"1000\" \/>\n\t<meta property=\"og:image:height\" content=\"1117\" \/>\n\t<meta property=\"og:image:type\" content=\"image\/jpeg\" \/>\n<meta name=\"twitter:card\" content=\"summary_large_image\" \/>\n<script type=\"application\/ld+json\" class=\"yoast-schema-graph\">{\"@context\":\"https:\/\/schema.org\",\"@graph\":[{\"@type\":\"WebPage\",\"@id\":\"https:\/\/lenidabijoux.fr\/index.php\/produit\/bo-puces-modele-naiades-mandala\/\",\"url\":\"https:\/\/lenidabijoux.fr\/index.php\/produit\/bo-puces-modele-naiades-mandala\/\",\"name\":\"BO puces Mod\u00e8le Na\u00efades - Mandala - Le Nid \u00e0 Bijoux\",\"isPartOf\":{\"@id\":\"https:\/\/lenidabijoux.fr\/#website\"},\"primaryImageOfPage\":{\"@id\":\"https:\/\/lenidabijoux.fr\/index.php\/produit\/bo-puces-modele-naiades-mandala\/#primaryimage\"},\"image\":{\"@id\":\"https:\/\/lenidabijoux.fr\/index.php\/produit\/bo-puces-modele-naiades-mandala\/#primaryimage\"},\"thumbnailUrl\":\"https:\/\/lenidabijoux.fr\/wp-content\/uploads\/2023\/01\/20230110_153832-scaled-e1673368867708.jpg\",\"datePublished\":\"2023-01-10T16:00:22+00:00\",\"dateModified\":\"2024-11-19T09:41:35+00:00\",\"breadcrumb\":{\"@id\":\"https:\/\/lenidabijoux.fr\/index.php\/produit\/bo-puces-modele-naiades-mandala\/#breadcrumb\"},\"inLanguage\":\"fr-FR\",\"potentialAction\":[{\"@type\":\"ReadAction\",\"target\":[\"https:\/\/lenidabijoux.fr\/index.php\/produit\/bo-puces-modele-naiades-mandala\/\"]}]},{\"@type\":\"ImageObject\",\"inLanguage\":\"fr-FR\",\"@id\":\"https:\/\/lenidabijoux.fr\/index.php\/produit\/bo-puces-modele-naiades-mandala\/#primaryimage\",\"url\":\"https:\/\/lenidabijoux.fr\/wp-content\/uploads\/2023\/01\/20230110_153832-scaled-e1673368867708.jpg\",\"contentUrl\":\"https:\/\/lenidabijoux.fr\/wp-content\/uploads\/2023\/01\/20230110_153832-scaled-e1673368867708.jpg\",\"width\":1000,\"height\":1117},{\"@type\":\"BreadcrumbList\",\"@id\":\"https:\/\/lenidabijoux.fr\/index.php\/produit\/bo-puces-modele-naiades-mandala\/#breadcrumb\",\"itemListElement\":[{\"@type\":\"ListItem\",\"position\":1,\"name\":\"Accueil\",\"item\":\"https:\/\/lenidabijoux.fr\/\"},{\"@type\":\"ListItem\",\"position\":2,\"name\":\"Boutique\",\"item\":\"https:\/\/lenidabijoux.fr\/index.php\/boutique-2\/\"},{\"@type\":\"ListItem\",\"position\":3,\"name\":\"BO puces Mod\u00e8le Na\u00efades &#8211; Mandala\"}]},{\"@type\":\"WebSite\",\"@id\":\"https:\/\/lenidabijoux.fr\/#website\",\"url\":\"https:\/\/lenidabijoux.fr\/\",\"name\":\"Le Nid \u00e0 Bijoux\",\"description\":\"Trouvez le bijou qui vous ressemble !\",\"publisher\":{\"@id\":\"https:\/\/lenidabijoux.fr\/#organization\"},\"potentialAction\":[{\"@type\":\"SearchAction\",\"target\":{\"@type\":\"EntryPoint\",\"urlTemplate\":\"https:\/\/lenidabijoux.fr\/?s={search_term_string}\"},\"query-input\":{\"@type\":\"PropertyValueSpecification\",\"valueRequired\":true,\"valueName\":\"search_term_string\"}}],\"inLanguage\":\"fr-FR\"},{\"@type\":\"Organization\",\"@id\":\"https:\/\/lenidabijoux.fr\/#organization\",\"name\":\"Le Nid \u00e0 Bijoux\",\"url\":\"https:\/\/lenidabijoux.fr\/\",\"logo\":{\"@type\":\"ImageObject\",\"inLanguage\":\"fr-FR\",\"@id\":\"https:\/\/lenidabijoux.fr\/#\/schema\/logo\/image\/\",\"url\":\"https:\/\/lenidabijoux.fr\/wp-content\/uploads\/2022\/07\/logo-1.png\",\"contentUrl\":\"https:\/\/lenidabijoux.fr\/wp-content\/uploads\/2022\/07\/logo-1.png\",\"width\":3508,\"height\":2480,\"caption\":\"Le Nid \u00e0 Bijoux\"},\"image\":{\"@id\":\"https:\/\/lenidabijoux.fr\/#\/schema\/logo\/image\/\"},\"sameAs\":[\"https:\/\/www.facebook.com\/lenidabijoux\/\",\"https:\/\/www.instagram.com\/lenidabijoux\/\",\"https:\/\/www.pinterest.fr\/LeNidABijoux\/\"]}]}<\/script>\n<!-- \/ Yoast SEO plugin. -->","yoast_head_json":{"title":"BO puces Mod\u00e8le Na\u00efades - Mandala - Le Nid \u00e0 Bijoux","robots":{"index":"index","follow":"follow","max-snippet":"max-snippet:-1","max-image-preview":"max-image-preview:large","max-video-preview":"max-video-preview:-1"},"canonical":"https:\/\/lenidabijoux.fr\/index.php\/produit\/bo-puces-modele-naiades-mandala\/","og_locale":"fr_FR","og_type":"article","og_title":"BO puces Mod\u00e8le Na\u00efades - Mandala - Le Nid \u00e0 Bijoux","og_description":"Boucles d\u2019oreilles fabriqu\u00e9es \u00e0 la main. Chaque boucle est compos\u00e9e d'une puce et d\u2019un pendentif en papier r\u00e9sin\u00e9. La boucle est mont\u00e9e sur une attache clou acier inoxydable.  Bague, bracelet, collier assortis et autres motifs disponibles.  &nbsp;","og_url":"https:\/\/lenidabijoux.fr\/index.php\/produit\/bo-puces-modele-naiades-mandala\/","og_site_name":"Le Nid \u00e0 Bijoux","article_publisher":"https:\/\/www.facebook.com\/lenidabijoux\/","article_modified_time":"2024-11-19T09:41:35+00:00","og_image":[{"width":1000,"height":1117,"url":"https:\/\/lenidabijoux.fr\/wp-content\/uploads\/2023\/01\/20230110_153832-scaled-e1673368867708.jpg","type":"image\/jpeg"}],"twitter_card":"summary_large_image","schema":{"@context":"https:\/\/schema.org","@graph":[{"@type":"WebPage","@id":"https:\/\/lenidabijoux.fr\/index.php\/produit\/bo-puces-modele-naiades-mandala\/","url":"https:\/\/lenidabijoux.fr\/index.php\/produit\/bo-puces-modele-naiades-mandala\/","name":"BO puces Mod\u00e8le Na\u00efades - Mandala - Le Nid \u00e0 Bijoux","isPartOf":{"@id":"https:\/\/lenidabijoux.fr\/#website"},"primaryImageOfPage":{"@id":"https:\/\/lenidabijoux.fr\/index.php\/produit\/bo-puces-modele-naiades-mandala\/#primaryimage"},"image":{"@id":"https:\/\/lenidabijoux.fr\/index.php\/produit\/bo-puces-modele-naiades-mandala\/#primaryimage"},"thumbnailUrl":"https:\/\/lenidabijoux.fr\/wp-content\/uploads\/2023\/01\/20230110_153832-scaled-e1673368867708.jpg","datePublished":"2023-01-10T16:00:22+00:00","dateModified":"2024-11-19T09:41:35+00:00","breadcrumb":{"@id":"https:\/\/lenidabijoux.fr\/index.php\/produit\/bo-puces-modele-naiades-mandala\/#breadcrumb"},"inLanguage":"fr-FR","potentialAction":[{"@type":"ReadAction","target":["https:\/\/lenidabijoux.fr\/index.php\/produit\/bo-puces-modele-naiades-mandala\/"]}]},{"@type":"ImageObject","inLanguage":"fr-FR","@id":"https:\/\/lenidabijoux.fr\/index.php\/produit\/bo-puces-modele-naiades-mandala\/#primaryimage","url":"https:\/\/lenidabijoux.fr\/wp-content\/uploads\/2023\/01\/20230110_153832-scaled-e1673368867708.jpg","contentUrl":"https:\/\/lenidabijoux.fr\/wp-content\/uploads\/2023\/01\/20230110_153832-scaled-e1673368867708.jpg","width":1000,"height":1117},{"@type":"BreadcrumbList","@id":"https:\/\/lenidabijoux.fr\/index.php\/produit\/bo-puces-modele-naiades-mandala\/#breadcrumb","itemListElement":[{"@type":"ListItem","position":1,"name":"Accueil","item":"https:\/\/lenidabijoux.fr\/"},{"@type":"ListItem","position":2,"name":"Boutique","item":"https:\/\/lenidabijoux.fr\/index.php\/boutique-2\/"},{"@type":"ListItem","position":3,"name":"BO puces Mod\u00e8le Na\u00efades &#8211; Mandala"}]},{"@type":"WebSite","@id":"https:\/\/lenidabijoux.fr\/#website","url":"https:\/\/lenidabijoux.fr\/","name":"Le Nid \u00e0 Bijoux","description":"Trouvez le bijou qui vous ressemble !","publisher":{"@id":"https:\/\/lenidabijoux.fr\/#organization"},"potentialAction":[{"@type":"SearchAction","target":{"@type":"EntryPoint","urlTemplate":"https:\/\/lenidabijoux.fr\/?s={search_term_string}"},"query-input":{"@type":"PropertyValueSpecification","valueRequired":true,"valueName":"search_term_string"}}],"inLanguage":"fr-FR"},{"@type":"Organization","@id":"https:\/\/lenidabijoux.fr\/#organization","name":"Le Nid \u00e0 Bijoux","url":"https:\/\/lenidabijoux.fr\/","logo":{"@type":"ImageObject","inLanguage":"fr-FR","@id":"https:\/\/lenidabijoux.fr\/#\/schema\/logo\/image\/","url":"https:\/\/lenidabijoux.fr\/wp-content\/uploads\/2022\/07\/logo-1.png","contentUrl":"https:\/\/lenidabijoux.fr\/wp-content\/uploads\/2022\/07\/logo-1.png","width":3508,"height":2480,"caption":"Le Nid \u00e0 Bijoux"},"image":{"@id":"https:\/\/lenidabijoux.fr\/#\/schema\/logo\/image\/"},"sameAs":["https:\/\/www.facebook.com\/lenidabijoux\/","https:\/\/www.instagram.com\/lenidabijoux\/","https:\/\/www.pinterest.fr\/LeNidABijoux\/"]}]}},"jetpack_sharing_enabled":true,"_links":{"self":[{"href":"https:\/\/lenidabijoux.fr\/index.php\/wp-json\/wp\/v2\/product\/4491","targetHints":{"allow":["GET"]}}],"collection":[{"href":"https:\/\/lenidabijoux.fr\/index.php\/wp-json\/wp\/v2\/product"}],"about":[{"href":"https:\/\/lenidabijoux.fr\/index.php\/wp-json\/wp\/v2\/types\/product"}],"replies":[{"embeddable":true,"href":"https:\/\/lenidabijoux.fr\/index.php\/wp-json\/wp\/v2\/comments?post=4491"}],"wp:featuredmedia":[{"embeddable":true,"href":"https:\/\/lenidabijoux.fr\/index.php\/wp-json\/wp\/v2\/media\/4510"}],"wp:attachment":[{"href":"https:\/\/lenidabijoux.fr\/index.php\/wp-json\/wp\/v2\/media?parent=4491"}],"wp:term":[{"taxonomy":"product_brand","embeddable":true,"href":"https:\/\/lenidabijoux.fr\/index.php\/wp-json\/wp\/v2\/product_brand?post=4491"},{"taxonomy":"product_cat","embeddable":true,"href":"https:\/\/lenidabijoux.fr\/index.php\/wp-json\/wp\/v2\/product_cat?post=4491"},{"taxonomy":"product_tag","embeddable":true,"href":"https:\/\/lenidabijoux.fr\/index.php\/wp-json\/wp\/v2\/product_tag?post=4491"}],"curies":[{"name":"wp","href":"https:\/\/api.w.org\/{rel}","templated":true}]}}