{"id":3544,"date":"2022-07-22T10:28:04","date_gmt":"2022-07-22T08:28:04","guid":{"rendered":"https:\/\/lenidabijoux.fr\/?post_type=product&#038;p=3544"},"modified":"2025-04-07T10:11:42","modified_gmt":"2025-04-07T08:11:42","slug":"bo-puces-modele-atria-purple-peas","status":"publish","type":"product","link":"https:\/\/lenidabijoux.fr\/index.php\/produit\/bo-puces-modele-atria-purple-peas\/","title":{"rendered":"BO puces mod\u00e8le Atria &#8211; Purple peas"},"content":{"rendered":"<p><em><strong>Boucles d\u2019oreilles puces MOD\u00c8LE ATRIA \/ MOTIF\u00a0 PURPLE PEAS<\/strong><\/em><\/p>\n<p>Longueur : 30 Millim\u00e8tres; Largeur: 16 Millim\u00e8tres<\/p>\n<p><strong>Mat\u00e9riaux :<\/strong> Acier inoxydable gris, Laiton argent\u00e9, Papier<br \/>\n<strong>Fermeture<\/strong><strong>\u00a0:<\/strong>\u00a0Poussoir<\/p>\n<p>***Garanties sans nickel, sans plomb et sans cadmium conform\u00e9ment aux normes europ\u00e9ennes***<\/p>\n","protected":false},"excerpt":{"rendered":"<p>Boucles d\u2019oreilles fabriqu\u00e9es \u00e0 la main, compos\u00e9es d\u2019une pastille de papier r\u00e9sin\u00e9 mont\u00e9e sur une attache clous acier inoxydable et orn\u00e9e d\u2019un triangle en laiton argent\u00e9.<\/p>\n<p>Bague, bracelet, collier assortis ou autres motifs disponibles.<\/p>\n<p>&nbsp;<\/p>\n","protected":false},"featured_media":3430,"comment_status":"open","ping_status":"closed","template":"","meta":{"om_disable_all_campaigns":false,"_monsterinsights_skip_tracking":false,"_monsterinsights_sitenote_active":false,"_monsterinsights_sitenote_note":"","_monsterinsights_sitenote_category":0},"product_brand":[],"product_cat":[101,72,80],"product_tag":[],"class_list":{"0":"post-3544","1":"product","2":"type-product","3":"status-publish","4":"has-post-thumbnail","6":"product_cat-derniersmodeles","7":"product_cat-bo","8":"product_cat-boclouspuces","10":"first","11":"instock","12":"sale","13":"shipping-taxable","14":"purchasable","15":"product-type-simple"},"yoast_head":"<!-- This site is optimized with the Yoast SEO plugin v26.6 - https:\/\/yoast.com\/wordpress\/plugins\/seo\/ -->\n<title>BO puces mod\u00e8le Atria - Purple peas - Le Nid \u00e0 Bijoux<\/title>\n<meta name=\"robots\" content=\"index, follow, max-snippet:-1, max-image-preview:large, max-video-preview:-1\" \/>\n<link rel=\"canonical\" href=\"https:\/\/lenidabijoux.fr\/index.php\/produit\/bo-puces-modele-atria-purple-peas\/\" \/>\n<meta property=\"og:locale\" content=\"fr_FR\" \/>\n<meta property=\"og:type\" content=\"article\" \/>\n<meta property=\"og:title\" content=\"BO puces mod\u00e8le Atria - Purple peas - Le Nid \u00e0 Bijoux\" \/>\n<meta property=\"og:description\" content=\"Boucles d\u2019oreilles fabriqu\u00e9es \u00e0 la main, compos\u00e9es d\u2019une pastille de papier r\u00e9sin\u00e9 mont\u00e9e sur une attache clous acier inoxydable et orn\u00e9e d\u2019un triangle en laiton argent\u00e9.  Bague, bracelet, collier assortis ou autres motifs disponibles.  &nbsp;\" \/>\n<meta property=\"og:url\" content=\"https:\/\/lenidabijoux.fr\/index.php\/produit\/bo-puces-modele-atria-purple-peas\/\" \/>\n<meta property=\"og:site_name\" content=\"Le Nid \u00e0 Bijoux\" \/>\n<meta property=\"article:publisher\" content=\"https:\/\/www.facebook.com\/lenidabijoux\/\" \/>\n<meta property=\"article:modified_time\" content=\"2025-04-07T08:11:42+00:00\" \/>\n<meta property=\"og:image\" content=\"https:\/\/lenidabijoux.fr\/wp-content\/uploads\/2022\/07\/triangle-purple-2.jpg\" \/>\n\t<meta property=\"og:image:width\" content=\"1280\" \/>\n\t<meta property=\"og:image:height\" content=\"960\" \/>\n\t<meta property=\"og:image:type\" content=\"image\/jpeg\" \/>\n<meta name=\"twitter:card\" content=\"summary_large_image\" \/>\n<script type=\"application\/ld+json\" class=\"yoast-schema-graph\">{\"@context\":\"https:\/\/schema.org\",\"@graph\":[{\"@type\":\"WebPage\",\"@id\":\"https:\/\/lenidabijoux.fr\/index.php\/produit\/bo-puces-modele-atria-purple-peas\/\",\"url\":\"https:\/\/lenidabijoux.fr\/index.php\/produit\/bo-puces-modele-atria-purple-peas\/\",\"name\":\"BO puces mod\u00e8le Atria - Purple peas - Le Nid \u00e0 Bijoux\",\"isPartOf\":{\"@id\":\"https:\/\/lenidabijoux.fr\/#website\"},\"primaryImageOfPage\":{\"@id\":\"https:\/\/lenidabijoux.fr\/index.php\/produit\/bo-puces-modele-atria-purple-peas\/#primaryimage\"},\"image\":{\"@id\":\"https:\/\/lenidabijoux.fr\/index.php\/produit\/bo-puces-modele-atria-purple-peas\/#primaryimage\"},\"thumbnailUrl\":\"https:\/\/lenidabijoux.fr\/wp-content\/uploads\/2022\/07\/triangle-purple-2.jpg\",\"datePublished\":\"2022-07-22T08:28:04+00:00\",\"dateModified\":\"2025-04-07T08:11:42+00:00\",\"breadcrumb\":{\"@id\":\"https:\/\/lenidabijoux.fr\/index.php\/produit\/bo-puces-modele-atria-purple-peas\/#breadcrumb\"},\"inLanguage\":\"fr-FR\",\"potentialAction\":[{\"@type\":\"ReadAction\",\"target\":[\"https:\/\/lenidabijoux.fr\/index.php\/produit\/bo-puces-modele-atria-purple-peas\/\"]}]},{\"@type\":\"ImageObject\",\"inLanguage\":\"fr-FR\",\"@id\":\"https:\/\/lenidabijoux.fr\/index.php\/produit\/bo-puces-modele-atria-purple-peas\/#primaryimage\",\"url\":\"https:\/\/lenidabijoux.fr\/wp-content\/uploads\/2022\/07\/triangle-purple-2.jpg\",\"contentUrl\":\"https:\/\/lenidabijoux.fr\/wp-content\/uploads\/2022\/07\/triangle-purple-2.jpg\",\"width\":1280,\"height\":960},{\"@type\":\"BreadcrumbList\",\"@id\":\"https:\/\/lenidabijoux.fr\/index.php\/produit\/bo-puces-modele-atria-purple-peas\/#breadcrumb\",\"itemListElement\":[{\"@type\":\"ListItem\",\"position\":1,\"name\":\"Accueil\",\"item\":\"https:\/\/lenidabijoux.fr\/\"},{\"@type\":\"ListItem\",\"position\":2,\"name\":\"Boutique\",\"item\":\"https:\/\/lenidabijoux.fr\/index.php\/boutique-2\/\"},{\"@type\":\"ListItem\",\"position\":3,\"name\":\"BO puces mod\u00e8le Atria &#8211; Purple peas\"}]},{\"@type\":\"WebSite\",\"@id\":\"https:\/\/lenidabijoux.fr\/#website\",\"url\":\"https:\/\/lenidabijoux.fr\/\",\"name\":\"Le Nid \u00e0 Bijoux\",\"description\":\"Trouvez le bijou qui vous ressemble !\",\"publisher\":{\"@id\":\"https:\/\/lenidabijoux.fr\/#organization\"},\"potentialAction\":[{\"@type\":\"SearchAction\",\"target\":{\"@type\":\"EntryPoint\",\"urlTemplate\":\"https:\/\/lenidabijoux.fr\/?s={search_term_string}\"},\"query-input\":{\"@type\":\"PropertyValueSpecification\",\"valueRequired\":true,\"valueName\":\"search_term_string\"}}],\"inLanguage\":\"fr-FR\"},{\"@type\":\"Organization\",\"@id\":\"https:\/\/lenidabijoux.fr\/#organization\",\"name\":\"Le Nid \u00e0 Bijoux\",\"url\":\"https:\/\/lenidabijoux.fr\/\",\"logo\":{\"@type\":\"ImageObject\",\"inLanguage\":\"fr-FR\",\"@id\":\"https:\/\/lenidabijoux.fr\/#\/schema\/logo\/image\/\",\"url\":\"https:\/\/lenidabijoux.fr\/wp-content\/uploads\/2022\/07\/logo-1.png\",\"contentUrl\":\"https:\/\/lenidabijoux.fr\/wp-content\/uploads\/2022\/07\/logo-1.png\",\"width\":3508,\"height\":2480,\"caption\":\"Le Nid \u00e0 Bijoux\"},\"image\":{\"@id\":\"https:\/\/lenidabijoux.fr\/#\/schema\/logo\/image\/\"},\"sameAs\":[\"https:\/\/www.facebook.com\/lenidabijoux\/\",\"https:\/\/www.instagram.com\/lenidabijoux\/\",\"https:\/\/www.pinterest.fr\/LeNidABijoux\/\"]}]}<\/script>\n<!-- \/ Yoast SEO plugin. -->","yoast_head_json":{"title":"BO puces mod\u00e8le Atria - Purple peas - Le Nid \u00e0 Bijoux","robots":{"index":"index","follow":"follow","max-snippet":"max-snippet:-1","max-image-preview":"max-image-preview:large","max-video-preview":"max-video-preview:-1"},"canonical":"https:\/\/lenidabijoux.fr\/index.php\/produit\/bo-puces-modele-atria-purple-peas\/","og_locale":"fr_FR","og_type":"article","og_title":"BO puces mod\u00e8le Atria - Purple peas - Le Nid \u00e0 Bijoux","og_description":"Boucles d\u2019oreilles fabriqu\u00e9es \u00e0 la main, compos\u00e9es d\u2019une pastille de papier r\u00e9sin\u00e9 mont\u00e9e sur une attache clous acier inoxydable et orn\u00e9e d\u2019un triangle en laiton argent\u00e9.  Bague, bracelet, collier assortis ou autres motifs disponibles.  &nbsp;","og_url":"https:\/\/lenidabijoux.fr\/index.php\/produit\/bo-puces-modele-atria-purple-peas\/","og_site_name":"Le Nid \u00e0 Bijoux","article_publisher":"https:\/\/www.facebook.com\/lenidabijoux\/","article_modified_time":"2025-04-07T08:11:42+00:00","og_image":[{"width":1280,"height":960,"url":"https:\/\/lenidabijoux.fr\/wp-content\/uploads\/2022\/07\/triangle-purple-2.jpg","type":"image\/jpeg"}],"twitter_card":"summary_large_image","schema":{"@context":"https:\/\/schema.org","@graph":[{"@type":"WebPage","@id":"https:\/\/lenidabijoux.fr\/index.php\/produit\/bo-puces-modele-atria-purple-peas\/","url":"https:\/\/lenidabijoux.fr\/index.php\/produit\/bo-puces-modele-atria-purple-peas\/","name":"BO puces mod\u00e8le Atria - Purple peas - Le Nid \u00e0 Bijoux","isPartOf":{"@id":"https:\/\/lenidabijoux.fr\/#website"},"primaryImageOfPage":{"@id":"https:\/\/lenidabijoux.fr\/index.php\/produit\/bo-puces-modele-atria-purple-peas\/#primaryimage"},"image":{"@id":"https:\/\/lenidabijoux.fr\/index.php\/produit\/bo-puces-modele-atria-purple-peas\/#primaryimage"},"thumbnailUrl":"https:\/\/lenidabijoux.fr\/wp-content\/uploads\/2022\/07\/triangle-purple-2.jpg","datePublished":"2022-07-22T08:28:04+00:00","dateModified":"2025-04-07T08:11:42+00:00","breadcrumb":{"@id":"https:\/\/lenidabijoux.fr\/index.php\/produit\/bo-puces-modele-atria-purple-peas\/#breadcrumb"},"inLanguage":"fr-FR","potentialAction":[{"@type":"ReadAction","target":["https:\/\/lenidabijoux.fr\/index.php\/produit\/bo-puces-modele-atria-purple-peas\/"]}]},{"@type":"ImageObject","inLanguage":"fr-FR","@id":"https:\/\/lenidabijoux.fr\/index.php\/produit\/bo-puces-modele-atria-purple-peas\/#primaryimage","url":"https:\/\/lenidabijoux.fr\/wp-content\/uploads\/2022\/07\/triangle-purple-2.jpg","contentUrl":"https:\/\/lenidabijoux.fr\/wp-content\/uploads\/2022\/07\/triangle-purple-2.jpg","width":1280,"height":960},{"@type":"BreadcrumbList","@id":"https:\/\/lenidabijoux.fr\/index.php\/produit\/bo-puces-modele-atria-purple-peas\/#breadcrumb","itemListElement":[{"@type":"ListItem","position":1,"name":"Accueil","item":"https:\/\/lenidabijoux.fr\/"},{"@type":"ListItem","position":2,"name":"Boutique","item":"https:\/\/lenidabijoux.fr\/index.php\/boutique-2\/"},{"@type":"ListItem","position":3,"name":"BO puces mod\u00e8le Atria &#8211; Purple peas"}]},{"@type":"WebSite","@id":"https:\/\/lenidabijoux.fr\/#website","url":"https:\/\/lenidabijoux.fr\/","name":"Le Nid \u00e0 Bijoux","description":"Trouvez le bijou qui vous ressemble !","publisher":{"@id":"https:\/\/lenidabijoux.fr\/#organization"},"potentialAction":[{"@type":"SearchAction","target":{"@type":"EntryPoint","urlTemplate":"https:\/\/lenidabijoux.fr\/?s={search_term_string}"},"query-input":{"@type":"PropertyValueSpecification","valueRequired":true,"valueName":"search_term_string"}}],"inLanguage":"fr-FR"},{"@type":"Organization","@id":"https:\/\/lenidabijoux.fr\/#organization","name":"Le Nid \u00e0 Bijoux","url":"https:\/\/lenidabijoux.fr\/","logo":{"@type":"ImageObject","inLanguage":"fr-FR","@id":"https:\/\/lenidabijoux.fr\/#\/schema\/logo\/image\/","url":"https:\/\/lenidabijoux.fr\/wp-content\/uploads\/2022\/07\/logo-1.png","contentUrl":"https:\/\/lenidabijoux.fr\/wp-content\/uploads\/2022\/07\/logo-1.png","width":3508,"height":2480,"caption":"Le Nid \u00e0 Bijoux"},"image":{"@id":"https:\/\/lenidabijoux.fr\/#\/schema\/logo\/image\/"},"sameAs":["https:\/\/www.facebook.com\/lenidabijoux\/","https:\/\/www.instagram.com\/lenidabijoux\/","https:\/\/www.pinterest.fr\/LeNidABijoux\/"]}]}},"jetpack_sharing_enabled":true,"_links":{"self":[{"href":"https:\/\/lenidabijoux.fr\/index.php\/wp-json\/wp\/v2\/product\/3544","targetHints":{"allow":["GET"]}}],"collection":[{"href":"https:\/\/lenidabijoux.fr\/index.php\/wp-json\/wp\/v2\/product"}],"about":[{"href":"https:\/\/lenidabijoux.fr\/index.php\/wp-json\/wp\/v2\/types\/product"}],"replies":[{"embeddable":true,"href":"https:\/\/lenidabijoux.fr\/index.php\/wp-json\/wp\/v2\/comments?post=3544"}],"wp:featuredmedia":[{"embeddable":true,"href":"https:\/\/lenidabijoux.fr\/index.php\/wp-json\/wp\/v2\/media\/3430"}],"wp:attachment":[{"href":"https:\/\/lenidabijoux.fr\/index.php\/wp-json\/wp\/v2\/media?parent=3544"}],"wp:term":[{"taxonomy":"product_brand","embeddable":true,"href":"https:\/\/lenidabijoux.fr\/index.php\/wp-json\/wp\/v2\/product_brand?post=3544"},{"taxonomy":"product_cat","embeddable":true,"href":"https:\/\/lenidabijoux.fr\/index.php\/wp-json\/wp\/v2\/product_cat?post=3544"},{"taxonomy":"product_tag","embeddable":true,"href":"https:\/\/lenidabijoux.fr\/index.php\/wp-json\/wp\/v2\/product_tag?post=3544"}],"curies":[{"name":"wp","href":"https:\/\/api.w.org\/{rel}","templated":true}]}}