{"id":4876,"date":"2023-06-15T12:01:13","date_gmt":"2023-06-15T10:01:13","guid":{"rendered":"https:\/\/lenidabijoux.fr\/?page_id=4876"},"modified":"2023-06-15T12:01:27","modified_gmt":"2023-06-15T10:01:27","slug":"programme-parrainage","status":"publish","type":"page","link":"https:\/\/lenidabijoux.fr\/index.php\/programme-parrainage\/","title":{"rendered":"Parrainage"},"content":{"rendered":"\n<p><\/p>\n\n\n\n<h2 class=\"has-text-align-center wp-block-heading\">Gagnez vos bijoux pr\u00e9f\u00e9r\u00e9s en parrainant vos proches !<\/h2>\n\n\n\n<p><\/p>\n\n\n\n<p>Parce que je sais que mes clients satisfaits sont mes meilleurs ambassadeurs, j&rsquo;ai mis en place un programme de parrainage exclusif qui vous permet de b\u00e9n\u00e9ficier de r\u00e9compenses.  .<\/p>\n\n\n\n<p><\/p>\n\n\n\n<h2 class=\"wp-block-heading\">Comment \u00e7a fonctionne ?<\/h2>\n\n\n\n<p>Le concept est simple : il suffit de parler de mes bijoux et de me recommander \u00e0 vos amis, votre famille ou m\u00eame \u00e0 vos coll\u00e8gues&#8230; Lorsque vous parrainez quelqu&rsquo;un avec votre code unique de parrainage, vous et votre filleul b\u00e9n\u00e9ficiez de r\u00e9ductions attrayantes sur vos achats.<\/p>\n\n\n\n<div class=\"wp-block-columns is-layout-flex wp-container-core-columns-is-layout-9d6595d7 wp-block-columns-is-layout-flex\">\n<div class=\"wp-block-column is-layout-flow wp-block-column-is-layout-flow\">\n<figure class=\"wp-block-image size-full is-resized\"><img loading=\"lazy\" decoding=\"async\" src=\"https:\/\/lenidabijoux.fr\/wp-content\/uploads\/2023\/06\/1.png\" alt=\"\" class=\"wp-image-4879\" width=\"345\" height=\"345\" srcset=\"https:\/\/lenidabijoux.fr\/wp-content\/uploads\/2023\/06\/1.png 591w, https:\/\/lenidabijoux.fr\/wp-content\/uploads\/2023\/06\/1-300x300.png 300w, https:\/\/lenidabijoux.fr\/wp-content\/uploads\/2023\/06\/1-150x150.png 150w, https:\/\/lenidabijoux.fr\/wp-content\/uploads\/2023\/06\/1-250x250.png 250w, https:\/\/lenidabijoux.fr\/wp-content\/uploads\/2023\/06\/1-500x500.png 500w, https:\/\/lenidabijoux.fr\/wp-content\/uploads\/2023\/06\/1-100x100.png 100w\" sizes=\"auto, (max-width: 345px) 100vw, 345px\" \/><\/figure>\n<\/div>\n\n\n\n<div class=\"wp-block-column is-layout-flow wp-block-column-is-layout-flow\">\n<figure class=\"wp-block-image size-full\"><img loading=\"lazy\" decoding=\"async\" width=\"591\" height=\"591\" src=\"https:\/\/lenidabijoux.fr\/wp-content\/uploads\/2023\/06\/2.png\" alt=\"\" class=\"wp-image-4881\" srcset=\"https:\/\/lenidabijoux.fr\/wp-content\/uploads\/2023\/06\/2.png 591w, https:\/\/lenidabijoux.fr\/wp-content\/uploads\/2023\/06\/2-300x300.png 300w, https:\/\/lenidabijoux.fr\/wp-content\/uploads\/2023\/06\/2-150x150.png 150w, https:\/\/lenidabijoux.fr\/wp-content\/uploads\/2023\/06\/2-250x250.png 250w, https:\/\/lenidabijoux.fr\/wp-content\/uploads\/2023\/06\/2-500x500.png 500w, https:\/\/lenidabijoux.fr\/wp-content\/uploads\/2023\/06\/2-100x100.png 100w\" sizes=\"auto, (max-width: 591px) 100vw, 591px\" \/><\/figure>\n<\/div>\n\n\n\n<div class=\"wp-block-column is-layout-flow wp-block-column-is-layout-flow\">\n<figure class=\"wp-block-image size-full\"><img loading=\"lazy\" decoding=\"async\" width=\"591\" height=\"591\" src=\"https:\/\/lenidabijoux.fr\/wp-content\/uploads\/2023\/06\/3.png\" alt=\"\" class=\"wp-image-4880\" srcset=\"https:\/\/lenidabijoux.fr\/wp-content\/uploads\/2023\/06\/3.png 591w, https:\/\/lenidabijoux.fr\/wp-content\/uploads\/2023\/06\/3-300x300.png 300w, https:\/\/lenidabijoux.fr\/wp-content\/uploads\/2023\/06\/3-150x150.png 150w, https:\/\/lenidabijoux.fr\/wp-content\/uploads\/2023\/06\/3-250x250.png 250w, https:\/\/lenidabijoux.fr\/wp-content\/uploads\/2023\/06\/3-500x500.png 500w, https:\/\/lenidabijoux.fr\/wp-content\/uploads\/2023\/06\/3-100x100.png 100w\" sizes=\"auto, (max-width: 591px) 100vw, 591px\" \/><\/figure>\n<\/div>\n<\/div>\n\n\n\n<div class=\"wp-block-columns is-layout-flex wp-container-core-columns-is-layout-9d6595d7 wp-block-columns-is-layout-flex\">\n<div class=\"wp-block-column is-layout-flow wp-block-column-is-layout-flow\">\n<p class=\"has-text-align-center\">Lorsque vous rejoignez notre programme de parrainage, vous recevez un code unique personnalis\u00e9. Il suffit de partager ce code avec vos proches et de les inviter \u00e0 l&rsquo;utiliser lors de leur premi\u00e8re commande.<\/p>\n<\/div>\n\n\n\n<div class=\"wp-block-column is-layout-flow wp-block-column-is-layout-flow\">\n<p class=\"has-text-align-center\">En utilisant votre code de parrainage lors de leur premi\u00e8re commande, vos filleuls b\u00e9n\u00e9ficieront d&rsquo;une r\u00e9duction de 10 % sur leurs achats. Ils pourront ainsi d\u00e9couvrir mes cr\u00e9ations et trouver le bijou parfait pour sublimer leur style.<\/p>\n<\/div>\n\n\n\n<div class=\"wp-block-column is-layout-flow wp-block-column-is-layout-flow\">\n<p class=\"has-text-align-center\">Sur un mois, chaque fois qu&rsquo;un de vos filleuls utilise votre code de parrainage et effectue un achat, vous cumulez 15 % du montant total de sa commande sur votre compte parrain. <\/p>\n<\/div>\n<\/div>\n\n\n\n<div style=\"height:50px\" aria-hidden=\"true\" class=\"wp-block-spacer\"><\/div>\n\n\n\n<h2 class=\"wp-block-heading\">Comment profiter de votre r\u00e9compense ?<\/h2>\n\n\n\n<p>Les 15% des achats de vos filleuls se cumulent sur une dur\u00e9e de 1 mois. A la fin de cette p\u00e9riode, vous recevrez un code de r\u00e9duction correspondant aux 15% des achats effectu\u00e9s par vos filleuls pour vous faire plaisir sur mon site. Vous pouvez renouveler l&rsquo;op\u00e9ration autant de fois que vous le souhaitez&#8230;Cela signifie que plus vous parrainez de personnes, plus vos r\u00e9compenses augmentent !<\/p>\n\n\n\n<p>Conditions g\u00e9n\u00e9rales :<\/p>\n\n\n\n<ul class=\"wp-block-list\"><li>Le code de parrainage est valide uniquement pour les nouveaux clients (Filleul = nouveau client).<\/li><li>Le filleul ne peut utiliser le code que lors de sa premi\u00e8re commande.<\/li><li>Les r\u00e9compenses ne sont valables que sur les achats effectu\u00e9s via mon site web officiel.<\/li><li>Les r\u00e9ductions ne s&rsquo;appliquent pas aux frais de livraison ou \u00e0 d&rsquo;autres frais connexes.<\/li><li>Les r\u00e9compenses ne peuvent pas \u00eatre \u00e9chang\u00e9es contre de l&rsquo;argent.<\/li><\/ul>\n\n\n\n<p>Consulter l&rsquo;int\u00e9gralit\u00e9 des CGV du programme de parrainage : <a href=\"https:\/\/lenidabijoux.fr\/index.php\/cgv-conditions-generales-de-vente\/\" target=\"_blank\" rel=\"noreferrer noopener\">https:\/\/lenidabijoux.fr\/index.php\/cgv-conditions-generales-de-vente\/<\/a><\/p>\n\n\n\n<p>Le programme de parrainage bijoux est l&rsquo;occasion de partager votre passion pour les bijoux tout en b\u00e9n\u00e9ficiant de r\u00e9ductions exceptionnelles. Rejoignez-nous d\u00e8s aujourd&rsquo;hui et commencez \u00e0 parrainer vos proches pour profiter de remises exclusives. <\/p>\n\n\n\n<p>N&rsquo;attendez pas, faites-vous plaisir et faites plaisir \u00e0 vos proches  !<\/p>\n\n\n\n<div style=\"height:100px\" aria-hidden=\"true\" class=\"wp-block-spacer\"><\/div>\n","protected":false},"excerpt":{"rendered":"<p>Gagnez vos bijoux pr\u00e9f\u00e9r\u00e9s en parrainant vos proches ! Parce que je sais que mes clients satisfaits sont mes meilleurs ambassadeurs, j&rsquo;ai mis en place un programme de parrainage exclusif qui vous permet de b\u00e9n\u00e9ficier de r\u00e9compenses. . Comment \u00e7a fonctionne ? Le concept est simple : il suffit de parler de mes bijoux et&#8230; <a class=\"read-more p-color\" rel=\"bookmark\" title=\"Parrainage\" href=\"https:\/\/lenidabijoux.fr\/index.php\/programme-parrainage\/\">View more<\/a><\/p>\n","protected":false},"author":1,"featured_media":0,"parent":0,"menu_order":0,"comment_status":"closed","ping_status":"closed","template":"","meta":{"om_disable_all_campaigns":false,"_monsterinsights_skip_tracking":false,"_monsterinsights_sitenote_active":false,"_monsterinsights_sitenote_note":"","_monsterinsights_sitenote_category":0,"footnotes":""},"class_list":["post-4876","page","type-page","status-publish","hentry"],"yoast_head":"<!-- This site is optimized with the Yoast SEO plugin v26.6 - https:\/\/yoast.com\/wordpress\/plugins\/seo\/ -->\n<title>Programme de Parrainage - Le Nid \u00e0 Bijoux<\/title>\n<meta name=\"description\" content=\"Rejoignez notre programme de Parrainage, parlez de nous \u00e0 vos proches et obtenez des r\u00e9ductions pour vous faire plaisir sur notre site !!!\" \/>\n<meta name=\"robots\" content=\"index, follow, max-snippet:-1, max-image-preview:large, max-video-preview:-1\" \/>\n<link rel=\"canonical\" href=\"https:\/\/lenidabijoux.fr\/index.php\/programme-parrainage\/\" \/>\n<meta property=\"og:locale\" content=\"fr_FR\" \/>\n<meta property=\"og:type\" content=\"article\" \/>\n<meta property=\"og:title\" content=\"Programme de Parrainage - Le Nid \u00e0 Bijoux\" \/>\n<meta property=\"og:description\" content=\"Rejoignez notre programme de Parrainage, parlez de nous \u00e0 vos proches et obtenez des r\u00e9ductions pour vous faire plaisir sur notre site !!!\" \/>\n<meta property=\"og:url\" content=\"https:\/\/lenidabijoux.fr\/index.php\/programme-parrainage\/\" \/>\n<meta property=\"og:site_name\" content=\"Le Nid \u00e0 Bijoux\" \/>\n<meta property=\"article:publisher\" content=\"https:\/\/www.facebook.com\/lenidabijoux\/\" \/>\n<meta property=\"article:modified_time\" content=\"2023-06-15T10:01:27+00:00\" \/>\n<meta property=\"og:image\" content=\"https:\/\/lenidabijoux.fr\/wp-content\/uploads\/2023\/06\/1.png\" \/>\n<meta name=\"twitter:card\" content=\"summary_large_image\" \/>\n<meta name=\"twitter:label1\" content=\"Dur\u00e9e de lecture estim\u00e9e\" \/>\n\t<meta name=\"twitter:data1\" content=\"3 minutes\" \/>\n<script type=\"application\/ld+json\" class=\"yoast-schema-graph\">{\"@context\":\"https:\/\/schema.org\",\"@graph\":[{\"@type\":\"WebPage\",\"@id\":\"https:\/\/lenidabijoux.fr\/index.php\/programme-parrainage\/\",\"url\":\"https:\/\/lenidabijoux.fr\/index.php\/programme-parrainage\/\",\"name\":\"Programme de Parrainage - Le Nid \u00e0 Bijoux\",\"isPartOf\":{\"@id\":\"https:\/\/lenidabijoux.fr\/#website\"},\"primaryImageOfPage\":{\"@id\":\"https:\/\/lenidabijoux.fr\/index.php\/programme-parrainage\/#primaryimage\"},\"image\":{\"@id\":\"https:\/\/lenidabijoux.fr\/index.php\/programme-parrainage\/#primaryimage\"},\"thumbnailUrl\":\"https:\/\/lenidabijoux.fr\/wp-content\/uploads\/2023\/06\/1.png\",\"datePublished\":\"2023-06-15T10:01:13+00:00\",\"dateModified\":\"2023-06-15T10:01:27+00:00\",\"description\":\"Rejoignez notre programme de Parrainage, parlez de nous \u00e0 vos proches et obtenez des r\u00e9ductions pour vous faire plaisir sur notre site !!!\",\"breadcrumb\":{\"@id\":\"https:\/\/lenidabijoux.fr\/index.php\/programme-parrainage\/#breadcrumb\"},\"inLanguage\":\"fr-FR\",\"potentialAction\":[{\"@type\":\"ReadAction\",\"target\":[\"https:\/\/lenidabijoux.fr\/index.php\/programme-parrainage\/\"]}]},{\"@type\":\"ImageObject\",\"inLanguage\":\"fr-FR\",\"@id\":\"https:\/\/lenidabijoux.fr\/index.php\/programme-parrainage\/#primaryimage\",\"url\":\"https:\/\/lenidabijoux.fr\/wp-content\/uploads\/2023\/06\/1.png\",\"contentUrl\":\"https:\/\/lenidabijoux.fr\/wp-content\/uploads\/2023\/06\/1.png\",\"width\":591,\"height\":591},{\"@type\":\"BreadcrumbList\",\"@id\":\"https:\/\/lenidabijoux.fr\/index.php\/programme-parrainage\/#breadcrumb\",\"itemListElement\":[{\"@type\":\"ListItem\",\"position\":1,\"name\":\"Accueil\",\"item\":\"https:\/\/lenidabijoux.fr\/\"},{\"@type\":\"ListItem\",\"position\":2,\"name\":\"Parrainage\"}]},{\"@type\":\"WebSite\",\"@id\":\"https:\/\/lenidabijoux.fr\/#website\",\"url\":\"https:\/\/lenidabijoux.fr\/\",\"name\":\"Le Nid \u00e0 Bijoux\",\"description\":\"Trouvez le bijou qui vous ressemble !\",\"publisher\":{\"@id\":\"https:\/\/lenidabijoux.fr\/#organization\"},\"potentialAction\":[{\"@type\":\"SearchAction\",\"target\":{\"@type\":\"EntryPoint\",\"urlTemplate\":\"https:\/\/lenidabijoux.fr\/?s={search_term_string}\"},\"query-input\":{\"@type\":\"PropertyValueSpecification\",\"valueRequired\":true,\"valueName\":\"search_term_string\"}}],\"inLanguage\":\"fr-FR\"},{\"@type\":\"Organization\",\"@id\":\"https:\/\/lenidabijoux.fr\/#organization\",\"name\":\"Le Nid \u00e0 Bijoux\",\"url\":\"https:\/\/lenidabijoux.fr\/\",\"logo\":{\"@type\":\"ImageObject\",\"inLanguage\":\"fr-FR\",\"@id\":\"https:\/\/lenidabijoux.fr\/#\/schema\/logo\/image\/\",\"url\":\"https:\/\/lenidabijoux.fr\/wp-content\/uploads\/2022\/07\/logo-1.png\",\"contentUrl\":\"https:\/\/lenidabijoux.fr\/wp-content\/uploads\/2022\/07\/logo-1.png\",\"width\":3508,\"height\":2480,\"caption\":\"Le Nid \u00e0 Bijoux\"},\"image\":{\"@id\":\"https:\/\/lenidabijoux.fr\/#\/schema\/logo\/image\/\"},\"sameAs\":[\"https:\/\/www.facebook.com\/lenidabijoux\/\",\"https:\/\/www.instagram.com\/lenidabijoux\/\",\"https:\/\/www.pinterest.fr\/LeNidABijoux\/\"]}]}<\/script>\n<!-- \/ Yoast SEO plugin. -->","yoast_head_json":{"title":"Programme de Parrainage - Le Nid \u00e0 Bijoux","description":"Rejoignez notre programme de Parrainage, parlez de nous \u00e0 vos proches et obtenez des r\u00e9ductions pour vous faire plaisir sur notre site !!!","robots":{"index":"index","follow":"follow","max-snippet":"max-snippet:-1","max-image-preview":"max-image-preview:large","max-video-preview":"max-video-preview:-1"},"canonical":"https:\/\/lenidabijoux.fr\/index.php\/programme-parrainage\/","og_locale":"fr_FR","og_type":"article","og_title":"Programme de Parrainage - Le Nid \u00e0 Bijoux","og_description":"Rejoignez notre programme de Parrainage, parlez de nous \u00e0 vos proches et obtenez des r\u00e9ductions pour vous faire plaisir sur notre site !!!","og_url":"https:\/\/lenidabijoux.fr\/index.php\/programme-parrainage\/","og_site_name":"Le Nid \u00e0 Bijoux","article_publisher":"https:\/\/www.facebook.com\/lenidabijoux\/","article_modified_time":"2023-06-15T10:01:27+00:00","og_image":[{"url":"https:\/\/lenidabijoux.fr\/wp-content\/uploads\/2023\/06\/1.png","type":"","width":"","height":""}],"twitter_card":"summary_large_image","twitter_misc":{"Dur\u00e9e de lecture estim\u00e9e":"3 minutes"},"schema":{"@context":"https:\/\/schema.org","@graph":[{"@type":"WebPage","@id":"https:\/\/lenidabijoux.fr\/index.php\/programme-parrainage\/","url":"https:\/\/lenidabijoux.fr\/index.php\/programme-parrainage\/","name":"Programme de Parrainage - Le Nid \u00e0 Bijoux","isPartOf":{"@id":"https:\/\/lenidabijoux.fr\/#website"},"primaryImageOfPage":{"@id":"https:\/\/lenidabijoux.fr\/index.php\/programme-parrainage\/#primaryimage"},"image":{"@id":"https:\/\/lenidabijoux.fr\/index.php\/programme-parrainage\/#primaryimage"},"thumbnailUrl":"https:\/\/lenidabijoux.fr\/wp-content\/uploads\/2023\/06\/1.png","datePublished":"2023-06-15T10:01:13+00:00","dateModified":"2023-06-15T10:01:27+00:00","description":"Rejoignez notre programme de Parrainage, parlez de nous \u00e0 vos proches et obtenez des r\u00e9ductions pour vous faire plaisir sur notre site !!!","breadcrumb":{"@id":"https:\/\/lenidabijoux.fr\/index.php\/programme-parrainage\/#breadcrumb"},"inLanguage":"fr-FR","potentialAction":[{"@type":"ReadAction","target":["https:\/\/lenidabijoux.fr\/index.php\/programme-parrainage\/"]}]},{"@type":"ImageObject","inLanguage":"fr-FR","@id":"https:\/\/lenidabijoux.fr\/index.php\/programme-parrainage\/#primaryimage","url":"https:\/\/lenidabijoux.fr\/wp-content\/uploads\/2023\/06\/1.png","contentUrl":"https:\/\/lenidabijoux.fr\/wp-content\/uploads\/2023\/06\/1.png","width":591,"height":591},{"@type":"BreadcrumbList","@id":"https:\/\/lenidabijoux.fr\/index.php\/programme-parrainage\/#breadcrumb","itemListElement":[{"@type":"ListItem","position":1,"name":"Accueil","item":"https:\/\/lenidabijoux.fr\/"},{"@type":"ListItem","position":2,"name":"Parrainage"}]},{"@type":"WebSite","@id":"https:\/\/lenidabijoux.fr\/#website","url":"https:\/\/lenidabijoux.fr\/","name":"Le Nid \u00e0 Bijoux","description":"Trouvez le bijou qui vous ressemble !","publisher":{"@id":"https:\/\/lenidabijoux.fr\/#organization"},"potentialAction":[{"@type":"SearchAction","target":{"@type":"EntryPoint","urlTemplate":"https:\/\/lenidabijoux.fr\/?s={search_term_string}"},"query-input":{"@type":"PropertyValueSpecification","valueRequired":true,"valueName":"search_term_string"}}],"inLanguage":"fr-FR"},{"@type":"Organization","@id":"https:\/\/lenidabijoux.fr\/#organization","name":"Le Nid \u00e0 Bijoux","url":"https:\/\/lenidabijoux.fr\/","logo":{"@type":"ImageObject","inLanguage":"fr-FR","@id":"https:\/\/lenidabijoux.fr\/#\/schema\/logo\/image\/","url":"https:\/\/lenidabijoux.fr\/wp-content\/uploads\/2022\/07\/logo-1.png","contentUrl":"https:\/\/lenidabijoux.fr\/wp-content\/uploads\/2022\/07\/logo-1.png","width":3508,"height":2480,"caption":"Le Nid \u00e0 Bijoux"},"image":{"@id":"https:\/\/lenidabijoux.fr\/#\/schema\/logo\/image\/"},"sameAs":["https:\/\/www.facebook.com\/lenidabijoux\/","https:\/\/www.instagram.com\/lenidabijoux\/","https:\/\/www.pinterest.fr\/LeNidABijoux\/"]}]}},"jetpack_sharing_enabled":true,"_links":{"self":[{"href":"https:\/\/lenidabijoux.fr\/index.php\/wp-json\/wp\/v2\/pages\/4876","targetHints":{"allow":["GET"]}}],"collection":[{"href":"https:\/\/lenidabijoux.fr\/index.php\/wp-json\/wp\/v2\/pages"}],"about":[{"href":"https:\/\/lenidabijoux.fr\/index.php\/wp-json\/wp\/v2\/types\/page"}],"author":[{"embeddable":true,"href":"https:\/\/lenidabijoux.fr\/index.php\/wp-json\/wp\/v2\/users\/1"}],"replies":[{"embeddable":true,"href":"https:\/\/lenidabijoux.fr\/index.php\/wp-json\/wp\/v2\/comments?post=4876"}],"version-history":[{"count":14,"href":"https:\/\/lenidabijoux.fr\/index.php\/wp-json\/wp\/v2\/pages\/4876\/revisions"}],"predecessor-version":[{"id":4995,"href":"https:\/\/lenidabijoux.fr\/index.php\/wp-json\/wp\/v2\/pages\/4876\/revisions\/4995"}],"wp:attachment":[{"href":"https:\/\/lenidabijoux.fr\/index.php\/wp-json\/wp\/v2\/media?parent=4876"}],"curies":[{"name":"wp","href":"https:\/\/api.w.org\/{rel}","templated":true}]}}