{"id":4863,"date":"2023-06-15T12:03:51","date_gmt":"2023-06-15T10:03:51","guid":{"rendered":"https:\/\/lenidabijoux.fr\/?page_id=4863"},"modified":"2023-06-15T13:03:27","modified_gmt":"2023-06-15T11:03:27","slug":"vente-privee","status":"publish","type":"page","link":"https:\/\/lenidabijoux.fr\/index.php\/vente-privee\/","title":{"rendered":"Vente priv\u00e9e"},"content":{"rendered":"\n<h2 class=\"has-text-align-center wp-block-heading\">Organisez une vente priv\u00e9e et gagnez vos bijoux pr\u00e9f\u00e9r\u00e9s !<\/h2>\n\n\n\n<div style=\"height:30px\" aria-hidden=\"true\" class=\"wp-block-spacer\"><\/div>\n\n\n\n<p>Imaginez un moment chaleureux, chez vous, entour\u00e9e de vos amies, toutes r\u00e9unies pour d\u00e9couvrir mes bijoux. Une vente priv\u00e9e, c&rsquo;est plus qu&rsquo;une simple vente \u00e0 domicile. C&rsquo;est une exp\u00e9rience qui allie convivialit\u00e9, mode et cr\u00e9ativit\u00e9.<\/p>\n\n\n\n<p>Lors de cet \u00e9v\u00e9nement exclusif, vous serez l&rsquo;h\u00f4tesse de votre propre vente. Vous aurez l&rsquo;opportunit\u00e9 de pr\u00e9senter \u00e0 vos invit\u00e9es mes collections de bijoux en papier r\u00e9sin\u00e9, cr\u00e9\u00e9es avec passion et savoir-faire. Chaque pi\u00e8ce est minutieusement confectionn\u00e9e \u00e0 la main, alliant la d\u00e9licatesse du papier \u00e0 la brillance de la r\u00e9sine.<\/p>\n\n\n\n<p>Lors des ventes priv\u00e9es, je vous propose des offres exclusives et en tant qu&rsquo;h\u00f4tesse vous serez r\u00e9compens\u00e9e. C&rsquo;est une occasion parfaite pour combiner plaisir et shopping, se conseiller mutuellement sur les meilleures associations de bijoux, tout en partageant des moments agr\u00e9ables avec vos amies.  <\/p>\n\n\n\n<div style=\"height:50px\" aria-hidden=\"true\" class=\"wp-block-spacer\"><\/div>\n\n\n\n<h2 class=\"wp-block-heading\">Comment organiser ma vente priv\u00e9e ?<\/h2>\n\n\n\n<p>Organiser une vente priv\u00e9e est tr\u00e8s simple. Il vous suffit de r\u00e9unir quelques amies, pr\u00e9parer boissons et gourmandises et me laisser faire le reste. Je serai l\u00e0 pour vous guider \u00e0 chaque \u00e9tape de l&rsquo;organisation si besoin.<\/p>\n\n\n\n<p>&nbsp;<\/p>\n\n\n\n<div class=\"wp-block-media-text alignwide has-media-on-the-right is-stacked-on-mobile is-vertically-aligned-center has-background\" style=\"background-color:#f9ebf9;grid-template-columns:auto 37%\"><figure class=\"wp-block-media-text__media\"><img loading=\"lazy\" decoding=\"async\" width=\"591\" height=\"394\" src=\"https:\/\/lenidabijoux.fr\/wp-content\/uploads\/2023\/06\/Design-sans-titre-1-e1685693733648.png\" alt=\"\" class=\"wp-image-4865 size-full\" srcset=\"https:\/\/lenidabijoux.fr\/wp-content\/uploads\/2023\/06\/Design-sans-titre-1-e1685693733648.png 591w, https:\/\/lenidabijoux.fr\/wp-content\/uploads\/2023\/06\/Design-sans-titre-1-e1685693733648-300x200.png 300w, https:\/\/lenidabijoux.fr\/wp-content\/uploads\/2023\/06\/Design-sans-titre-1-e1685693733648-250x167.png 250w\" sizes=\"auto, (max-width: 591px) 100vw, 591px\" \/><\/figure><div class=\"wp-block-media-text__content\">\n<div class=\"wp-block-group\" style=\"padding-top:2em;padding-right:2em;padding-bottom:2em;padding-left:2em\"><div class=\"wp-block-group__inner-container is-layout-flow wp-block-group-is-layout-flow\">\n<ol class=\"has-text-color wp-block-list\" style=\"color:#1a3e51\"><li>CHOISIR : choisir une date (2h suffisent, en journ\u00e9e ou en soir\u00e9e, en semaine ou le weekend.)<\/li><li>INVITER : inviter un maximum de personnes (amies, famille, voisines, coll\u00e8gues, mamans de l&rsquo;\u00e9cole ou des associations&#8230;). Ces personnes peuvent aussi venir accompagn\u00e9es.<\/li><li>PROFITER : Passer un moment convivial entre filles. Aucune obligation d&rsquo;achat, pas de prise de t\u00eate.<\/li><\/ol>\n<\/div><\/div>\n<\/div><\/div>\n\n\n\n<p>&nbsp;<\/p>\n\n\n\n<p>Alors, qu&rsquo;attendez-vous ? Rejoignez la communaut\u00e9 des h\u00f4tesses de ventes priv\u00e9es et laissez la magie des bijoux en papier r\u00e9sin\u00e9 op\u00e9rer dans votre foyer. Offrez un moment convivial \u00e0 vos amies et d\u00e9couvrez des bijoux qui feront rayonner votre f\u00e9minit\u00e9.<\/p>\n\n\n\n<p>Contactez-moi et embarquez dans l&rsquo;aventure de la vente priv\u00e9e d\u00e8s aujourd&rsquo;hui !<\/p>\n\n\n\n<div style=\"height:60px\" aria-hidden=\"true\" class=\"wp-block-spacer\"><\/div>\n\n\n\n<div class=\"wp-block-columns alignfull has-text-color has-background is-layout-flex wp-container-core-columns-is-layout-9d6595d7 wp-block-columns-is-layout-flex\" style=\"background-color:#ffffff;color:#000000\">\n<div class=\"wp-block-column is-layout-flow wp-block-column-is-layout-flow\">\n<h3 class=\"has-text-align-center wp-block-heading\" style=\"font-size:24px;line-height:1.3\">Cadeau h\u00f4tesse<\/h3>\n\n\n\n<p class=\"has-text-align-center\">15% du total des ventes de la r\u00e9union pour vous faire plaisir.<\/p>\n<\/div>\n\n\n\n<div class=\"wp-block-column is-layout-flow wp-block-column-is-layout-flow\">\n<h3 class=\"has-text-align-center wp-block-heading\" style=\"font-size:24px;line-height:1.3\">Gain de temps<\/h3>\n\n\n\n<p class=\"has-text-align-center\">Les bijoux viennent \u00e0 vous. Pas de stress !<\/p>\n<\/div>\n\n\n\n<div class=\"wp-block-column is-layout-flow wp-block-column-is-layout-flow\">\n<h3 class=\"has-text-align-center wp-block-heading\" style=\"font-size:24px;line-height:1.3\">Les + de la vente priv\u00e9e<\/h3>\n\n\n\n<p class=\"has-text-align-center\">Un moment convivial ente copines, des conseils personnalis\u00e9s.<\/p>\n<\/div>\n<\/div>\n\n\n\n<div style=\"height:20px\" aria-hidden=\"true\" class=\"wp-block-spacer\"><\/div>\n\n\n\n<p>Consulter l\u2019int\u00e9gralit\u00e9 des CGV des ventes priv\u00e9es :\u00a0<a href=\"https:\/\/lenidabijoux.fr\/index.php\/cgv-conditions-generales-de-vente\/\" target=\"_blank\" rel=\"noreferrer noopener\">https:\/\/lenidabijoux.fr\/index.php\/cgv-conditions-generales-de-vente\/<\/a><\/p>\n","protected":false},"excerpt":{"rendered":"<p>Organisez une vente priv\u00e9e et gagnez vos bijoux pr\u00e9f\u00e9r\u00e9s ! Imaginez un moment chaleureux, chez vous, entour\u00e9e de vos amies, toutes r\u00e9unies pour d\u00e9couvrir mes bijoux. Une vente priv\u00e9e, c&rsquo;est plus qu&rsquo;une simple vente \u00e0 domicile. C&rsquo;est une exp\u00e9rience qui allie convivialit\u00e9, mode et cr\u00e9ativit\u00e9. Lors de cet \u00e9v\u00e9nement exclusif, vous serez l&rsquo;h\u00f4tesse de votre&#8230; <a class=\"read-more p-color\" rel=\"bookmark\" title=\"Vente priv\u00e9e\" href=\"https:\/\/lenidabijoux.fr\/index.php\/vente-privee\/\">View more<\/a><\/p>\n","protected":false},"author":1,"featured_media":0,"parent":0,"menu_order":0,"comment_status":"closed","ping_status":"closed","template":"","meta":{"om_disable_all_campaigns":false,"_monsterinsights_skip_tracking":false,"_monsterinsights_sitenote_active":false,"_monsterinsights_sitenote_note":"","_monsterinsights_sitenote_category":0,"footnotes":""},"class_list":["post-4863","page","type-page","status-publish","hentry"],"yoast_head":"<!-- This site is optimized with the Yoast SEO plugin v26.6 - https:\/\/yoast.com\/wordpress\/plugins\/seo\/ -->\n<title>Vente priv\u00e9e - Le Nid \u00e0 Bijoux<\/title>\n<meta name=\"description\" content=\"Envie de gagner vos bijoux pr\u00e9f\u00e9r\u00e9s ? Pourquoi ne pas organiser une vente priv\u00e9e, un moment convivial autour d&#039;une pr\u00e9sentation de nos bijoux ?\" \/>\n<meta name=\"robots\" content=\"index, follow, max-snippet:-1, max-image-preview:large, max-video-preview:-1\" \/>\n<link rel=\"canonical\" href=\"https:\/\/lenidabijoux.fr\/index.php\/vente-privee\/\" \/>\n<meta property=\"og:locale\" content=\"fr_FR\" \/>\n<meta property=\"og:type\" content=\"article\" \/>\n<meta property=\"og:title\" content=\"Vente priv\u00e9e - Le Nid \u00e0 Bijoux\" \/>\n<meta property=\"og:description\" content=\"Envie de gagner vos bijoux pr\u00e9f\u00e9r\u00e9s ? Pourquoi ne pas organiser une vente priv\u00e9e, un moment convivial autour d&#039;une pr\u00e9sentation de nos bijoux ?\" \/>\n<meta property=\"og:url\" content=\"https:\/\/lenidabijoux.fr\/index.php\/vente-privee\/\" \/>\n<meta property=\"og:site_name\" content=\"Le Nid \u00e0 Bijoux\" \/>\n<meta property=\"article:publisher\" content=\"https:\/\/www.facebook.com\/lenidabijoux\/\" \/>\n<meta property=\"article:modified_time\" content=\"2023-06-15T11:03:27+00:00\" \/>\n<meta property=\"og:image\" content=\"https:\/\/lenidabijoux.fr\/wp-content\/uploads\/2023\/06\/Design-sans-titre-1-e1685693733648.png\" \/>\n<meta name=\"twitter:card\" content=\"summary_large_image\" \/>\n<meta name=\"twitter:label1\" content=\"Dur\u00e9e de lecture estim\u00e9e\" \/>\n\t<meta name=\"twitter:data1\" content=\"2 minutes\" \/>\n<script type=\"application\/ld+json\" class=\"yoast-schema-graph\">{\"@context\":\"https:\/\/schema.org\",\"@graph\":[{\"@type\":\"WebPage\",\"@id\":\"https:\/\/lenidabijoux.fr\/index.php\/vente-privee\/\",\"url\":\"https:\/\/lenidabijoux.fr\/index.php\/vente-privee\/\",\"name\":\"Vente priv\u00e9e - Le Nid \u00e0 Bijoux\",\"isPartOf\":{\"@id\":\"https:\/\/lenidabijoux.fr\/#website\"},\"primaryImageOfPage\":{\"@id\":\"https:\/\/lenidabijoux.fr\/index.php\/vente-privee\/#primaryimage\"},\"image\":{\"@id\":\"https:\/\/lenidabijoux.fr\/index.php\/vente-privee\/#primaryimage\"},\"thumbnailUrl\":\"https:\/\/lenidabijoux.fr\/wp-content\/uploads\/2023\/06\/Design-sans-titre-1-e1685693733648.png\",\"datePublished\":\"2023-06-15T10:03:51+00:00\",\"dateModified\":\"2023-06-15T11:03:27+00:00\",\"description\":\"Envie de gagner vos bijoux pr\u00e9f\u00e9r\u00e9s ? Pourquoi ne pas organiser une vente priv\u00e9e, un moment convivial autour d'une pr\u00e9sentation de nos bijoux ?\",\"breadcrumb\":{\"@id\":\"https:\/\/lenidabijoux.fr\/index.php\/vente-privee\/#breadcrumb\"},\"inLanguage\":\"fr-FR\",\"potentialAction\":[{\"@type\":\"ReadAction\",\"target\":[\"https:\/\/lenidabijoux.fr\/index.php\/vente-privee\/\"]}]},{\"@type\":\"ImageObject\",\"inLanguage\":\"fr-FR\",\"@id\":\"https:\/\/lenidabijoux.fr\/index.php\/vente-privee\/#primaryimage\",\"url\":\"https:\/\/lenidabijoux.fr\/wp-content\/uploads\/2023\/06\/Design-sans-titre-1-e1685693733648.png\",\"contentUrl\":\"https:\/\/lenidabijoux.fr\/wp-content\/uploads\/2023\/06\/Design-sans-titre-1-e1685693733648.png\",\"width\":591,\"height\":394},{\"@type\":\"BreadcrumbList\",\"@id\":\"https:\/\/lenidabijoux.fr\/index.php\/vente-privee\/#breadcrumb\",\"itemListElement\":[{\"@type\":\"ListItem\",\"position\":1,\"name\":\"Accueil\",\"item\":\"https:\/\/lenidabijoux.fr\/\"},{\"@type\":\"ListItem\",\"position\":2,\"name\":\"Vente priv\u00e9e\"}]},{\"@type\":\"WebSite\",\"@id\":\"https:\/\/lenidabijoux.fr\/#website\",\"url\":\"https:\/\/lenidabijoux.fr\/\",\"name\":\"Le Nid \u00e0 Bijoux\",\"description\":\"Trouvez le bijou qui vous ressemble !\",\"publisher\":{\"@id\":\"https:\/\/lenidabijoux.fr\/#organization\"},\"potentialAction\":[{\"@type\":\"SearchAction\",\"target\":{\"@type\":\"EntryPoint\",\"urlTemplate\":\"https:\/\/lenidabijoux.fr\/?s={search_term_string}\"},\"query-input\":{\"@type\":\"PropertyValueSpecification\",\"valueRequired\":true,\"valueName\":\"search_term_string\"}}],\"inLanguage\":\"fr-FR\"},{\"@type\":\"Organization\",\"@id\":\"https:\/\/lenidabijoux.fr\/#organization\",\"name\":\"Le Nid \u00e0 Bijoux\",\"url\":\"https:\/\/lenidabijoux.fr\/\",\"logo\":{\"@type\":\"ImageObject\",\"inLanguage\":\"fr-FR\",\"@id\":\"https:\/\/lenidabijoux.fr\/#\/schema\/logo\/image\/\",\"url\":\"https:\/\/lenidabijoux.fr\/wp-content\/uploads\/2022\/07\/logo-1.png\",\"contentUrl\":\"https:\/\/lenidabijoux.fr\/wp-content\/uploads\/2022\/07\/logo-1.png\",\"width\":3508,\"height\":2480,\"caption\":\"Le Nid \u00e0 Bijoux\"},\"image\":{\"@id\":\"https:\/\/lenidabijoux.fr\/#\/schema\/logo\/image\/\"},\"sameAs\":[\"https:\/\/www.facebook.com\/lenidabijoux\/\",\"https:\/\/www.instagram.com\/lenidabijoux\/\",\"https:\/\/www.pinterest.fr\/LeNidABijoux\/\"]}]}<\/script>\n<!-- \/ Yoast SEO plugin. -->","yoast_head_json":{"title":"Vente priv\u00e9e - Le Nid \u00e0 Bijoux","description":"Envie de gagner vos bijoux pr\u00e9f\u00e9r\u00e9s ? Pourquoi ne pas organiser une vente priv\u00e9e, un moment convivial autour d'une pr\u00e9sentation de nos bijoux ?","robots":{"index":"index","follow":"follow","max-snippet":"max-snippet:-1","max-image-preview":"max-image-preview:large","max-video-preview":"max-video-preview:-1"},"canonical":"https:\/\/lenidabijoux.fr\/index.php\/vente-privee\/","og_locale":"fr_FR","og_type":"article","og_title":"Vente priv\u00e9e - Le Nid \u00e0 Bijoux","og_description":"Envie de gagner vos bijoux pr\u00e9f\u00e9r\u00e9s ? Pourquoi ne pas organiser une vente priv\u00e9e, un moment convivial autour d'une pr\u00e9sentation de nos bijoux ?","og_url":"https:\/\/lenidabijoux.fr\/index.php\/vente-privee\/","og_site_name":"Le Nid \u00e0 Bijoux","article_publisher":"https:\/\/www.facebook.com\/lenidabijoux\/","article_modified_time":"2023-06-15T11:03:27+00:00","og_image":[{"url":"https:\/\/lenidabijoux.fr\/wp-content\/uploads\/2023\/06\/Design-sans-titre-1-e1685693733648.png","type":"","width":"","height":""}],"twitter_card":"summary_large_image","twitter_misc":{"Dur\u00e9e de lecture estim\u00e9e":"2 minutes"},"schema":{"@context":"https:\/\/schema.org","@graph":[{"@type":"WebPage","@id":"https:\/\/lenidabijoux.fr\/index.php\/vente-privee\/","url":"https:\/\/lenidabijoux.fr\/index.php\/vente-privee\/","name":"Vente priv\u00e9e - Le Nid \u00e0 Bijoux","isPartOf":{"@id":"https:\/\/lenidabijoux.fr\/#website"},"primaryImageOfPage":{"@id":"https:\/\/lenidabijoux.fr\/index.php\/vente-privee\/#primaryimage"},"image":{"@id":"https:\/\/lenidabijoux.fr\/index.php\/vente-privee\/#primaryimage"},"thumbnailUrl":"https:\/\/lenidabijoux.fr\/wp-content\/uploads\/2023\/06\/Design-sans-titre-1-e1685693733648.png","datePublished":"2023-06-15T10:03:51+00:00","dateModified":"2023-06-15T11:03:27+00:00","description":"Envie de gagner vos bijoux pr\u00e9f\u00e9r\u00e9s ? Pourquoi ne pas organiser une vente priv\u00e9e, un moment convivial autour d'une pr\u00e9sentation de nos bijoux ?","breadcrumb":{"@id":"https:\/\/lenidabijoux.fr\/index.php\/vente-privee\/#breadcrumb"},"inLanguage":"fr-FR","potentialAction":[{"@type":"ReadAction","target":["https:\/\/lenidabijoux.fr\/index.php\/vente-privee\/"]}]},{"@type":"ImageObject","inLanguage":"fr-FR","@id":"https:\/\/lenidabijoux.fr\/index.php\/vente-privee\/#primaryimage","url":"https:\/\/lenidabijoux.fr\/wp-content\/uploads\/2023\/06\/Design-sans-titre-1-e1685693733648.png","contentUrl":"https:\/\/lenidabijoux.fr\/wp-content\/uploads\/2023\/06\/Design-sans-titre-1-e1685693733648.png","width":591,"height":394},{"@type":"BreadcrumbList","@id":"https:\/\/lenidabijoux.fr\/index.php\/vente-privee\/#breadcrumb","itemListElement":[{"@type":"ListItem","position":1,"name":"Accueil","item":"https:\/\/lenidabijoux.fr\/"},{"@type":"ListItem","position":2,"name":"Vente priv\u00e9e"}]},{"@type":"WebSite","@id":"https:\/\/lenidabijoux.fr\/#website","url":"https:\/\/lenidabijoux.fr\/","name":"Le Nid \u00e0 Bijoux","description":"Trouvez le bijou qui vous ressemble !","publisher":{"@id":"https:\/\/lenidabijoux.fr\/#organization"},"potentialAction":[{"@type":"SearchAction","target":{"@type":"EntryPoint","urlTemplate":"https:\/\/lenidabijoux.fr\/?s={search_term_string}"},"query-input":{"@type":"PropertyValueSpecification","valueRequired":true,"valueName":"search_term_string"}}],"inLanguage":"fr-FR"},{"@type":"Organization","@id":"https:\/\/lenidabijoux.fr\/#organization","name":"Le Nid \u00e0 Bijoux","url":"https:\/\/lenidabijoux.fr\/","logo":{"@type":"ImageObject","inLanguage":"fr-FR","@id":"https:\/\/lenidabijoux.fr\/#\/schema\/logo\/image\/","url":"https:\/\/lenidabijoux.fr\/wp-content\/uploads\/2022\/07\/logo-1.png","contentUrl":"https:\/\/lenidabijoux.fr\/wp-content\/uploads\/2022\/07\/logo-1.png","width":3508,"height":2480,"caption":"Le Nid \u00e0 Bijoux"},"image":{"@id":"https:\/\/lenidabijoux.fr\/#\/schema\/logo\/image\/"},"sameAs":["https:\/\/www.facebook.com\/lenidabijoux\/","https:\/\/www.instagram.com\/lenidabijoux\/","https:\/\/www.pinterest.fr\/LeNidABijoux\/"]}]}},"jetpack_sharing_enabled":true,"_links":{"self":[{"href":"https:\/\/lenidabijoux.fr\/index.php\/wp-json\/wp\/v2\/pages\/4863","targetHints":{"allow":["GET"]}}],"collection":[{"href":"https:\/\/lenidabijoux.fr\/index.php\/wp-json\/wp\/v2\/pages"}],"about":[{"href":"https:\/\/lenidabijoux.fr\/index.php\/wp-json\/wp\/v2\/types\/page"}],"author":[{"embeddable":true,"href":"https:\/\/lenidabijoux.fr\/index.php\/wp-json\/wp\/v2\/users\/1"}],"replies":[{"embeddable":true,"href":"https:\/\/lenidabijoux.fr\/index.php\/wp-json\/wp\/v2\/comments?post=4863"}],"version-history":[{"count":18,"href":"https:\/\/lenidabijoux.fr\/index.php\/wp-json\/wp\/v2\/pages\/4863\/revisions"}],"predecessor-version":[{"id":5000,"href":"https:\/\/lenidabijoux.fr\/index.php\/wp-json\/wp\/v2\/pages\/4863\/revisions\/5000"}],"wp:attachment":[{"href":"https:\/\/lenidabijoux.fr\/index.php\/wp-json\/wp\/v2\/media?parent=4863"}],"curies":[{"name":"wp","href":"https:\/\/api.w.org\/{rel}","templated":true}]}}