{"id":3727,"date":"2022-07-26T12:19:54","date_gmt":"2022-07-26T10:19:54","guid":{"rendered":"https:\/\/lenidabijoux.fr\/?page_id=3727"},"modified":"2023-02-13T11:56:08","modified_gmt":"2023-02-13T10:56:08","slug":"product-category-categories-produits","status":"publish","type":"page","link":"https:\/\/lenidabijoux.fr\/index.php\/product-category-categories-produits\/","title":{"rendered":"Cat\u00e9gories Produits"},"content":{"rendered":"<p>[vc_row][vc_column]<div class=\"woocommerce columns-4\"><div class=\"product-listing woocommerce clearfix columns-4\">\n\t<div class=\"product-category product-item-wrap\">\n\t<div class=\"product-category-inner\">\n\t\t<img loading=\"lazy\" decoding=\"async\" src=\"https:\/\/lenidabijoux.fr\/wp-content\/uploads\/2022\/07\/eventai-yellow-2-e1671456722395-500x500.jpg\" alt=\"Boucles d&#039;oreilles\" width=\"500\" height=\"500\" srcset=\"https:\/\/lenidabijoux.fr\/wp-content\/uploads\/2022\/07\/eventai-yellow-2-e1671456722395-500x500.jpg 500w, https:\/\/lenidabijoux.fr\/wp-content\/uploads\/2022\/07\/eventai-yellow-2-e1671456722395-100x100.jpg 100w, https:\/\/lenidabijoux.fr\/wp-content\/uploads\/2022\/07\/eventai-yellow-2-e1671456722395-150x150.jpg 150w\" sizes=\"auto, (max-width: 500px) 100vw, 500px\" \/>\n\t\t\t\t<div class=\"text-center\">\n\t\t\t\t\t<a class=\"p-color-bg\" href=\"https:\/\/lenidabijoux.fr\/index.php\/product-category\/bo\/\">\n\t\t\t\t\t\tBoucles d&#039;oreilles\t\t\t\t\t\t<i class=\"pe-7s-right-arrow\"><\/i>\n\t\t\t\t\t<\/a>\n\t\t\t\t<\/div>\n\n\t\t\t\t<\/div>\n<\/div>\n<\/div>\n<\/div>[\/vc_column][\/vc_row][vc_row][vc_column]<div class=\"woocommerce columns-4\"><div class=\"product-listing woocommerce clearfix columns-4\">\n\t<div class=\"product-category product-item-wrap\">\n\t<div class=\"product-category-inner\">\n\t\t<img loading=\"lazy\" decoding=\"async\" src=\"https:\/\/lenidabijoux.fr\/wp-content\/uploads\/2022\/07\/collier-lune-black-scaled-500x500.jpg\" alt=\"Colliers\" width=\"500\" height=\"500\" srcset=\"https:\/\/lenidabijoux.fr\/wp-content\/uploads\/2022\/07\/collier-lune-black-scaled-500x500.jpg 500w, https:\/\/lenidabijoux.fr\/wp-content\/uploads\/2022\/07\/collier-lune-black-scaled-100x100.jpg 100w, https:\/\/lenidabijoux.fr\/wp-content\/uploads\/2022\/07\/collier-lune-black-150x150.jpg 150w\" sizes=\"auto, (max-width: 500px) 100vw, 500px\" \/>\n\t\t\t\t<div class=\"text-center\">\n\t\t\t\t\t<a class=\"p-color-bg\" href=\"https:\/\/lenidabijoux.fr\/index.php\/product-category\/colliers\/\">\n\t\t\t\t\t\tColliers\t\t\t\t\t\t<i class=\"pe-7s-right-arrow\"><\/i>\n\t\t\t\t\t<\/a>\n\t\t\t\t<\/div>\n\n\t\t\t\t<\/div>\n<\/div>\n<\/div>\n<\/div>[\/vc_column][\/vc_row][vc_row][vc_column]<div class=\"woocommerce columns-4\"><div class=\"product-listing woocommerce clearfix columns-4\">\n\t<div class=\"product-category product-item-wrap\">\n\t<div class=\"product-category-inner\">\n\t\t<img loading=\"lazy\" decoding=\"async\" src=\"https:\/\/lenidabijoux.fr\/wp-content\/uploads\/2022\/07\/bracelet-perle-aztec-scaled-500x500.jpg\" alt=\"Bracelets\" width=\"500\" height=\"500\" srcset=\"https:\/\/lenidabijoux.fr\/wp-content\/uploads\/2022\/07\/bracelet-perle-aztec-scaled-500x500.jpg 500w, https:\/\/lenidabijoux.fr\/wp-content\/uploads\/2022\/07\/bracelet-perle-aztec-scaled-100x100.jpg 100w, https:\/\/lenidabijoux.fr\/wp-content\/uploads\/2022\/07\/bracelet-perle-aztec-150x150.jpg 150w\" sizes=\"auto, (max-width: 500px) 100vw, 500px\" \/>\n\t\t\t\t<div class=\"text-center\">\n\t\t\t\t\t<a class=\"p-color-bg\" href=\"https:\/\/lenidabijoux.fr\/index.php\/product-category\/bracelets\/\">\n\t\t\t\t\t\tBracelets\t\t\t\t\t\t<i class=\"pe-7s-right-arrow\"><\/i>\n\t\t\t\t\t<\/a>\n\t\t\t\t<\/div>\n\n\t\t\t\t<\/div>\n<\/div>\n<\/div>\n<\/div>[\/vc_column][\/vc_row][vc_row][vc_column]<div class=\"woocommerce columns-4\"><div class=\"product-listing woocommerce clearfix columns-4\">\n\t<div class=\"product-category product-item-wrap\">\n\t<div class=\"product-category-inner\">\n\t\t<img loading=\"lazy\" decoding=\"async\" src=\"https:\/\/lenidabijoux.fr\/wp-content\/uploads\/2022\/07\/bague-color-wave-2-500x500.jpg\" alt=\"Bagues\" width=\"500\" height=\"500\" srcset=\"https:\/\/lenidabijoux.fr\/wp-content\/uploads\/2022\/07\/bague-color-wave-2-500x500.jpg 500w, https:\/\/lenidabijoux.fr\/wp-content\/uploads\/2022\/07\/bague-color-wave-2-100x100.jpg 100w, https:\/\/lenidabijoux.fr\/wp-content\/uploads\/2022\/07\/bague-color-wave-2-150x150.jpg 150w\" sizes=\"auto, (max-width: 500px) 100vw, 500px\" \/>\n\t\t\t\t<div class=\"text-center\">\n\t\t\t\t\t<a class=\"p-color-bg\" href=\"https:\/\/lenidabijoux.fr\/index.php\/product-category\/bagues\/\">\n\t\t\t\t\t\tBagues\t\t\t\t\t\t<i class=\"pe-7s-right-arrow\"><\/i>\n\t\t\t\t\t<\/a>\n\t\t\t\t<\/div>\n\n\t\t\t\t<\/div>\n<\/div>\n<\/div>\n<\/div>[\/vc_column][\/vc_row][vc_row][vc_column]<div class=\"woocommerce columns-4\"><div class=\"product-listing woocommerce clearfix columns-4\">\n\t<div class=\"product-category product-item-wrap\">\n\t<div class=\"product-category-inner\">\n\t\t<img loading=\"lazy\" decoding=\"async\" src=\"https:\/\/lenidabijoux.fr\/wp-content\/uploads\/woocommerce-placeholder-500x500.png\" alt=\"Autres accessoires et bijoux\" width=\"500\" height=\"500\" \/>\n\t\t\t\t<div class=\"text-center\">\n\t\t\t\t\t<a class=\"p-color-bg\" href=\"https:\/\/lenidabijoux.fr\/index.php\/product-category\/autre\/\">\n\t\t\t\t\t\tAutres accessoires et bijoux\t\t\t\t\t\t<i class=\"pe-7s-right-arrow\"><\/i>\n\t\t\t\t\t<\/a>\n\t\t\t\t<\/div>\n\n\t\t\t\t<\/div>\n<\/div>\n<\/div>\n<\/div>[\/vc_column][\/vc_row]<\/p>\n","protected":false},"excerpt":{"rendered":"<p>[vc_row][vc_column][\/vc_column][\/vc_row][vc_row][vc_column][\/vc_column][\/vc_row][vc_row][vc_column][\/vc_column][\/vc_row][vc_row][vc_column][\/vc_column][\/vc_row][vc_row][vc_column][\/vc_column][\/vc_row]<\/p>\n","protected":false},"author":1,"featured_media":0,"parent":0,"menu_order":0,"comment_status":"closed","ping_status":"closed","template":"","meta":{"om_disable_all_campaigns":false,"_monsterinsights_skip_tracking":false,"_monsterinsights_sitenote_active":false,"_monsterinsights_sitenote_note":"","_monsterinsights_sitenote_category":0,"footnotes":""},"class_list":["post-3727","page","type-page","status-publish","hentry"],"yoast_head":"<!-- This site is optimized with the Yoast SEO plugin v26.6 - https:\/\/yoast.com\/wordpress\/plugins\/seo\/ -->\n<title>Cat\u00e9gories Produits - Le Nid \u00e0 Bijoux<\/title>\n<meta name=\"description\" content=\"Retrouvez tous nos bijoux class\u00e9s par cat\u00e9gories de produits. Grand choix de Boucles d&#039;oreilles, bracelets, colliers, bagues.\" \/>\n<meta name=\"robots\" content=\"index, follow, max-snippet:-1, max-image-preview:large, max-video-preview:-1\" \/>\n<link rel=\"canonical\" href=\"https:\/\/lenidabijoux.fr\/index.php\/product-category-categories-produits\/\" \/>\n<meta property=\"og:locale\" content=\"fr_FR\" \/>\n<meta property=\"og:type\" content=\"article\" \/>\n<meta property=\"og:title\" content=\"Cat\u00e9gories Produits - Le Nid \u00e0 Bijoux\" \/>\n<meta property=\"og:description\" content=\"Retrouvez tous nos bijoux class\u00e9s par cat\u00e9gories de produits. Grand choix de Boucles d&#039;oreilles, bracelets, colliers, bagues.\" \/>\n<meta property=\"og:url\" content=\"https:\/\/lenidabijoux.fr\/index.php\/product-category-categories-produits\/\" \/>\n<meta property=\"og:site_name\" content=\"Le Nid \u00e0 Bijoux\" \/>\n<meta property=\"article:publisher\" content=\"https:\/\/www.facebook.com\/lenidabijoux\/\" \/>\n<meta property=\"article:modified_time\" content=\"2023-02-13T10:56:08+00:00\" \/>\n<meta name=\"twitter:card\" content=\"summary_large_image\" \/>\n<meta name=\"twitter:label1\" content=\"Dur\u00e9e de lecture estim\u00e9e\" \/>\n\t<meta name=\"twitter:data1\" content=\"1 minute\" \/>\n<script type=\"application\/ld+json\" class=\"yoast-schema-graph\">{\"@context\":\"https:\/\/schema.org\",\"@graph\":[{\"@type\":\"WebPage\",\"@id\":\"https:\/\/lenidabijoux.fr\/index.php\/product-category-categories-produits\/\",\"url\":\"https:\/\/lenidabijoux.fr\/index.php\/product-category-categories-produits\/\",\"name\":\"Cat\u00e9gories Produits - Le Nid \u00e0 Bijoux\",\"isPartOf\":{\"@id\":\"https:\/\/lenidabijoux.fr\/#website\"},\"datePublished\":\"2022-07-26T10:19:54+00:00\",\"dateModified\":\"2023-02-13T10:56:08+00:00\",\"description\":\"Retrouvez tous nos bijoux class\u00e9s par cat\u00e9gories de produits. Grand choix de Boucles d'oreilles, bracelets, colliers, bagues.\",\"breadcrumb\":{\"@id\":\"https:\/\/lenidabijoux.fr\/index.php\/product-category-categories-produits\/#breadcrumb\"},\"inLanguage\":\"fr-FR\",\"potentialAction\":[{\"@type\":\"ReadAction\",\"target\":[\"https:\/\/lenidabijoux.fr\/index.php\/product-category-categories-produits\/\"]}]},{\"@type\":\"BreadcrumbList\",\"@id\":\"https:\/\/lenidabijoux.fr\/index.php\/product-category-categories-produits\/#breadcrumb\",\"itemListElement\":[{\"@type\":\"ListItem\",\"position\":1,\"name\":\"Accueil\",\"item\":\"https:\/\/lenidabijoux.fr\/\"},{\"@type\":\"ListItem\",\"position\":2,\"name\":\"Cat\u00e9gories Produits\"}]},{\"@type\":\"WebSite\",\"@id\":\"https:\/\/lenidabijoux.fr\/#website\",\"url\":\"https:\/\/lenidabijoux.fr\/\",\"name\":\"Le Nid \u00e0 Bijoux\",\"description\":\"Trouvez le bijou qui vous ressemble !\",\"publisher\":{\"@id\":\"https:\/\/lenidabijoux.fr\/#organization\"},\"potentialAction\":[{\"@type\":\"SearchAction\",\"target\":{\"@type\":\"EntryPoint\",\"urlTemplate\":\"https:\/\/lenidabijoux.fr\/?s={search_term_string}\"},\"query-input\":{\"@type\":\"PropertyValueSpecification\",\"valueRequired\":true,\"valueName\":\"search_term_string\"}}],\"inLanguage\":\"fr-FR\"},{\"@type\":\"Organization\",\"@id\":\"https:\/\/lenidabijoux.fr\/#organization\",\"name\":\"Le Nid \u00e0 Bijoux\",\"url\":\"https:\/\/lenidabijoux.fr\/\",\"logo\":{\"@type\":\"ImageObject\",\"inLanguage\":\"fr-FR\",\"@id\":\"https:\/\/lenidabijoux.fr\/#\/schema\/logo\/image\/\",\"url\":\"https:\/\/lenidabijoux.fr\/wp-content\/uploads\/2022\/07\/logo-1.png\",\"contentUrl\":\"https:\/\/lenidabijoux.fr\/wp-content\/uploads\/2022\/07\/logo-1.png\",\"width\":3508,\"height\":2480,\"caption\":\"Le Nid \u00e0 Bijoux\"},\"image\":{\"@id\":\"https:\/\/lenidabijoux.fr\/#\/schema\/logo\/image\/\"},\"sameAs\":[\"https:\/\/www.facebook.com\/lenidabijoux\/\",\"https:\/\/www.instagram.com\/lenidabijoux\/\",\"https:\/\/www.pinterest.fr\/LeNidABijoux\/\"]}]}<\/script>\n<!-- \/ Yoast SEO plugin. -->","yoast_head_json":{"title":"Cat\u00e9gories Produits - Le Nid \u00e0 Bijoux","description":"Retrouvez tous nos bijoux class\u00e9s par cat\u00e9gories de produits. Grand choix de Boucles d'oreilles, bracelets, colliers, bagues.","robots":{"index":"index","follow":"follow","max-snippet":"max-snippet:-1","max-image-preview":"max-image-preview:large","max-video-preview":"max-video-preview:-1"},"canonical":"https:\/\/lenidabijoux.fr\/index.php\/product-category-categories-produits\/","og_locale":"fr_FR","og_type":"article","og_title":"Cat\u00e9gories Produits - Le Nid \u00e0 Bijoux","og_description":"Retrouvez tous nos bijoux class\u00e9s par cat\u00e9gories de produits. Grand choix de Boucles d'oreilles, bracelets, colliers, bagues.","og_url":"https:\/\/lenidabijoux.fr\/index.php\/product-category-categories-produits\/","og_site_name":"Le Nid \u00e0 Bijoux","article_publisher":"https:\/\/www.facebook.com\/lenidabijoux\/","article_modified_time":"2023-02-13T10:56:08+00:00","twitter_card":"summary_large_image","twitter_misc":{"Dur\u00e9e de lecture estim\u00e9e":"1 minute"},"schema":{"@context":"https:\/\/schema.org","@graph":[{"@type":"WebPage","@id":"https:\/\/lenidabijoux.fr\/index.php\/product-category-categories-produits\/","url":"https:\/\/lenidabijoux.fr\/index.php\/product-category-categories-produits\/","name":"Cat\u00e9gories Produits - Le Nid \u00e0 Bijoux","isPartOf":{"@id":"https:\/\/lenidabijoux.fr\/#website"},"datePublished":"2022-07-26T10:19:54+00:00","dateModified":"2023-02-13T10:56:08+00:00","description":"Retrouvez tous nos bijoux class\u00e9s par cat\u00e9gories de produits. Grand choix de Boucles d'oreilles, bracelets, colliers, bagues.","breadcrumb":{"@id":"https:\/\/lenidabijoux.fr\/index.php\/product-category-categories-produits\/#breadcrumb"},"inLanguage":"fr-FR","potentialAction":[{"@type":"ReadAction","target":["https:\/\/lenidabijoux.fr\/index.php\/product-category-categories-produits\/"]}]},{"@type":"BreadcrumbList","@id":"https:\/\/lenidabijoux.fr\/index.php\/product-category-categories-produits\/#breadcrumb","itemListElement":[{"@type":"ListItem","position":1,"name":"Accueil","item":"https:\/\/lenidabijoux.fr\/"},{"@type":"ListItem","position":2,"name":"Cat\u00e9gories Produits"}]},{"@type":"WebSite","@id":"https:\/\/lenidabijoux.fr\/#website","url":"https:\/\/lenidabijoux.fr\/","name":"Le Nid \u00e0 Bijoux","description":"Trouvez le bijou qui vous ressemble !","publisher":{"@id":"https:\/\/lenidabijoux.fr\/#organization"},"potentialAction":[{"@type":"SearchAction","target":{"@type":"EntryPoint","urlTemplate":"https:\/\/lenidabijoux.fr\/?s={search_term_string}"},"query-input":{"@type":"PropertyValueSpecification","valueRequired":true,"valueName":"search_term_string"}}],"inLanguage":"fr-FR"},{"@type":"Organization","@id":"https:\/\/lenidabijoux.fr\/#organization","name":"Le Nid \u00e0 Bijoux","url":"https:\/\/lenidabijoux.fr\/","logo":{"@type":"ImageObject","inLanguage":"fr-FR","@id":"https:\/\/lenidabijoux.fr\/#\/schema\/logo\/image\/","url":"https:\/\/lenidabijoux.fr\/wp-content\/uploads\/2022\/07\/logo-1.png","contentUrl":"https:\/\/lenidabijoux.fr\/wp-content\/uploads\/2022\/07\/logo-1.png","width":3508,"height":2480,"caption":"Le Nid \u00e0 Bijoux"},"image":{"@id":"https:\/\/lenidabijoux.fr\/#\/schema\/logo\/image\/"},"sameAs":["https:\/\/www.facebook.com\/lenidabijoux\/","https:\/\/www.instagram.com\/lenidabijoux\/","https:\/\/www.pinterest.fr\/LeNidABijoux\/"]}]}},"jetpack_sharing_enabled":true,"_links":{"self":[{"href":"https:\/\/lenidabijoux.fr\/index.php\/wp-json\/wp\/v2\/pages\/3727","targetHints":{"allow":["GET"]}}],"collection":[{"href":"https:\/\/lenidabijoux.fr\/index.php\/wp-json\/wp\/v2\/pages"}],"about":[{"href":"https:\/\/lenidabijoux.fr\/index.php\/wp-json\/wp\/v2\/types\/page"}],"author":[{"embeddable":true,"href":"https:\/\/lenidabijoux.fr\/index.php\/wp-json\/wp\/v2\/users\/1"}],"replies":[{"embeddable":true,"href":"https:\/\/lenidabijoux.fr\/index.php\/wp-json\/wp\/v2\/comments?post=3727"}],"version-history":[{"count":3,"href":"https:\/\/lenidabijoux.fr\/index.php\/wp-json\/wp\/v2\/pages\/3727\/revisions"}],"predecessor-version":[{"id":3736,"href":"https:\/\/lenidabijoux.fr\/index.php\/wp-json\/wp\/v2\/pages\/3727\/revisions\/3736"}],"wp:attachment":[{"href":"https:\/\/lenidabijoux.fr\/index.php\/wp-json\/wp\/v2\/media?parent=3727"}],"curies":[{"name":"wp","href":"https:\/\/api.w.org\/{rel}","templated":true}]}}