{"id":3630,"date":"2022-07-23T16:50:30","date_gmt":"2022-07-23T14:50:30","guid":{"rendered":"https:\/\/lenidabijoux.fr\/?page_id=3630"},"modified":"2023-02-13T14:08:09","modified_gmt":"2023-02-13T13:08:09","slug":"mentions-legales","status":"publish","type":"page","link":"https:\/\/lenidabijoux.fr\/index.php\/mentions-legales\/","title":{"rendered":"Mentions L\u00e9gales"},"content":{"rendered":"\r\n<h2 class=\"wp-block-heading\">I. \u00c9DITEUR<\/h2>\r\n\r\n\r\n\r\n<p>L&rsquo;entreprise individuelle Le Nid \u00e0 Bijoux, immatricul\u00e9e \u00e0 la Chambre des M\u00e9tiers et de l\u2019Artisanat de la Haute-Garonne sous le num\u00e9ro SIRET : 849997606-00017 dont le si\u00e8ge social est situ\u00e9 au\u00a08 rue du parc des catilats,\u00a0France. La directrice de la publication est Coraline BOUILLON repr\u00e9sentante l\u00e9gale du Nid \u00e0 Bijoux. Contact :\u00a0<a title=\"\" href=\"mailto:le-nid-a-bijoux@outlook.fr\">le-nid-a-bijoux@outlook.fr<\/a><\/p>\r\n\r\n\r\n\r\n<h2 class=\"wp-block-heading\">II. H\u00c9BERGEUR<\/h2>\r\n\r\n\r\n\r\n<p>Hostinger<\/p>\r\n\r\n\r\n\r\n<h2 class=\"wp-block-heading\">III. CONCEPTION ET R\u00c9ALISATION<\/h2>\r\n\r\n\r\n\r\n<p>Le Nid \u00e0 Bijoux<\/p>\r\n\r\n\r\n\r\n<h2 class=\"wp-block-heading\">IV. DONN\u00c9ES PERSONNELLES ET COOKIES<\/h2>\r\n\r\n\r\n\r\n<p>Le Site utilise des cookies (t\u00e9moins de connexion) ce dont l\u2019utilisateur est inform\u00e9 en arrivant sur le site internet, qui permettent d\u2019enregistrer des informations relatives \u00e0 la navigation de l\u2019ordinateur sur le site internet. Ces cookies ne sont install\u00e9s qu\u2019apr\u00e8s acceptation par l\u2019utilisateur, la poursuite de la navigation sur le site internet valant acceptation. L\u2019utilisateur peut s\u2019opposer \u00e0 l\u2019utilisation de ces cookies en param\u00e9trant son navigateur, sachant que l\u2019acc\u00e8s \u00e0 certains services peut n\u00e9cessiter l\u2019acceptation pr\u00e9alable par l\u2019utilisateur des cookies.<\/p>\r\n\r\n\r\n\r\n<p>Toutes les informations de votre Compte ne sont utilis\u00e9es que dans le cadre de votre relation commerciale avec le site lenidabijoux.fr. Ces informations ne sont jamais partag\u00e9es avec des tiers ou revendues. Enfin, vos informations bancaires ne sont jamais en notre possession. Les transactions sont enti\u00e8rement trait\u00e9es par Paypal ou par le module de paiement s\u00e9curis\u00e9 de notre partenaire Stripe. Vous disposez d&rsquo;un droit d&rsquo;acc\u00e8s aux donn\u00e9es, ainsi qu&rsquo;un droit de modification et de suppression de celles-ci. Pour exercer ce droit, il suffit d&rsquo;\u00e9crire au Nid \u00e0 Bijoux via le formulaire de contact dans la rubrique \u00abNous contacter \u00bb, ou encore d&rsquo;envoyer un courrier \u00e0 : Le Nid \u00e0 Bijoux , 8 rue du parc des Catilats &#8211; 31150 FENOUILLET, France.<\/p>\r\n<p>Vous pouvez \u00e9galement acc\u00e9der aux informations vous concernant et proc\u00e9der \u00e9ventuellement aux rectifications n\u00e9cessaires directement sur le site en vous rendant sur votre compte. Enfin vous avez \u00e9galement la possibilit\u00e9 de vous d\u00e9sabonner des newsletters propos\u00e9es par www.lenidabijoux.fr (newsletters &amp; sms) d\u2019un simple clic sur le lien pr\u00e9vu en bas de page dans la derni\u00e8re newsletter ou SMS que vous avez re\u00e7u.<\/p>\r\n\r\n\r\n\r\n<h2 class=\"wp-block-heading\">V. DROITS D&rsquo;AUTEUR<\/h2>\r\n\r\n\r\n\r\n<p>La reproduction ou repr\u00e9sentation, int\u00e9grale ou partielle, des pages, des images, des donn\u00e9es et de tout autre \u00e9l\u00e9ment constitutif au site www.lenidabijoux.fr, par quelque proc\u00e9d\u00e9 ou support que ce soit, est interdite et constitue sans autorisation de l&rsquo;\u00e9diteur une contrefa\u00e7on.<\/p>\r\n\r\n\r\n\r\n<div class=\"wp-block-spacer\" style=\"height: 50px;\" aria-hidden=\"true\">\u00a0<\/div>\r\n","protected":false},"excerpt":{"rendered":"<p>I. \u00c9DITEUR L&rsquo;entreprise individuelle Le Nid \u00e0 Bijoux, immatricul\u00e9e \u00e0 la Chambre des M\u00e9tiers et de l\u2019Artisanat de la Haute-Garonne sous le num\u00e9ro SIRET : 849997606-00017 dont le si\u00e8ge social est situ\u00e9 au\u00a08 rue du parc des catilats,\u00a0France. La directrice de la publication est Coraline BOUILLON repr\u00e9sentante l\u00e9gale du Nid \u00e0 Bijoux. Contact :\u00a0le-nid-a-bijoux@outlook.fr II&#8230;. <a class=\"read-more p-color\" rel=\"bookmark\" title=\"Mentions L\u00e9gales\" href=\"https:\/\/lenidabijoux.fr\/index.php\/mentions-legales\/\">View more<\/a><\/p>\n","protected":false},"author":1,"featured_media":0,"parent":0,"menu_order":0,"comment_status":"closed","ping_status":"closed","template":"","meta":{"om_disable_all_campaigns":false,"_monsterinsights_skip_tracking":false,"_monsterinsights_sitenote_active":false,"_monsterinsights_sitenote_note":"","_monsterinsights_sitenote_category":0,"footnotes":""},"class_list":["post-3630","page","type-page","status-publish","hentry"],"yoast_head":"<!-- This site is optimized with the Yoast SEO plugin v26.6 - https:\/\/yoast.com\/wordpress\/plugins\/seo\/ -->\n<title>Mentions L\u00e9gales - Le Nid \u00e0 Bijoux<\/title>\n<meta name=\"description\" content=\"Retrouvez toutes les mentions l\u00e9gales du site. L&#039;entreprise individuelle Le Nid \u00e0 Bijoux, immatricul\u00e9e \u00e0 la Chambre des m\u00e9tiers ...\" \/>\n<meta name=\"robots\" content=\"index, follow, max-snippet:-1, max-image-preview:large, max-video-preview:-1\" \/>\n<link rel=\"canonical\" href=\"https:\/\/lenidabijoux.fr\/index.php\/mentions-legales\/\" \/>\n<meta property=\"og:locale\" content=\"fr_FR\" \/>\n<meta property=\"og:type\" content=\"article\" \/>\n<meta property=\"og:title\" content=\"Mentions L\u00e9gales - Le Nid \u00e0 Bijoux\" \/>\n<meta property=\"og:description\" content=\"Retrouvez toutes les mentions l\u00e9gales du site. L&#039;entreprise individuelle Le Nid \u00e0 Bijoux, immatricul\u00e9e \u00e0 la Chambre des m\u00e9tiers ...\" \/>\n<meta property=\"og:url\" content=\"https:\/\/lenidabijoux.fr\/index.php\/mentions-legales\/\" \/>\n<meta property=\"og:site_name\" content=\"Le Nid \u00e0 Bijoux\" \/>\n<meta property=\"article:publisher\" content=\"https:\/\/www.facebook.com\/lenidabijoux\/\" \/>\n<meta property=\"article:modified_time\" content=\"2023-02-13T13:08:09+00:00\" \/>\n<meta name=\"twitter:card\" content=\"summary_large_image\" \/>\n<meta name=\"twitter:label1\" content=\"Dur\u00e9e de lecture estim\u00e9e\" \/>\n\t<meta name=\"twitter:data1\" content=\"2 minutes\" \/>\n<script type=\"application\/ld+json\" class=\"yoast-schema-graph\">{\"@context\":\"https:\/\/schema.org\",\"@graph\":[{\"@type\":\"WebPage\",\"@id\":\"https:\/\/lenidabijoux.fr\/index.php\/mentions-legales\/\",\"url\":\"https:\/\/lenidabijoux.fr\/index.php\/mentions-legales\/\",\"name\":\"Mentions L\u00e9gales - Le Nid \u00e0 Bijoux\",\"isPartOf\":{\"@id\":\"https:\/\/lenidabijoux.fr\/#website\"},\"datePublished\":\"2022-07-23T14:50:30+00:00\",\"dateModified\":\"2023-02-13T13:08:09+00:00\",\"description\":\"Retrouvez toutes les mentions l\u00e9gales du site. L'entreprise individuelle Le Nid \u00e0 Bijoux, immatricul\u00e9e \u00e0 la Chambre des m\u00e9tiers ...\",\"breadcrumb\":{\"@id\":\"https:\/\/lenidabijoux.fr\/index.php\/mentions-legales\/#breadcrumb\"},\"inLanguage\":\"fr-FR\",\"potentialAction\":[{\"@type\":\"ReadAction\",\"target\":[\"https:\/\/lenidabijoux.fr\/index.php\/mentions-legales\/\"]}]},{\"@type\":\"BreadcrumbList\",\"@id\":\"https:\/\/lenidabijoux.fr\/index.php\/mentions-legales\/#breadcrumb\",\"itemListElement\":[{\"@type\":\"ListItem\",\"position\":1,\"name\":\"Accueil\",\"item\":\"https:\/\/lenidabijoux.fr\/\"},{\"@type\":\"ListItem\",\"position\":2,\"name\":\"Mentions L\u00e9gales\"}]},{\"@type\":\"WebSite\",\"@id\":\"https:\/\/lenidabijoux.fr\/#website\",\"url\":\"https:\/\/lenidabijoux.fr\/\",\"name\":\"Le Nid \u00e0 Bijoux\",\"description\":\"Trouvez le bijou qui vous ressemble !\",\"publisher\":{\"@id\":\"https:\/\/lenidabijoux.fr\/#organization\"},\"potentialAction\":[{\"@type\":\"SearchAction\",\"target\":{\"@type\":\"EntryPoint\",\"urlTemplate\":\"https:\/\/lenidabijoux.fr\/?s={search_term_string}\"},\"query-input\":{\"@type\":\"PropertyValueSpecification\",\"valueRequired\":true,\"valueName\":\"search_term_string\"}}],\"inLanguage\":\"fr-FR\"},{\"@type\":\"Organization\",\"@id\":\"https:\/\/lenidabijoux.fr\/#organization\",\"name\":\"Le Nid \u00e0 Bijoux\",\"url\":\"https:\/\/lenidabijoux.fr\/\",\"logo\":{\"@type\":\"ImageObject\",\"inLanguage\":\"fr-FR\",\"@id\":\"https:\/\/lenidabijoux.fr\/#\/schema\/logo\/image\/\",\"url\":\"https:\/\/lenidabijoux.fr\/wp-content\/uploads\/2022\/07\/logo-1.png\",\"contentUrl\":\"https:\/\/lenidabijoux.fr\/wp-content\/uploads\/2022\/07\/logo-1.png\",\"width\":3508,\"height\":2480,\"caption\":\"Le Nid \u00e0 Bijoux\"},\"image\":{\"@id\":\"https:\/\/lenidabijoux.fr\/#\/schema\/logo\/image\/\"},\"sameAs\":[\"https:\/\/www.facebook.com\/lenidabijoux\/\",\"https:\/\/www.instagram.com\/lenidabijoux\/\",\"https:\/\/www.pinterest.fr\/LeNidABijoux\/\"]}]}<\/script>\n<!-- \/ Yoast SEO plugin. -->","yoast_head_json":{"title":"Mentions L\u00e9gales - Le Nid \u00e0 Bijoux","description":"Retrouvez toutes les mentions l\u00e9gales du site. L'entreprise individuelle Le Nid \u00e0 Bijoux, immatricul\u00e9e \u00e0 la Chambre des m\u00e9tiers ...","robots":{"index":"index","follow":"follow","max-snippet":"max-snippet:-1","max-image-preview":"max-image-preview:large","max-video-preview":"max-video-preview:-1"},"canonical":"https:\/\/lenidabijoux.fr\/index.php\/mentions-legales\/","og_locale":"fr_FR","og_type":"article","og_title":"Mentions L\u00e9gales - Le Nid \u00e0 Bijoux","og_description":"Retrouvez toutes les mentions l\u00e9gales du site. L'entreprise individuelle Le Nid \u00e0 Bijoux, immatricul\u00e9e \u00e0 la Chambre des m\u00e9tiers ...","og_url":"https:\/\/lenidabijoux.fr\/index.php\/mentions-legales\/","og_site_name":"Le Nid \u00e0 Bijoux","article_publisher":"https:\/\/www.facebook.com\/lenidabijoux\/","article_modified_time":"2023-02-13T13:08:09+00:00","twitter_card":"summary_large_image","twitter_misc":{"Dur\u00e9e de lecture estim\u00e9e":"2 minutes"},"schema":{"@context":"https:\/\/schema.org","@graph":[{"@type":"WebPage","@id":"https:\/\/lenidabijoux.fr\/index.php\/mentions-legales\/","url":"https:\/\/lenidabijoux.fr\/index.php\/mentions-legales\/","name":"Mentions L\u00e9gales - Le Nid \u00e0 Bijoux","isPartOf":{"@id":"https:\/\/lenidabijoux.fr\/#website"},"datePublished":"2022-07-23T14:50:30+00:00","dateModified":"2023-02-13T13:08:09+00:00","description":"Retrouvez toutes les mentions l\u00e9gales du site. L'entreprise individuelle Le Nid \u00e0 Bijoux, immatricul\u00e9e \u00e0 la Chambre des m\u00e9tiers ...","breadcrumb":{"@id":"https:\/\/lenidabijoux.fr\/index.php\/mentions-legales\/#breadcrumb"},"inLanguage":"fr-FR","potentialAction":[{"@type":"ReadAction","target":["https:\/\/lenidabijoux.fr\/index.php\/mentions-legales\/"]}]},{"@type":"BreadcrumbList","@id":"https:\/\/lenidabijoux.fr\/index.php\/mentions-legales\/#breadcrumb","itemListElement":[{"@type":"ListItem","position":1,"name":"Accueil","item":"https:\/\/lenidabijoux.fr\/"},{"@type":"ListItem","position":2,"name":"Mentions L\u00e9gales"}]},{"@type":"WebSite","@id":"https:\/\/lenidabijoux.fr\/#website","url":"https:\/\/lenidabijoux.fr\/","name":"Le Nid \u00e0 Bijoux","description":"Trouvez le bijou qui vous ressemble !","publisher":{"@id":"https:\/\/lenidabijoux.fr\/#organization"},"potentialAction":[{"@type":"SearchAction","target":{"@type":"EntryPoint","urlTemplate":"https:\/\/lenidabijoux.fr\/?s={search_term_string}"},"query-input":{"@type":"PropertyValueSpecification","valueRequired":true,"valueName":"search_term_string"}}],"inLanguage":"fr-FR"},{"@type":"Organization","@id":"https:\/\/lenidabijoux.fr\/#organization","name":"Le Nid \u00e0 Bijoux","url":"https:\/\/lenidabijoux.fr\/","logo":{"@type":"ImageObject","inLanguage":"fr-FR","@id":"https:\/\/lenidabijoux.fr\/#\/schema\/logo\/image\/","url":"https:\/\/lenidabijoux.fr\/wp-content\/uploads\/2022\/07\/logo-1.png","contentUrl":"https:\/\/lenidabijoux.fr\/wp-content\/uploads\/2022\/07\/logo-1.png","width":3508,"height":2480,"caption":"Le Nid \u00e0 Bijoux"},"image":{"@id":"https:\/\/lenidabijoux.fr\/#\/schema\/logo\/image\/"},"sameAs":["https:\/\/www.facebook.com\/lenidabijoux\/","https:\/\/www.instagram.com\/lenidabijoux\/","https:\/\/www.pinterest.fr\/LeNidABijoux\/"]}]}},"jetpack_sharing_enabled":true,"_links":{"self":[{"href":"https:\/\/lenidabijoux.fr\/index.php\/wp-json\/wp\/v2\/pages\/3630","targetHints":{"allow":["GET"]}}],"collection":[{"href":"https:\/\/lenidabijoux.fr\/index.php\/wp-json\/wp\/v2\/pages"}],"about":[{"href":"https:\/\/lenidabijoux.fr\/index.php\/wp-json\/wp\/v2\/types\/page"}],"author":[{"embeddable":true,"href":"https:\/\/lenidabijoux.fr\/index.php\/wp-json\/wp\/v2\/users\/1"}],"replies":[{"embeddable":true,"href":"https:\/\/lenidabijoux.fr\/index.php\/wp-json\/wp\/v2\/comments?post=3630"}],"version-history":[{"count":10,"href":"https:\/\/lenidabijoux.fr\/index.php\/wp-json\/wp\/v2\/pages\/3630\/revisions"}],"predecessor-version":[{"id":4670,"href":"https:\/\/lenidabijoux.fr\/index.php\/wp-json\/wp\/v2\/pages\/3630\/revisions\/4670"}],"wp:attachment":[{"href":"https:\/\/lenidabijoux.fr\/index.php\/wp-json\/wp\/v2\/media?parent=3630"}],"curies":[{"name":"wp","href":"https:\/\/api.w.org\/{rel}","templated":true}]}}