{"id":3502,"date":"2022-07-21T16:26:28","date_gmt":"2022-07-21T14:26:28","guid":{"rendered":"https:\/\/lenidabijoux.fr\/?page_id=3502"},"modified":"2023-05-30T12:09:38","modified_gmt":"2023-05-30T10:09:38","slug":"latelier","status":"publish","type":"page","link":"https:\/\/lenidabijoux.fr\/index.php\/latelier\/","title":{"rendered":"L&rsquo;atelier"},"content":{"rendered":"<p>[vc_row][vc_column width=\u00a0\u00bb1\/2&Prime;][vc_empty_space][vc_single_image image=\u00a0\u00bb3517&Prime; img_size=\u00a0\u00bb350&#215;350&Prime; alignment=\u00a0\u00bbcenter\u00a0\u00bb style=\u00a0\u00bbvc_box_rounded\u00a0\u00bb][vc_empty_space][\/vc_column][vc_column width=\u00a0\u00bb1\/2&Prime;][vc_empty_space][vc_column_text]<\/p>\n<p class=\"_04xlpA direction-ltr align-justify para-style-body\"><span class=\"JsGRdQ\">Le Nid \u00e0 Bijoux<\/span><span class=\"JsGRdQ\"> a \u00e9t\u00e9 cr\u00e9e en 2019 afin de professionnaliser une passion qui dure depuis de nombreu<\/span><span class=\"JsGRdQ\">ses ann\u00e9es.<\/span><\/p>\n<p class=\"_04xlpA direction-ltr align-justify para-style-body\" style=\"text-align: left;\"><span class=\"JsGRdQ\">De nature plut\u00f4t discr\u00e8te, j&rsquo;avais envie de faire des bijoux originaux, color\u00e9s qui expriment certainement une part cach\u00e9e de ma personnalit\u00e9.<\/span><\/p>\n<p class=\"_04xlpA direction-ltr align-justify para-style-body\"><span class=\"JsGRdQ\">Parce que le Nid c&rsquo;est la maison, l&rsquo;endroit o\u00f9 l&rsquo;on est soi, o\u00f9 l&rsquo;on s&rsquo;assume, o\u00f9 l&rsquo;on se sent libre&#8230;<\/span><\/p>\n<p class=\"_04xlpA direction-ltr align-justify para-style-body\"><span class=\"JsGRdQ\">Vous l&rsquo;aurez compris, mes bijoux sont destin\u00e9s \u00e0 toutes les femmes.<\/span><\/p>\n<p class=\"_04xlpA direction-ltr align-justify para-style-body\" style=\"text-align: left;\"><span class=\"JsGRdQ\">Aux discr\u00e8tes qui les assortiront \u00e0 des tenues sobres mais aussi \u00e0 celles qui assument leur go\u00fbt pour les motifs et les couleurs.<\/span><\/p>\n<p>[\/vc_column_text][\/vc_column][\/vc_row][vc_row][vc_column][vc_empty_space][vc_column_text]<\/p>\n<h2 class=\"_04xlpA direction-ltr align-justify para-style-body\" style=\"text-align: center;\"><strong><span class=\"JsGRdQ\">Pourquoi la r\u00e9sine ?<\/span><\/strong><\/h2>\n<p class=\"_04xlpA direction-ltr align-justify para-style-body\"><span class=\"JsGRdQ\">Parce qu&rsquo;elle donne un bijou tr\u00e8s l\u00e9ger \u00e0 porter et tr\u00e8s brillant. <\/span><span class=\"JsGRdQ\">Elle permet d&rsquo;associer la brillance \u00e0 la couleur ou \u00e0 l&rsquo;originalit\u00e9 d&rsquo;un motif.<\/span><\/p>\n<p>[\/vc_column_text][vc_empty_space height=\u00a0\u00bb64px\u00a0\u00bb][\/vc_column][\/vc_row][vc_row][vc_column width=\u00a0\u00bb1\/2&Prime;][vc_column_text]<\/p>\n<h2 style=\"text-align: center;\"><strong><span class=\"JsGRdQ\">Chaque b<\/span><\/strong><strong><span class=\"JsGRdQ\">ijou est unique&#8230;<\/span><\/strong><\/h2>\n<p class=\"_04xlpA direction-ltr align-start para-style-body\"><span class=\"JsGRdQ\">Chaque bijou est r\u00e9alis\u00e9 \u00e0 la main dans mon atelier \u00e0 Fenou<\/span><span class=\"JsGRdQ\">illet.<\/span><\/p>\n<p class=\"_04xlpA direction-ltr align-start para-style-body\"><span class=\"JsGRdQ\">Le papier est d\u00e9coup\u00e9 et r\u00e9sin\u00e9 sur les deux faces.<\/span><\/p>\n<p class=\"_04xlpA direction-ltr align-start para-style-body\"><span class=\"JsGRdQ\">Impossible de faire deux fois le m\u00eame bijou, chaque cr\u00e9ation est\u00a0<\/span>donc unique, tout comme la femme \u00e0 laquelle il se destine.<\/p>\n<p class=\"_04xlpA direction-ltr align-start para-style-body\"><span class=\"JsGRdQ\">Il faut du temps pour un s\u00e9chage complet de la pi\u00e8ce en r\u00e9sine et celle-ci reste loin des UV de la lumi\u00e8re naturelle plusieurs jours avant le montage.<\/span><\/p>\n<p class=\"_04xlpA direction-ltr align-start para-style-body\"><span class=\"JsGRdQ\">Un bijou a le pouvoir d&rsquo;\u00eatre cette petite chose qui peut vous faire vous sentir unique, il ne faut pas s&rsquo;en priver !<\/span><\/p>\n<p>[\/vc_column_text][\/vc_column][vc_column width=\u00a0\u00bb1\/2&Prime;][vc_single_image image=\u00a0\u00bb3515&Prime; img_size=\u00a0\u00bb350&#215;350&Prime; alignment=\u00a0\u00bbcenter\u00a0\u00bb style=\u00a0\u00bbvc_box_rounded\u00a0\u00bb][\/vc_column][\/vc_row][vc_row][vc_column][vc_empty_space height=\u00a0\u00bb100px\u00a0\u00bb][\/vc_column][\/vc_row][vc_row][vc_column][\/vc_column][\/vc_row]<\/p>\n","protected":false},"excerpt":{"rendered":"<p>[vc_row][vc_column width=\u00a0\u00bb1\/2&Prime;][vc_empty_space][vc_single_image image=\u00a0\u00bb3517&Prime; img_size=\u00a0\u00bb350&#215;350&Prime; alignment=\u00a0\u00bbcenter\u00a0\u00bb style=\u00a0\u00bbvc_box_rounded\u00a0\u00bb][vc_empty_space][\/vc_column][vc_column width=\u00a0\u00bb1\/2&Prime;][vc_empty_space][vc_column_text] Le Nid \u00e0 Bijoux a \u00e9t\u00e9 cr\u00e9e en 2019 afin de professionnaliser une passion qui dure depuis de nombreuses ann\u00e9es. De nature plut\u00f4t discr\u00e8te, j&rsquo;avais envie de faire des bijoux originaux, color\u00e9s qui expriment certainement une part cach\u00e9e de ma personnalit\u00e9. Parce que le Nid c&rsquo;est la maison,&#8230; <a class=\"read-more p-color\" rel=\"bookmark\" title=\"L&rsquo;atelier\" href=\"https:\/\/lenidabijoux.fr\/index.php\/latelier\/\">View more<\/a><\/p>\n","protected":false},"author":1,"featured_media":0,"parent":0,"menu_order":0,"comment_status":"closed","ping_status":"closed","template":"","meta":{"om_disable_all_campaigns":false,"_monsterinsights_skip_tracking":false,"_monsterinsights_sitenote_active":false,"_monsterinsights_sitenote_note":"","_monsterinsights_sitenote_category":0,"footnotes":""},"class_list":["post-3502","page","type-page","status-publish","hentry"],"yoast_head":"<!-- This site is optimized with the Yoast SEO plugin v26.6 - https:\/\/yoast.com\/wordpress\/plugins\/seo\/ -->\n<title>L&#039;atelier - Le Nid \u00e0 Bijoux<\/title>\n<meta name=\"description\" content=\"L&#039;atelier du Nid \u00e0 Bijoux a \u00e9t\u00e9 cr\u00e9e en 2019 afin de professionnaliser une passion qui dure depuis longtemps. .\" \/>\n<meta name=\"robots\" content=\"index, follow, max-snippet:-1, max-image-preview:large, max-video-preview:-1\" \/>\n<link rel=\"canonical\" href=\"https:\/\/lenidabijoux.fr\/index.php\/latelier\/\" \/>\n<meta property=\"og:locale\" content=\"fr_FR\" \/>\n<meta property=\"og:type\" content=\"article\" \/>\n<meta property=\"og:title\" content=\"L&#039;atelier - Le Nid \u00e0 Bijoux\" \/>\n<meta property=\"og:description\" content=\"L&#039;atelier du Nid \u00e0 Bijoux a \u00e9t\u00e9 cr\u00e9e en 2019 afin de professionnaliser une passion qui dure depuis longtemps. .\" \/>\n<meta property=\"og:url\" content=\"https:\/\/lenidabijoux.fr\/index.php\/latelier\/\" \/>\n<meta property=\"og:site_name\" content=\"Le Nid \u00e0 Bijoux\" \/>\n<meta property=\"article:publisher\" content=\"https:\/\/www.facebook.com\/lenidabijoux\/\" \/>\n<meta property=\"article:modified_time\" content=\"2023-05-30T10:09:38+00:00\" \/>\n<meta name=\"twitter:card\" content=\"summary_large_image\" \/>\n<meta name=\"twitter:label1\" content=\"Dur\u00e9e de lecture estim\u00e9e\" \/>\n\t<meta name=\"twitter:data1\" content=\"2 minutes\" \/>\n<script type=\"application\/ld+json\" class=\"yoast-schema-graph\">{\"@context\":\"https:\/\/schema.org\",\"@graph\":[{\"@type\":\"WebPage\",\"@id\":\"https:\/\/lenidabijoux.fr\/index.php\/latelier\/\",\"url\":\"https:\/\/lenidabijoux.fr\/index.php\/latelier\/\",\"name\":\"L'atelier - Le Nid \u00e0 Bijoux\",\"isPartOf\":{\"@id\":\"https:\/\/lenidabijoux.fr\/#website\"},\"datePublished\":\"2022-07-21T14:26:28+00:00\",\"dateModified\":\"2023-05-30T10:09:38+00:00\",\"description\":\"L'atelier du Nid \u00e0 Bijoux a \u00e9t\u00e9 cr\u00e9e en 2019 afin de professionnaliser une passion qui dure depuis longtemps. .\",\"breadcrumb\":{\"@id\":\"https:\/\/lenidabijoux.fr\/index.php\/latelier\/#breadcrumb\"},\"inLanguage\":\"fr-FR\",\"potentialAction\":[{\"@type\":\"ReadAction\",\"target\":[\"https:\/\/lenidabijoux.fr\/index.php\/latelier\/\"]}]},{\"@type\":\"BreadcrumbList\",\"@id\":\"https:\/\/lenidabijoux.fr\/index.php\/latelier\/#breadcrumb\",\"itemListElement\":[{\"@type\":\"ListItem\",\"position\":1,\"name\":\"Accueil\",\"item\":\"https:\/\/lenidabijoux.fr\/\"},{\"@type\":\"ListItem\",\"position\":2,\"name\":\"L&#8217;atelier\"}]},{\"@type\":\"WebSite\",\"@id\":\"https:\/\/lenidabijoux.fr\/#website\",\"url\":\"https:\/\/lenidabijoux.fr\/\",\"name\":\"Le Nid \u00e0 Bijoux\",\"description\":\"Trouvez le bijou qui vous ressemble !\",\"publisher\":{\"@id\":\"https:\/\/lenidabijoux.fr\/#organization\"},\"potentialAction\":[{\"@type\":\"SearchAction\",\"target\":{\"@type\":\"EntryPoint\",\"urlTemplate\":\"https:\/\/lenidabijoux.fr\/?s={search_term_string}\"},\"query-input\":{\"@type\":\"PropertyValueSpecification\",\"valueRequired\":true,\"valueName\":\"search_term_string\"}}],\"inLanguage\":\"fr-FR\"},{\"@type\":\"Organization\",\"@id\":\"https:\/\/lenidabijoux.fr\/#organization\",\"name\":\"Le Nid \u00e0 Bijoux\",\"url\":\"https:\/\/lenidabijoux.fr\/\",\"logo\":{\"@type\":\"ImageObject\",\"inLanguage\":\"fr-FR\",\"@id\":\"https:\/\/lenidabijoux.fr\/#\/schema\/logo\/image\/\",\"url\":\"https:\/\/lenidabijoux.fr\/wp-content\/uploads\/2022\/07\/logo-1.png\",\"contentUrl\":\"https:\/\/lenidabijoux.fr\/wp-content\/uploads\/2022\/07\/logo-1.png\",\"width\":3508,\"height\":2480,\"caption\":\"Le Nid \u00e0 Bijoux\"},\"image\":{\"@id\":\"https:\/\/lenidabijoux.fr\/#\/schema\/logo\/image\/\"},\"sameAs\":[\"https:\/\/www.facebook.com\/lenidabijoux\/\",\"https:\/\/www.instagram.com\/lenidabijoux\/\",\"https:\/\/www.pinterest.fr\/LeNidABijoux\/\"]}]}<\/script>\n<!-- \/ Yoast SEO plugin. -->","yoast_head_json":{"title":"L'atelier - Le Nid \u00e0 Bijoux","description":"L'atelier du Nid \u00e0 Bijoux a \u00e9t\u00e9 cr\u00e9e en 2019 afin de professionnaliser une passion qui dure depuis longtemps. .","robots":{"index":"index","follow":"follow","max-snippet":"max-snippet:-1","max-image-preview":"max-image-preview:large","max-video-preview":"max-video-preview:-1"},"canonical":"https:\/\/lenidabijoux.fr\/index.php\/latelier\/","og_locale":"fr_FR","og_type":"article","og_title":"L'atelier - Le Nid \u00e0 Bijoux","og_description":"L'atelier du Nid \u00e0 Bijoux a \u00e9t\u00e9 cr\u00e9e en 2019 afin de professionnaliser une passion qui dure depuis longtemps. .","og_url":"https:\/\/lenidabijoux.fr\/index.php\/latelier\/","og_site_name":"Le Nid \u00e0 Bijoux","article_publisher":"https:\/\/www.facebook.com\/lenidabijoux\/","article_modified_time":"2023-05-30T10:09:38+00:00","twitter_card":"summary_large_image","twitter_misc":{"Dur\u00e9e de lecture estim\u00e9e":"2 minutes"},"schema":{"@context":"https:\/\/schema.org","@graph":[{"@type":"WebPage","@id":"https:\/\/lenidabijoux.fr\/index.php\/latelier\/","url":"https:\/\/lenidabijoux.fr\/index.php\/latelier\/","name":"L'atelier - Le Nid \u00e0 Bijoux","isPartOf":{"@id":"https:\/\/lenidabijoux.fr\/#website"},"datePublished":"2022-07-21T14:26:28+00:00","dateModified":"2023-05-30T10:09:38+00:00","description":"L'atelier du Nid \u00e0 Bijoux a \u00e9t\u00e9 cr\u00e9e en 2019 afin de professionnaliser une passion qui dure depuis longtemps. .","breadcrumb":{"@id":"https:\/\/lenidabijoux.fr\/index.php\/latelier\/#breadcrumb"},"inLanguage":"fr-FR","potentialAction":[{"@type":"ReadAction","target":["https:\/\/lenidabijoux.fr\/index.php\/latelier\/"]}]},{"@type":"BreadcrumbList","@id":"https:\/\/lenidabijoux.fr\/index.php\/latelier\/#breadcrumb","itemListElement":[{"@type":"ListItem","position":1,"name":"Accueil","item":"https:\/\/lenidabijoux.fr\/"},{"@type":"ListItem","position":2,"name":"L&#8217;atelier"}]},{"@type":"WebSite","@id":"https:\/\/lenidabijoux.fr\/#website","url":"https:\/\/lenidabijoux.fr\/","name":"Le Nid \u00e0 Bijoux","description":"Trouvez le bijou qui vous ressemble !","publisher":{"@id":"https:\/\/lenidabijoux.fr\/#organization"},"potentialAction":[{"@type":"SearchAction","target":{"@type":"EntryPoint","urlTemplate":"https:\/\/lenidabijoux.fr\/?s={search_term_string}"},"query-input":{"@type":"PropertyValueSpecification","valueRequired":true,"valueName":"search_term_string"}}],"inLanguage":"fr-FR"},{"@type":"Organization","@id":"https:\/\/lenidabijoux.fr\/#organization","name":"Le Nid \u00e0 Bijoux","url":"https:\/\/lenidabijoux.fr\/","logo":{"@type":"ImageObject","inLanguage":"fr-FR","@id":"https:\/\/lenidabijoux.fr\/#\/schema\/logo\/image\/","url":"https:\/\/lenidabijoux.fr\/wp-content\/uploads\/2022\/07\/logo-1.png","contentUrl":"https:\/\/lenidabijoux.fr\/wp-content\/uploads\/2022\/07\/logo-1.png","width":3508,"height":2480,"caption":"Le Nid \u00e0 Bijoux"},"image":{"@id":"https:\/\/lenidabijoux.fr\/#\/schema\/logo\/image\/"},"sameAs":["https:\/\/www.facebook.com\/lenidabijoux\/","https:\/\/www.instagram.com\/lenidabijoux\/","https:\/\/www.pinterest.fr\/LeNidABijoux\/"]}]}},"jetpack_sharing_enabled":true,"_links":{"self":[{"href":"https:\/\/lenidabijoux.fr\/index.php\/wp-json\/wp\/v2\/pages\/3502","targetHints":{"allow":["GET"]}}],"collection":[{"href":"https:\/\/lenidabijoux.fr\/index.php\/wp-json\/wp\/v2\/pages"}],"about":[{"href":"https:\/\/lenidabijoux.fr\/index.php\/wp-json\/wp\/v2\/types\/page"}],"author":[{"embeddable":true,"href":"https:\/\/lenidabijoux.fr\/index.php\/wp-json\/wp\/v2\/users\/1"}],"replies":[{"embeddable":true,"href":"https:\/\/lenidabijoux.fr\/index.php\/wp-json\/wp\/v2\/comments?post=3502"}],"version-history":[{"count":33,"href":"https:\/\/lenidabijoux.fr\/index.php\/wp-json\/wp\/v2\/pages\/3502\/revisions"}],"predecessor-version":[{"id":3862,"href":"https:\/\/lenidabijoux.fr\/index.php\/wp-json\/wp\/v2\/pages\/3502\/revisions\/3862"}],"wp:attachment":[{"href":"https:\/\/lenidabijoux.fr\/index.php\/wp-json\/wp\/v2\/media?parent=3502"}],"curies":[{"name":"wp","href":"https:\/\/api.w.org\/{rel}","templated":true}]}}