{"id":3,"date":"2022-07-09T15:52:18","date_gmt":"2022-07-09T13:52:18","guid":{"rendered":"https:\/\/lenidabijoux.fr\/?page_id=3"},"modified":"2023-02-13T14:43:43","modified_gmt":"2023-02-13T13:43:43","slug":"politique-de-confidentialite","status":"publish","type":"page","link":"https:\/\/lenidabijoux.fr\/index.php\/politique-de-confidentialite\/","title":{"rendered":"Politique de confidentialit\u00e9"},"content":{"rendered":"\n<p class=\"has-text-color\" style=\"color:#1a3e51\"><strong>I. PR\u00c9AMBULE<\/strong><\/p>\n\n\n\n<p class=\"has-text-color\" style=\"color:#1a3e51\"><strong>Protection de votre confidentialit\u00e9<\/strong><\/p>\n\n\n\n<p class=\"has-text-color\" style=\"color:#747879\">Nous nous engageons \u00e0 prot\u00e9ger votre vie priv\u00e9e lors de votre utilisation du site&nbsp;<a href=\"https:\/\/www.lenidabijoux.fr\">www.lenidabijoux.fr<\/a>. Toutes les donn\u00e9es personnelles sont envoy\u00e9es et stock\u00e9es en toute s\u00e9curit\u00e9 chez l\u2019h\u00e9bergeur du site en France. Nous pouvons \u00eatre amen\u00e9s \u00e0 collecter des donn\u00e9es personnelles vous concernant et \u00e0 les transf\u00e9rer \u00e0 nos partenaires. En application de la loi du 6 janvier 1978 dite \u00ab Informatique et libert\u00e9s \u00bb et du R\u00e8glement europ\u00e9en N\u00b02016\/679 ainsi que des recommandations de la CNIL, vous disposez d\u2019un droit d\u2019acc\u00e8s, d\u2019opposition, de rectification, de suppression, de portabilit\u00e9 et de limitation des traitements sur les donn\u00e9es personnelles.<\/p>\n\n\n\n<p class=\"has-text-color\" style=\"color:#6b5f5f\">Le site&nbsp;<a href=\"https:\/\/lenidabijoux.fr\/\">www.lenidabijoux.fr<\/a>&nbsp;a \u00e9t\u00e9 publi\u00e9 par l&rsquo;Entreprise Individuelle Le Nid \u00e0 Bijoux (rue du parc des Catilats &#8211; 31150 FENOUILLET).<\/p>\n\n\n\n<p class=\"has-text-color\" style=\"color:#1a3e51\"><strong>Le Responsable de Traitement<\/strong><\/p>\n\n\n\n<p>Le Nid \u00e0 Bijoux, en qualit\u00e9 de responsable de traitement, s\u2019engage \u00e0 respecter les dispositions du r\u00e8glement europ\u00e9en N\u00b02016\/679 du 27 avril 2016 relatif \u00e0 la protection des donn\u00e9es \u00e0 caract\u00e8re personnel.<\/p>\n\n\n\n<p>Si vous avez des questions sur notre mani\u00e8re de prot\u00e9ger vos donn\u00e9es confidentielles, n\u2019h\u00e9sitez pas \u00e0 nous envoyer un email \u00e0&nbsp;<a title=\"\" href=\"mailto: le-nid-a-bijoux@outlook.fr\">le-nid-a-bijoux@outlook.fr<\/a>&nbsp;ou un courrier \u00e0 l\u2019adresse postale : Le Nid \u00e0 Bijoux, 8 rue du parc des Catilats &#8211; 31150 FENOUILLET.<\/p>\n\n\n\n<p>Pour tous nos services, le contr\u00f4leur des donn\u00e9es est l&rsquo;E.I Le Nid \u00e0 Bijoux. Le d\u00e9l\u00e9gu\u00e9 \u00e0 la protection des donn\u00e9es veille au respect de la r\u00e9glementation et des r\u00e8gles en vigueur. Il peut \u00eatre contact\u00e9 \u00e0 l\u2019adresse&nbsp;<a href=\"mailto: le-nid-a-bijoux@outlook.fr\">le-nid-a-bijoux@outlook.fr<\/a>.<\/p>\n\n\n\n<p class=\"has-text-color\" style=\"color:#1a3e51\"><strong>II. FINALIT\u00c9S DE LA COLLECTE DES DONN\u00c9ES PERSONNELLES<\/strong><\/p>\n\n\n\n<p>Le tableau ci-dessous d\u00e9crit en d\u00e9tail quelles informations nous collectons et dans quels buts.<\/p>\n\n\n\n<p class=\"has-text-color\" style=\"color:#1a3e51\"><strong>1. Donn\u00e9es personnelles transmises au Nid \u00e0 Bijoux :<\/strong><\/p>\n\n\n\n<p class=\"has-text-color\" style=\"color:#c2858c\"><strong>Votre nom et vos coordonn\u00e9es<\/strong><\/p>\n\n\n\n<figure class=\"wp-block-table\"><table><tbody><tr><td><strong>Utilisation des donn\u00e9es<\/strong><\/td><td><strong>Finalit\u00e9s du traitement<\/strong><\/td><\/tr><tr><td>&#8211; Pour que vous puissiez recevoir vos commandes<br>&#8211; Pour vous envoyer des messages utiles li\u00e9s \u00e0 votre commande par SMS, e-mail (exemple : rappel de votre panier, mises \u00e0 jour de commande, information de livraison de la part des transporteurs)<\/td><td>Nous avons besoin de garder et d\u2019utiliser ces donn\u00e9es pour pouvoir remplir notre part du contrat avec vous.<\/td><\/tr><tr><td>Pour vous envoyer des newsletters, actualit\u00e9s par e-mail ou par SMS<\/td><td>Avec votre consentement pr\u00e9alable, nous vous informons de nos actualit\u00e9s, de nos nouveaut\u00e9s, de nos promotions et de nos jeux.<\/td><\/tr><tr><td>Si vous demandez une r\u00e9initialisation de votre mot de passe, votre adresse IP sera incluse dans l\u2019e-mail de r\u00e9initialisation.<\/td><td>Nous avons besoin d&rsquo;utiliser cette adresse pour r\u00e9pondre au mieux \u00e0 votre demande.<\/td><\/tr><\/tbody><\/table><\/figure>\n\n\n\n<p class=\"has-text-color\" style=\"color:#c2858c\"><strong>Votre date de naissance<\/strong><\/p>\n\n\n\n<figure class=\"wp-block-table\"><table><tbody><tr><td><strong>Utilisation des donn\u00e9es<\/strong><\/td><td><strong>Finalit\u00e9s du traitement<\/strong><\/td><\/tr><tr><td>&#8211; Pour \u00e9tudier l\u2019\u00e2ge de nos clients et utilisateurs sur notre site<br>&#8211; Pour vous proposer un \u00e9ventuel code promotionnel pour votre anniversaire<\/td><td>Nous souhaitons mieux vous conna\u00eetre et vous proposer des bijoux susceptibles de vous plaire.<\/td><\/tr><\/tbody><\/table><\/figure>\n\n\n\n<p class=\"has-text-color\" style=\"color:#c2858c\"><strong>Vos informations de carte bancaire ou de compte Paypal<\/strong><\/p>\n\n\n\n<figure class=\"wp-block-table\"><table><tbody><tr><td><strong>Utilisation des donn\u00e9es<\/strong><\/td><td><strong>Finalit\u00e9s du traitement<\/strong><\/td><\/tr><tr><td>Pour r\u00e9aliser des transactions&nbsp;: paiements et remboursements<\/td><td>Nous le faisons afin de remplir notre part du contrat. Les donn\u00e9es sont crypt\u00e9es par Stripe et Paypal (nos prestataires de paiement) et sont trait\u00e9es dans le cadre de leurs politiques de traitement des donn\u00e9es.<\/td><\/tr><tr><td>Pour d\u00e9tecter des fraudes<\/td><td>Nous vous prot\u00e9geons et nous nous prot\u00e9geons contre la fraude.<\/td><\/tr><\/tbody><\/table><\/figure>\n\n\n\n<p class=\"has-text-color\" style=\"color:#c2858c\"><strong>Votre historique d\u2019\u00e9changes avec nous<\/strong><\/p>\n\n\n\n<p>Ce que vous nous avez communiqu\u00e9 au t\u00e9l\u00e9phone, par e-mail, sur notre chat, sur les r\u00e9seaux sociaux, etc.<\/p>\n\n\n\n<figure class=\"wp-block-table\"><table><tbody><tr><td><strong>Utilisation des donn\u00e9es<\/strong><\/td><td><strong>Finalit\u00e9s du traitement<\/strong><\/td><\/tr><tr><td>Pour vous fournir une assistance en cas de probl\u00e8me<\/td><td>R\u00e9pondre aux clients, les satisfaire est une part tr\u00e8s importante de nos services<\/td><\/tr><\/tbody><\/table><\/figure>\n\n\n\n<p class=\"has-text-color\" style=\"color:#c2858c\"><strong>Historique d&rsquo;achat et articles sauvegard\u00e9s<\/strong><\/p>\n\n\n\n<p>Ce que vous avez achet\u00e9 et ce que vous avez sauvegard\u00e9 dans votre panier ou votre wishlist pour plus tard.<\/p>\n\n\n\n<figure class=\"wp-block-table\"><table><tbody><tr><td><strong>Utilisation des donn\u00e9es<\/strong><\/td><td><strong>Finalit\u00e9s du traitement<\/strong><\/td><\/tr><tr><td>Pour vous proposer des produits<\/td><td>Nous le faisons afin de r\u00e9pondre \u00e0 vos commandes et d&rsquo;am\u00e9liorer votre exp\u00e9rience client.<\/td><\/tr><tr><td>Pour vous fournir de l&rsquo;assistance et pour g\u00e9rer les retours<\/td><td>Nous le faisons afin de remplir notre part du contrat avec vous (d\u00e9lai de r\u00e9tractation).<\/td><\/tr><tr><td>Pour d\u00e9couvrir ce que vous et d&rsquo;autres clients, aimez.<\/td><td>De cette fa\u00e7on nous vous proposons ce que vous voulez et ce que vous allez aimer.<\/td><\/tr><\/tbody><\/table><\/figure>\n\n\n\n<p class=\"has-text-color\" style=\"color:#1a3e51\"><strong>2. Donn\u00e9es relatives \u00e0 votre navigation sur le site (cookies)<\/strong><\/p>\n\n\n\n<p class=\"has-text-color\" style=\"color:#c2858c\"><strong>Qu&rsquo;est-ce qu&rsquo;un cookie ?<\/strong><\/p>\n\n\n\n<p>Lors de la navigation sur notre site Internet, des informations relatives \u00e0 votre support (ordinateur, tablette, smartphone, etc.), votre navigateur et votre fournisseur d\u2019acc\u00e8s Internet, peuvent \u00eatre enregistr\u00e9es au travers de fichiers appel\u00e9s \u00ab\u00a0Cookies\u00a0\u00bb.<\/p>\n\n\n\n<p>Le cookie permet de r\u00e9aliser un suivi de la navigation ou une analyse du comportement de navigation et notamment de :<\/p>\n\n\n\n<p>&#8211; mesurer la fr\u00e9quentation de notre site internet, ainsi que de leur contenu (pays de r\u00e9sidence, langue,&#8230;)<\/p>\n\n\n\n<p>&#8211; sauvegarder des informations relatives au compte client lorsque vous y \u00eates connect\u00e9<\/p>\n\n\n\n<p>&#8211; sauvegarder le panier d\u2019achat<\/p>\n\n\n\n<p>&#8211; personnaliser l\u2019affichage du contenu qui vous est accessible en ayant par exemple connaissance de la page Internet visit\u00e9e avant l\u2019arriv\u00e9e sur notre site<\/p>\n\n\n\n<p>&nbsp;<\/p>\n\n\n\n<p class=\"has-text-color\" style=\"color:#c2858c\"><strong>Les cookies sur le site<\/strong><\/p>\n\n\n\n<p>Le Nid \u00e0 Bijoux peut \u00eatre amen\u00e9 \u00e0 recueillir votre consentement via la banni\u00e8re en bas de page sur les cookies de  :<\/p>\n\n\n\n<p>&#8211; Statistiques afin de mesurer l\u2019audience<\/p>\n\n\n\n<p>&#8211; Fonctionnalit\u00e9s<\/p>\n\n\n\n<p>&#8211; Personnalisation de contenu pour personnaliser l\u2019affichage de nos produits et services en fonction de ceux que vous avez pr\u00e9c\u00e9demment consult\u00e9s<\/p>\n\n\n\n<p>&#8211; Publicit\u00e9 personnalis\u00e9e afin d\u2019afficher de la publicit\u00e9 personnalis\u00e9e en fonction de votre navigation et de votre profil<\/p>\n\n\n\n<p>&#8211; Partage sur les r\u00e9seaux sociaux uniquement lorsque que vous souhaitez effectivement partager des donn\u00e9es via vos r\u00e9seaux sociaux<\/p>\n\n\n\n<p>Si vous d\u00e9posez un commentaire sur notre site, il vous sera propos\u00e9 d\u2019enregistrer votre nom, adresse e-mail et site dans des cookies. C\u2019est uniquement pour votre confort afin de ne pas avoir \u00e0 saisir ces informations si vous d\u00e9posez un autre commentaire plus tard. Ces cookies expirent au bout d\u2019un an.<\/p>\n\n\n\n<p>Si vous vous rendez sur la page de connexion, un cookie temporaire sera cr\u00e9\u00e9 afin de d\u00e9terminer si votre navigateur accepte les cookies. Il ne contient pas de donn\u00e9es personnelles et sera supprim\u00e9 automatiquement \u00e0 la fermeture de votre navigateur.<\/p>\n\n\n\n<p>Lorsque vous vous connecterez, nous mettrons en place un certain nombre de cookies pour enregistrer vos informations de connexion et vos pr\u00e9f\u00e9rences d\u2019\u00e9cran. La dur\u00e9e de vie d\u2019un cookie de connexion est de deux jours, celle d\u2019un cookie d\u2019option d\u2019\u00e9cran est d\u2019un an. Si vous cochez \u00ab&nbsp;Se souvenir de moi&nbsp;\u00bb, votre cookie de connexion sera conserv\u00e9 pendant deux semaines. Si vous vous d\u00e9connectez de votre compte, le cookie de connexion sera effac\u00e9.<\/p>\n\n\n\n<p>En modifiant ou en publiant une publication, un cookie suppl\u00e9mentaire sera enregistr\u00e9 dans votre navigateur. Ce cookie ne comprend aucune donn\u00e9e personnelle. Il indique simplement l\u2019ID de la publication que vous venez de modifier. Il expire au bout d\u2019un jour.<\/p>\n\n\n\n<p>Apr\u00e8s consentement, la dur\u00e9e de d\u00e9p\u00f4t des Cookies est de 12 mois.&nbsp;<\/p>\n\n\n\n<p>Nous vous invitons \u00e0 consulter le dossier Cookies de la Commission Nationale de l\u2019Informatique et des Libert\u00e9s \u00e0 l\u2019adresse suivante : www.cnil.fr pour plus d\u2019informations.<\/p>\n\n\n\n<p class=\"has-text-color\" style=\"color:#c2858c\"><strong>Vos choix concernant les cookies<\/strong><\/p>\n\n\n\n<p>Vous pouvez \u00e0 tout moment modifier les param\u00e8tres de votre navigateur internet afin d\u2019accepter, param\u00e9trer ou refuser les cookies.&nbsp;<\/p>\n\n\n\n<p>Nous vous laissons \u00e9galement la possibilit\u00e9 de personnaliser votre d\u00e9p\u00f4t de cookies (banni\u00e8re de bas de page) lors de votre navigation. N\u00e9anmoins, certains cookies, mentionn\u00e9s comme tels, sont n\u00e9cessaires au bon fonctionnement du site et sans eux, nous ne pourrons vous garantir une exp\u00e9rience client optimale.<\/p>\n\n\n\n<p class=\"has-text-color\" style=\"color:#1a3e51\"><strong>3. Donn\u00e9es relatives \u00e0 votre navigation sur le site (commentaires, avis)<\/strong><\/p>\n\n\n\n<p>Quand vous laissez un commentaire sur notre site, les donn\u00e9es inscrites dans le formulaire de commentaire, ainsi que votre adresse IP et l\u2019agent utilisateur de votre navigateur sont collect\u00e9s pour nous aider \u00e0 la d\u00e9tection des commentaires ind\u00e9sirables.<\/p>\n\n\n\n<p>Apr\u00e8s validation de votre commentaire, votre photo de profil sera visible publiquement \u00e0 cot\u00e9 de votre commentaire.<\/p>\n\n\n\n<p>Si vous laissez un commentaire, le commentaire et ses m\u00e9tadonn\u00e9es sont conserv\u00e9s ind\u00e9finiment. Cela permet de reconna\u00eetre et approuver automatiquement les commentaires suivants au lieu de les laisser dans la file de mod\u00e9ration.<\/p>\n\n\n\n<p class=\"has-text-color\" style=\"color:#1a3e51\"><strong>III. DUR\u00c9E DE CONSERVATION DES DONN\u00c9ES<\/strong><\/p>\n\n\n\n<p>Vos donn\u00e9es personnelles ne seront pas conserv\u00e9es au-del\u00e0 de la dur\u00e9e strictement n\u00e9cessaire aux finalit\u00e9s poursuivies telles qu&rsquo;\u00e9nonc\u00e9es pr\u00e9c\u00e9demment et ce conform\u00e9ment \u00e0 la r\u00e9glementation et aux lois applicables. A cet \u00e9gard, les donn\u00e9es utilis\u00e9es aux fins de prospection peuvent \u00eatre conserv\u00e9es pendant une dur\u00e9e maximale de 3 ans \u00e0 compter de la fermeture de votre compte d\u2019utilisateur ou du dernier contact. Vos donn\u00e9es personnelles sont effac\u00e9es lorsque les dur\u00e9es de conservations expirent.<\/p>\n\n\n\n<p>L&rsquo;archivage implique que vos donn\u00e9es seront anonymis\u00e9es et ne seront plus consultables en ligne mais seront extraites et conserv\u00e9es sur un support autonome et s\u00e9curis\u00e9.<\/p>\n\n\n\n<p class=\"has-text-color\" style=\"color:#1a3e51\"><strong>IV. PRESTATAIRES AYANT ACC\u00c8S \u00c0 VOS DONN\u00c9ES PERSONNELLES<\/strong><\/p>\n\n\n\n<p>Le Nid \u00e0 Bijoux ne partage aucune donn\u00e9e personnelle \u00e0 des fins commerciales \u00e0 des tiers.<\/p>\n\n\n\n<p>Afin de remplir les finalit\u00e9s que nous venons de vous d\u00e9crire, l\u2019acc\u00e8s \u00e0 vos donn\u00e9es personnelles doit \u00eatre permis aux diff\u00e9rentes tiers auxquels nous faisons appel pour vous offrir certains services :<\/p>\n\n\n\n<p>&#8211; Etablissements financiers<\/p>\n\n\n\n<p>&#8211; Entit\u00e9s de d\u00e9tection et de pr\u00e9vention des fraudes<\/p>\n\n\n\n<p>&#8211; Fournisseurs de services technologiques, de service de logistique, de transport et de livraison, de services li\u00e9s au service client, de services li\u00e9s au marketing et \u00e0 la publicit\u00e9.<\/p>\n\n\n\n<p class=\"has-text-color\" style=\"color:#1a3e51\"><strong>V. DROITS SUR VOS DONN\u00c9ES PERSONNELLES<\/strong><\/p>\n\n\n\n<p>Nous nous engageons \u00e0 respecter la confidentialit\u00e9 de vos donn\u00e9es personnelles et \u00e0 garantir l\u2019exercice de vos droits. Pour cela, il suffit de nous envoyer un email \u00e0\u00a0<a href=\"mailto: le-nid-a-bijoux@outlook.fr\">le-nid-a-bijoux@outlook.fr<\/a>, avec votre pi\u00e8ce d\u2019identit\u00e9 en nous indiquant simplement le motif de votre demande et le droit que vous voulez exercer. En particulier vous avez droit \u00e0 nous demander :<\/p>\n\n\n\n<p>&#8211; l\u2019acc\u00e8s aux donn\u00e9es dont nous disposons sur vous<br>&#8211; la rectification des donn\u00e9es dont nous disposons d\u00e9j\u00e0<br>&#8211; de supprimer vos donn\u00e9es dans la mesure o\u00f9 elles ne sont plus n\u00e9cessaires pour la finalit\u00e9 pour laquelle nous aurions pu avoir besoin de les traiter<br>&#8211; de retirer votre consentement pour une quelconque finalit\u00e9<\/p>\n\n\n\n<p class=\"has-text-color\" style=\"color:#1a3e51\"><strong>VI. DONN\u00c9ES PERSONNELLES D&rsquo;UN TIERS<\/strong><\/p>\n\n\n\n<p>Nous vous proposons certaines fonctionnalit\u00e9s requ\u00e9rant le traitement des donn\u00e9es personnelles d\u2019un tiers que vous nous aurez fournis, comme dans le cas de l\u2019envoi d\u2019une carte cadeau par email ou la demande de livraison d\u2019une commande \u00e0 un tiers. Dans ces cas, nous nous engageons \u00e0 ne pas transf\u00e9rer ni vendre des donn\u00e9es \u00e0 caract\u00e8re personnel vous concernant \u00e0 des tiers non partenaires.<\/p>\n\n\n\n<p class=\"has-text-color\" style=\"color:#1a3e51\"><strong>VII. COOKIES, TAGS ET TRACEURS<\/strong><\/p>\n\n\n\n<p>Vous pouvez modifier vos pr\u00e9f\u00e9rences en mati\u00e8re de cookies, au travers du logiciel de navigation utilis\u00e9 :<\/p>\n\n\n\n<p>&#8211; Safari:&nbsp;<a href=\"https:\/\/support.apple.com\/fr-fr\/guide\/safari\/sfri11471\/mac\">https:\/\/support.apple.com\/fr-fr\/guide\/safari\/sfri11471\/mac<\/a><br>&#8211; Chrome:&nbsp;<a href=\"https:\/\/support.google.com\/chrome\/answer\/95647?hl=fr&amp;hlrm=en\" target=\"_blank\" rel=\"noreferrer noopener\">https:\/\/support.google.com\/chrome\/answer\/95647?hl=fr&amp;hlrm=en<\/a><br>&#8211; Firefox:&nbsp;<a href=\"https:\/\/support.mozilla.org\/fr\/kb\/activer-desactiver-cookies-preferences\" target=\"_blank\" rel=\"noreferrer noopener\">https:\/\/support.mozilla.org\/fr\/kb\/activer-desactiver-cookies-preferences<\/a><br>&#8211; Internet Explorer :&nbsp;<a href=\"https:\/\/support.microsoft.com\/fr-fr\/help\/17442\/windows-internet-explorer-delete-manage-cookies\" target=\"_blank\" rel=\"noreferrer noopener\">https:\/\/support.microsoft.com\/fr-fr\/help\/17442\/windows-internet-explorer-delete-manage-cookies<\/a><br>&#8211; iOS :&nbsp;<a href=\"https:\/\/support.apple.com\/fr-fr\/HT201265\" target=\"_blank\" rel=\"noreferrer noopener\">https:\/\/support.apple.com\/fr-fr\/HT201265<\/a><\/p>\n\n\n\n<p>&nbsp;<\/p>\n\n\n\n<p>&nbsp;<\/p>\n\n\n\n<p>&nbsp;<\/p>\n\n\n\n<p>&nbsp;<\/p>\n","protected":false},"excerpt":{"rendered":"<p>I. PR\u00c9AMBULE Protection de votre confidentialit\u00e9 Nous nous engageons \u00e0 prot\u00e9ger votre vie priv\u00e9e lors de votre utilisation du site&nbsp;www.lenidabijoux.fr. Toutes les donn\u00e9es personnelles sont envoy\u00e9es et stock\u00e9es en toute s\u00e9curit\u00e9 chez l\u2019h\u00e9bergeur du site en France. Nous pouvons \u00eatre amen\u00e9s \u00e0 collecter des donn\u00e9es personnelles vous concernant et \u00e0 les transf\u00e9rer \u00e0 nos partenaires&#8230;. <a class=\"read-more p-color\" rel=\"bookmark\" title=\"Politique de confidentialit\u00e9\" href=\"https:\/\/lenidabijoux.fr\/index.php\/politique-de-confidentialite\/\">View more<\/a><\/p>\n","protected":false},"author":1,"featured_media":0,"parent":0,"menu_order":0,"comment_status":"closed","ping_status":"open","template":"","meta":{"om_disable_all_campaigns":false,"_monsterinsights_skip_tracking":false,"_monsterinsights_sitenote_active":false,"_monsterinsights_sitenote_note":"","_monsterinsights_sitenote_category":0,"footnotes":""},"class_list":["post-3","page","type-page","status-publish","hentry"],"yoast_head":"<!-- This site is optimized with the Yoast SEO plugin v26.6 - https:\/\/yoast.com\/wordpress\/plugins\/seo\/ -->\n<title>Politique de confidentialit\u00e9 - Le Nid \u00e0 Bijoux<\/title>\n<meta name=\"description\" content=\"Retrouvez toute la politique de confidentialit\u00e9 de la Boutique.\" \/>\n<meta name=\"robots\" content=\"index, follow, max-snippet:-1, max-image-preview:large, max-video-preview:-1\" \/>\n<link rel=\"canonical\" href=\"https:\/\/lenidabijoux.fr\/index.php\/politique-de-confidentialite\/\" \/>\n<meta property=\"og:locale\" content=\"fr_FR\" \/>\n<meta property=\"og:type\" content=\"article\" \/>\n<meta property=\"og:title\" content=\"Politique de confidentialit\u00e9 - Le Nid \u00e0 Bijoux\" \/>\n<meta property=\"og:description\" content=\"Retrouvez toute la politique de confidentialit\u00e9 de la Boutique.\" \/>\n<meta property=\"og:url\" content=\"https:\/\/lenidabijoux.fr\/index.php\/politique-de-confidentialite\/\" \/>\n<meta property=\"og:site_name\" content=\"Le Nid \u00e0 Bijoux\" \/>\n<meta property=\"article:publisher\" content=\"https:\/\/www.facebook.com\/lenidabijoux\/\" \/>\n<meta property=\"article:modified_time\" content=\"2023-02-13T13:43:43+00:00\" \/>\n<meta name=\"twitter:card\" content=\"summary_large_image\" \/>\n<meta name=\"twitter:label1\" content=\"Dur\u00e9e de lecture estim\u00e9e\" \/>\n\t<meta name=\"twitter:data1\" content=\"9 minutes\" \/>\n<script type=\"application\/ld+json\" class=\"yoast-schema-graph\">{\"@context\":\"https:\/\/schema.org\",\"@graph\":[{\"@type\":\"WebPage\",\"@id\":\"https:\/\/lenidabijoux.fr\/index.php\/politique-de-confidentialite\/\",\"url\":\"https:\/\/lenidabijoux.fr\/index.php\/politique-de-confidentialite\/\",\"name\":\"Politique de confidentialit\u00e9 - Le Nid \u00e0 Bijoux\",\"isPartOf\":{\"@id\":\"https:\/\/lenidabijoux.fr\/#website\"},\"datePublished\":\"2022-07-09T13:52:18+00:00\",\"dateModified\":\"2023-02-13T13:43:43+00:00\",\"description\":\"Retrouvez toute la politique de confidentialit\u00e9 de la Boutique.\",\"breadcrumb\":{\"@id\":\"https:\/\/lenidabijoux.fr\/index.php\/politique-de-confidentialite\/#breadcrumb\"},\"inLanguage\":\"fr-FR\",\"potentialAction\":[{\"@type\":\"ReadAction\",\"target\":[\"https:\/\/lenidabijoux.fr\/index.php\/politique-de-confidentialite\/\"]}]},{\"@type\":\"BreadcrumbList\",\"@id\":\"https:\/\/lenidabijoux.fr\/index.php\/politique-de-confidentialite\/#breadcrumb\",\"itemListElement\":[{\"@type\":\"ListItem\",\"position\":1,\"name\":\"Accueil\",\"item\":\"https:\/\/lenidabijoux.fr\/\"},{\"@type\":\"ListItem\",\"position\":2,\"name\":\"Politique de confidentialit\u00e9\"}]},{\"@type\":\"WebSite\",\"@id\":\"https:\/\/lenidabijoux.fr\/#website\",\"url\":\"https:\/\/lenidabijoux.fr\/\",\"name\":\"Le Nid \u00e0 Bijoux\",\"description\":\"Trouvez le bijou qui vous ressemble !\",\"publisher\":{\"@id\":\"https:\/\/lenidabijoux.fr\/#organization\"},\"potentialAction\":[{\"@type\":\"SearchAction\",\"target\":{\"@type\":\"EntryPoint\",\"urlTemplate\":\"https:\/\/lenidabijoux.fr\/?s={search_term_string}\"},\"query-input\":{\"@type\":\"PropertyValueSpecification\",\"valueRequired\":true,\"valueName\":\"search_term_string\"}}],\"inLanguage\":\"fr-FR\"},{\"@type\":\"Organization\",\"@id\":\"https:\/\/lenidabijoux.fr\/#organization\",\"name\":\"Le Nid \u00e0 Bijoux\",\"url\":\"https:\/\/lenidabijoux.fr\/\",\"logo\":{\"@type\":\"ImageObject\",\"inLanguage\":\"fr-FR\",\"@id\":\"https:\/\/lenidabijoux.fr\/#\/schema\/logo\/image\/\",\"url\":\"https:\/\/lenidabijoux.fr\/wp-content\/uploads\/2022\/07\/logo-1.png\",\"contentUrl\":\"https:\/\/lenidabijoux.fr\/wp-content\/uploads\/2022\/07\/logo-1.png\",\"width\":3508,\"height\":2480,\"caption\":\"Le Nid \u00e0 Bijoux\"},\"image\":{\"@id\":\"https:\/\/lenidabijoux.fr\/#\/schema\/logo\/image\/\"},\"sameAs\":[\"https:\/\/www.facebook.com\/lenidabijoux\/\",\"https:\/\/www.instagram.com\/lenidabijoux\/\",\"https:\/\/www.pinterest.fr\/LeNidABijoux\/\"]}]}<\/script>\n<!-- \/ Yoast SEO plugin. -->","yoast_head_json":{"title":"Politique de confidentialit\u00e9 - Le Nid \u00e0 Bijoux","description":"Retrouvez toute la politique de confidentialit\u00e9 de la Boutique.","robots":{"index":"index","follow":"follow","max-snippet":"max-snippet:-1","max-image-preview":"max-image-preview:large","max-video-preview":"max-video-preview:-1"},"canonical":"https:\/\/lenidabijoux.fr\/index.php\/politique-de-confidentialite\/","og_locale":"fr_FR","og_type":"article","og_title":"Politique de confidentialit\u00e9 - Le Nid \u00e0 Bijoux","og_description":"Retrouvez toute la politique de confidentialit\u00e9 de la Boutique.","og_url":"https:\/\/lenidabijoux.fr\/index.php\/politique-de-confidentialite\/","og_site_name":"Le Nid \u00e0 Bijoux","article_publisher":"https:\/\/www.facebook.com\/lenidabijoux\/","article_modified_time":"2023-02-13T13:43:43+00:00","twitter_card":"summary_large_image","twitter_misc":{"Dur\u00e9e de lecture estim\u00e9e":"9 minutes"},"schema":{"@context":"https:\/\/schema.org","@graph":[{"@type":"WebPage","@id":"https:\/\/lenidabijoux.fr\/index.php\/politique-de-confidentialite\/","url":"https:\/\/lenidabijoux.fr\/index.php\/politique-de-confidentialite\/","name":"Politique de confidentialit\u00e9 - Le Nid \u00e0 Bijoux","isPartOf":{"@id":"https:\/\/lenidabijoux.fr\/#website"},"datePublished":"2022-07-09T13:52:18+00:00","dateModified":"2023-02-13T13:43:43+00:00","description":"Retrouvez toute la politique de confidentialit\u00e9 de la Boutique.","breadcrumb":{"@id":"https:\/\/lenidabijoux.fr\/index.php\/politique-de-confidentialite\/#breadcrumb"},"inLanguage":"fr-FR","potentialAction":[{"@type":"ReadAction","target":["https:\/\/lenidabijoux.fr\/index.php\/politique-de-confidentialite\/"]}]},{"@type":"BreadcrumbList","@id":"https:\/\/lenidabijoux.fr\/index.php\/politique-de-confidentialite\/#breadcrumb","itemListElement":[{"@type":"ListItem","position":1,"name":"Accueil","item":"https:\/\/lenidabijoux.fr\/"},{"@type":"ListItem","position":2,"name":"Politique de confidentialit\u00e9"}]},{"@type":"WebSite","@id":"https:\/\/lenidabijoux.fr\/#website","url":"https:\/\/lenidabijoux.fr\/","name":"Le Nid \u00e0 Bijoux","description":"Trouvez le bijou qui vous ressemble !","publisher":{"@id":"https:\/\/lenidabijoux.fr\/#organization"},"potentialAction":[{"@type":"SearchAction","target":{"@type":"EntryPoint","urlTemplate":"https:\/\/lenidabijoux.fr\/?s={search_term_string}"},"query-input":{"@type":"PropertyValueSpecification","valueRequired":true,"valueName":"search_term_string"}}],"inLanguage":"fr-FR"},{"@type":"Organization","@id":"https:\/\/lenidabijoux.fr\/#organization","name":"Le Nid \u00e0 Bijoux","url":"https:\/\/lenidabijoux.fr\/","logo":{"@type":"ImageObject","inLanguage":"fr-FR","@id":"https:\/\/lenidabijoux.fr\/#\/schema\/logo\/image\/","url":"https:\/\/lenidabijoux.fr\/wp-content\/uploads\/2022\/07\/logo-1.png","contentUrl":"https:\/\/lenidabijoux.fr\/wp-content\/uploads\/2022\/07\/logo-1.png","width":3508,"height":2480,"caption":"Le Nid \u00e0 Bijoux"},"image":{"@id":"https:\/\/lenidabijoux.fr\/#\/schema\/logo\/image\/"},"sameAs":["https:\/\/www.facebook.com\/lenidabijoux\/","https:\/\/www.instagram.com\/lenidabijoux\/","https:\/\/www.pinterest.fr\/LeNidABijoux\/"]}]}},"jetpack_sharing_enabled":true,"_links":{"self":[{"href":"https:\/\/lenidabijoux.fr\/index.php\/wp-json\/wp\/v2\/pages\/3","targetHints":{"allow":["GET"]}}],"collection":[{"href":"https:\/\/lenidabijoux.fr\/index.php\/wp-json\/wp\/v2\/pages"}],"about":[{"href":"https:\/\/lenidabijoux.fr\/index.php\/wp-json\/wp\/v2\/types\/page"}],"author":[{"embeddable":true,"href":"https:\/\/lenidabijoux.fr\/index.php\/wp-json\/wp\/v2\/users\/1"}],"replies":[{"embeddable":true,"href":"https:\/\/lenidabijoux.fr\/index.php\/wp-json\/wp\/v2\/comments?post=3"}],"version-history":[{"count":11,"href":"https:\/\/lenidabijoux.fr\/index.php\/wp-json\/wp\/v2\/pages\/3\/revisions"}],"predecessor-version":[{"id":4676,"href":"https:\/\/lenidabijoux.fr\/index.php\/wp-json\/wp\/v2\/pages\/3\/revisions\/4676"}],"wp:attachment":[{"href":"https:\/\/lenidabijoux.fr\/index.php\/wp-json\/wp\/v2\/media?parent=3"}],"curies":[{"name":"wp","href":"https:\/\/api.w.org\/{rel}","templated":true}]}}